{"id":2784,"date":"2025-04-18T22:34:57","date_gmt":"2025-04-18T22:34:57","guid":{"rendered":"https:\/\/laovarustus.ee\/compact-battery-charging-rooms\/"},"modified":"2026-02-27T13:30:48","modified_gmt":"2026-02-27T13:30:48","slug":"compact-battery-charging-rooms","status":"publish","type":"page","link":"https:\/\/laovarustus.ee\/en\/compact-battery-charging-rooms\/","title":{"rendered":"Compact battery charging rooms"},"content":{"rendered":"\n\n\t<section class=\"section\" id=\"section_674451233\">\n\t\t<div class=\"section-bg fill\" >\n\t\t\t<img loading=\"lazy\" decoding=\"async\" width=\"1532\" height=\"760\" src=\"https:\/\/laovarustus.ee\/wp-content\/uploads\/2025\/04\/download-7-2.png\" class=\"bg attachment- size-\" alt=\"\" \/>\t\t\t\t\t\t\n\t\t\t\n\n\t\t<\/div>\n\n\t\t\n\n\t\t<div class=\"section-content relative\">\n\t\t\t\n\n  <div id=\"page-header-56319273\" class=\"page-header-wrapper\">\n  <div class=\"page-title dark simple-title\">\n\n    \n    <div class=\"page-title-inner container align-center flex-row medium-flex-wrap\" >\n              <div class=\"title-wrapper flex-col text-left medium-text-center\">\n          <h1 class=\"entry-title mb-0\">\n            Compact battery charging rooms          <\/h1>\n        <\/div>\n                    <div class=\"title-content flex-col flex-right text-right medium-text-center\">\n        <div class=\"title-breadcrumbs pb-half pt-half\"><\/div>      <\/div>\n    <\/div>\n\n       <\/div>\n    <\/div>\n  \n\n\n\t\t<\/div>\n\n\t\t\n<style>\n#section_674451233 {\n  padding-top: 30px;\n  padding-bottom: 30px;\n}\n#section_674451233 .section-bg img {\n  object-position: 44% 44%;\n}\n<\/style>\n\t<\/section>\n\t\n\n\t<section class=\"section\" id=\"section_155426755\">\n\t\t<div class=\"section-bg fill\" >\n\t\t\t\t\t\t\t\t\t<div class=\"section-bg-overlay absolute fill\"><\/div>\n\t\t\t\n\n\t\t<\/div>\n\n\t\t\n\n\t\t<div class=\"section-content relative\">\n\t\t\t\n\n<div class=\"row row-collapse align-center\"  id=\"row-1049817085\">\n\n\n\t<div id=\"col-1549279000\" class=\"col small-12 large-12\"  >\n\t\t\t\t<div class=\"col-inner\"  >\n\t\t\t\n\t\t\t\n\n\t<div id=\"text-2452552288\" class=\"text\">\n\t\t\n\n<h3>Optimize your storage space and increase efficiency with compact battery rooms from Laovarustus O\u00dc! <\/h3>\n<p>Our smart solutions not only save warehouse space but also make the charging process trackable, while simultaneously extending battery life. Contact us to discover how our technology can enhance your storage process.<\/p>\n\n\t\t\n<style>\n#text-2452552288 {\n  text-align: center;\n  color: rgb(0,0,0);\n}\n#text-2452552288 > * {\n  color: rgb(0,0,0);\n}\n<\/style>\n\t<\/div>\n\t\n\n\t\t<\/div>\n\t\t\t\t\t<\/div>\n\n\t\n\n\t<div id=\"col-1932354348\" class=\"col small-12 large-12\"  >\n\t\t\t\t<div class=\"col-inner text-left\"  >\n\t\t\t\n\t\t\t\n\n\t<div id=\"text-596288461\" class=\"text\">\n\t\t\n\n<p>During the design of a modern warehouse, the question inevitably arises \u2014 where and how will the lift truck\/stacker batteries be charged and replaced This question becomes especially important when the warehouse operates in two shifts or around the clock, and the number of lift trucks exceeds just a couple or three units. It is likely decided to build a dedicated battery room.<br>Typically, this is a separate room with roller conveyors, chargers mounted on the walls, and shelves equipped with containers of distilled water. The room\u2019s area and height must be large enough to allow lift equipment to enter.<br>Considering that, for example, the battery of a reach truck weighs around 900\u20131000\u202fkg, pushing it onto the roller track and then sliding the charged battery back in requires a lot of effort and, more importantly, time. Often, these battery rooms lack cleanliness and organization, and the roller conveyors are frequently damaged by lift trucks. Samuti destilleeritud vee kohaletoimetamine ja kulude kontroll v\u00f5ivad muuta peavaluks, kui tsentraliseeritud veevarustus pole korraldatud.<br>Mida suurem on ladu ja selle t\u00f6\u00f6tava tehnika arv, seda kiiremini ilmuvad probleemid akude pargi korrashoiu kontrollimisega.<br>Meie pakume lahenduse, mis s\u00e4\u00e4stab lao kasulikku ruumi ja teie raha. All production is carried out entirely in Estonia.<br>Laovarustus O\u00dc battery room \u2014 brief description and operating principle:<br>The room width is 4300\u202fmm, the length depends on the number of batteries, and the minimum height is 2200\u202fmm. Sections of roller tracks are installed along the walls, where the batteries are charged. The chargers are mounted on the top level of the sections. Each battery is equipped with a water pipe that supplies water from a common container. In the center of the room, on the floor between the sections, metal strips are installed, 6\u202fmm high and 40\u202fmm wide. These are rails for carts equipped with roller tracks. The rails continue outside the battery room for approximately 2500\u202fmm. The cart\u2019s rollers are equipped with a drive mechanism; an electric motor rotates them both clockwise and counterclockwise. The height of the cart\u2019s roller track can be adjusted using hydraulics. This feature is designed to allow operation with different types of warehouse lift forks. The rollers and hydraulic system are controlled by buttons or a joystick.<br>The warehouse worker brings the lift truck with an empty battery toward the battery room and parks it parallel to the rails. For simplicity, a line or special protective barriers could be marked on the floor. When the battery is ready for removal, the worker brings the cart to the lift truck and pushes the battery out (about one-third of its length) onto the cart\u2019s roller track. Then the roller track can be activated, and the cart itself takes the battery onto it. The worker pushes the cart with the battery into the room, parks it at the corresponding section, activates the cart\u2019s roller track in the opposite direction, and the battery automatically moves to the charging station and waits to be connected. The installation of a charged battery onto the lift truck is carried out in the same way.<\/p>\n<p>Advantages of our solution:<br>The lift truck does not need to enter the battery room. Thus, the room\u2019s height and area can be significantly smaller, increasing the usable warehouse space.<br>All batteries are centralized in one location. Inspection and maintenance are simplified.<br>Ventilation costs for the battery room are significantly reduced.<br>Costs associated with equipment damage are almost eliminated.<br>Battery replacement is easier and faster because the cart is equipped with rollers and a motor.<br>All chargers are centralized inside the battery room, preventing situations where a warehouse worker might decide to \u201cquick-charge\u201d during a coffee break or lunch. Such actions significantly reduce the lifespan of the batteries. The battery room allows charging to be standardized and extends the batteries\u2019 lifespan.<br>A shared distilled water supply system is also an advantage of the battery room.<br>There is no need to purchase separate roller tracks with lift trucks! Overall, it can be said that their total cost is roughly the same as the cost of building the battery room.<\/p>\n\n\t\t\n<style>\n#text-596288461 {\n  color: rgb(0,0,0);\n}\n#text-596288461 > * {\n  color: rgb(0,0,0);\n}\n<\/style>\n\t<\/div>\n\t\n\n\t\t<\/div>\n\t\t\t\t\n<style>\n#col-1932354348 > .col-inner {\n  padding: 50px 0px 50px 0px;\n}\n<\/style>\n\t<\/div>\n\n\t\n\n\t<div id=\"col-1711080638\" class=\"col large-12\"  >\n\t\t\t\t<div class=\"col-inner\"  >\n\t\t\t\n\t\t\t\n\n  <style>\n    #gallery-412723128 .grid-col-1{height: 400px}\n    #gallery-412723128 .grid-col-1-2{height: 200px}\n    #gallery-412723128 .grid-col-1-3{height:133.33333333333px}\n    #gallery-412723128 .grid-col-2-3{height: 266.66666666667px}\n    #gallery-412723128 .grid-col-1-4{height: 100px}\n    #gallery-412723128 .grid-col-3-4{height: 300px}\n\n\n        \/* Tablet *\/\n    @media (max-width: 850px){\n      #gallery-412723128 .grid-col-1{height: 266.66666666667px}\n      #gallery-412723128 .grid-col-1-2{height: 133.33333333333px}\n      #gallery-412723128 .grid-col-1-3{height:88.888888888889px}\n      #gallery-412723128 .grid-col-2-3{height: 177.77777777778px}\n      #gallery-412723128 .grid-col-1-4{height: 66.666666666667px}\n      #gallery-412723128 .grid-col-3-4{height: 200px}\n    }\n    \n        \/* Mobile *\/\n    @media (max-width: 550px){\n      #gallery-412723128 .grid-col-1{height: 266.66666666667px}\n      #gallery-412723128 .grid-col-1-2{height: 133.33333333333px}\n      #gallery-412723128 .grid-col-1-3{height:88.888888888889px}\n      #gallery-412723128 .grid-col-2-3{height: 177.77777777778px}\n      #gallery-412723128 .grid-col-1-4{height: 66.666666666667px}\n      #gallery-412723128 .grid-col-3-4{height: 200px}\n    }\n    \n\n  <\/style>\n  \n  \n    <div id=\"gallery-412723128\" class=\"row row-grid\" data-packery-options='{\"itemSelector\": \".col\", \"gutter\": 0, \"presentageWidth\" : true}'>\n\n  <div class=\"gallery-col col grid-col grid-col-1 large-9 medium-12\" >\n          <div class=\"col-inner\">\n            <a class=\"image-lightbox lightbox-gallery\" href=\"https:\/\/laovarustus.ee\/wp-content\/uploads\/2025\/04\/download-1.jpg\" title=\"\">            <div class=\"box has-hover gallery-box box-overlay dark box-text-center\">\n              <div class=\"box-image\" >\n                <img loading=\"lazy\" decoding=\"async\" width=\"680\" height=\"384\" src=\"https:\/\/laovarustus.ee\/wp-content\/uploads\/2025\/04\/download-1.jpg\" class=\"attachment-large size-large\" alt=\"\" ids=\"2786,2787,2788,2789,2790,2791,2792\" type=\"grid\" grid=\"6\" grid_height=\"400px\" \/>                                  <div class=\"overlay fill\"\n                      style=\"background-color: rgba(0,0,0,.15)\">\n                  <\/div>\n                                                              <\/div>\n              <div class=\"box-text text-left dark\" >\n                 <p><\/p>\n              <\/div>\n            <\/div>\n            <\/a>          <\/div>\n         <\/div><div class=\"gallery-col col grid-col grid-col-1-2 large-3 medium-6\" >\n          <div class=\"col-inner\">\n            <a class=\"image-lightbox lightbox-gallery\" href=\"https:\/\/laovarustus.ee\/wp-content\/uploads\/2025\/04\/download-1-8.png\" title=\"\">            <div class=\"box has-hover gallery-box box-overlay dark box-text-center\">\n              <div class=\"box-image\" >\n                <img loading=\"lazy\" decoding=\"async\" width=\"618\" height=\"699\" src=\"https:\/\/laovarustus.ee\/wp-content\/uploads\/2025\/04\/download-1-8.png\" class=\"attachment-large size-large\" alt=\"\" ids=\"2786,2787,2788,2789,2790,2791,2792\" type=\"grid\" grid=\"6\" grid_height=\"400px\" srcset=\"https:\/\/laovarustus.ee\/wp-content\/uploads\/2025\/04\/download-1-8.png 618w, https:\/\/laovarustus.ee\/wp-content\/uploads\/2025\/04\/download-1-8-354x400.png 354w\" sizes=\"auto, (max-width: 618px) 100vw, 618px\" \/>                                  <div class=\"overlay fill\"\n                      style=\"background-color: rgba(0,0,0,.15)\">\n                  <\/div>\n                                                              <\/div>\n              <div class=\"box-text text-left dark\" >\n                 <p><\/p>\n              <\/div>\n            <\/div>\n            <\/a>          <\/div>\n         <\/div><div class=\"gallery-col col grid-col grid-col-1-2 large-3 medium-6\" >\n          <div class=\"col-inner\">\n            <a class=\"image-lightbox lightbox-gallery\" href=\"https:\/\/laovarustus.ee\/wp-content\/uploads\/2025\/04\/download-2.jpg\" title=\"\">            <div class=\"box has-hover gallery-box box-overlay dark box-text-center\">\n              <div class=\"box-image\" >\n                <img loading=\"lazy\" decoding=\"async\" width=\"686\" height=\"388\" src=\"https:\/\/laovarustus.ee\/wp-content\/uploads\/2025\/04\/download-2.jpg\" class=\"attachment-large size-large\" alt=\"\" ids=\"2786,2787,2788,2789,2790,2791,2792\" type=\"grid\" grid=\"6\" grid_height=\"400px\" \/>                                  <div class=\"overlay fill\"\n                      style=\"background-color: rgba(0,0,0,.15)\">\n                  <\/div>\n                                                              <\/div>\n              <div class=\"box-text text-left dark\" >\n                 <p><\/p>\n              <\/div>\n            <\/div>\n            <\/a>          <\/div>\n         <\/div><div class=\"gallery-col col grid-col grid-col-1-2 large-3 medium-6\" >\n          <div class=\"col-inner\">\n            <a class=\"image-lightbox lightbox-gallery\" href=\"https:\/\/laovarustus.ee\/wp-content\/uploads\/2025\/04\/download-2-7.png\" title=\"\">            <div class=\"box has-hover gallery-box box-overlay dark box-text-center\">\n              <div class=\"box-image\" >\n                <img loading=\"lazy\" decoding=\"async\" width=\"515\" height=\"686\" src=\"https:\/\/laovarustus.ee\/wp-content\/uploads\/2025\/04\/download-2-7.png\" class=\"attachment-large size-large\" alt=\"\" ids=\"2786,2787,2788,2789,2790,2791,2792\" type=\"grid\" grid=\"6\" grid_height=\"400px\" srcset=\"https:\/\/laovarustus.ee\/wp-content\/uploads\/2025\/04\/download-2-7.png 515w, https:\/\/laovarustus.ee\/wp-content\/uploads\/2025\/04\/download-2-7-300x400.png 300w\" sizes=\"auto, (max-width: 515px) 100vw, 515px\" \/>                                  <div class=\"overlay fill\"\n                      style=\"background-color: rgba(0,0,0,.15)\">\n                  <\/div>\n                                                              <\/div>\n              <div class=\"box-text text-left dark\" >\n                 <p><\/p>\n              <\/div>\n            <\/div>\n            <\/a>          <\/div>\n         <\/div><div class=\"gallery-col col grid-col grid-col-1-2 large-3 medium-6\" >\n          <div class=\"col-inner\">\n            <a class=\"image-lightbox lightbox-gallery\" href=\"https:\/\/laovarustus.ee\/wp-content\/uploads\/2025\/04\/download-7-3-1400x695.png\" title=\"\">            <div class=\"box has-hover gallery-box box-overlay dark box-text-center\">\n              <div class=\"box-image\" >\n                <img loading=\"lazy\" decoding=\"async\" width=\"1020\" height=\"506\" src=\"https:\/\/laovarustus.ee\/wp-content\/uploads\/2025\/04\/download-7-3-1400x695.png\" class=\"attachment-large size-large\" alt=\"\" ids=\"2786,2787,2788,2789,2790,2791,2792\" type=\"grid\" grid=\"6\" grid_height=\"400px\" srcset=\"https:\/\/laovarustus.ee\/wp-content\/uploads\/2025\/04\/download-7-3-1400x695.png 1400w, https:\/\/laovarustus.ee\/wp-content\/uploads\/2025\/04\/download-7-3-800x397.png 800w, https:\/\/laovarustus.ee\/wp-content\/uploads\/2025\/04\/download-7-3-768x381.png 768w, https:\/\/laovarustus.ee\/wp-content\/uploads\/2025\/04\/download-7-3.png 1532w\" sizes=\"auto, (max-width: 1020px) 100vw, 1020px\" \/>                                  <div class=\"overlay fill\"\n                      style=\"background-color: rgba(0,0,0,.15)\">\n                  <\/div>\n                                                              <\/div>\n              <div class=\"box-text text-left dark\" >\n                 <p><\/p>\n              <\/div>\n            <\/div>\n            <\/a>          <\/div>\n         <\/div><div class=\"gallery-col col grid-col grid-col-1-2 large-3 medium-6\" >\n          <div class=\"col-inner\">\n            <a class=\"image-lightbox lightbox-gallery\" href=\"https:\/\/laovarustus.ee\/wp-content\/uploads\/2025\/04\/download-3.jpg\" title=\"\">            <div class=\"box has-hover gallery-box box-overlay dark box-text-center\">\n              <div class=\"box-image\" >\n                <img loading=\"lazy\" decoding=\"async\" width=\"673\" height=\"356\" src=\"https:\/\/laovarustus.ee\/wp-content\/uploads\/2025\/04\/download-3.jpg\" class=\"attachment-large size-large\" alt=\"\" ids=\"2786,2787,2788,2789,2790,2791,2792\" type=\"grid\" grid=\"6\" grid_height=\"400px\" \/>                                  <div class=\"overlay fill\"\n                      style=\"background-color: rgba(0,0,0,.15)\">\n                  <\/div>\n                                                              <\/div>\n              <div class=\"box-text text-left dark\" >\n                 <p><\/p>\n              <\/div>\n            <\/div>\n            <\/a>          <\/div>\n         <\/div><div class=\"gallery-col col grid-col grid-col-1-2 large-3 medium-6\" >\n          <div class=\"col-inner\">\n            <a class=\"image-lightbox lightbox-gallery\" href=\"https:\/\/laovarustus.ee\/wp-content\/uploads\/2025\/04\/download-19.png\" title=\"\">            <div class=\"box has-hover gallery-box box-overlay dark box-text-center\">\n              <div class=\"box-image\" >\n                <img loading=\"lazy\" decoding=\"async\" width=\"514\" height=\"773\" src=\"https:\/\/laovarustus.ee\/wp-content\/uploads\/2025\/04\/download-19.png\" class=\"attachment-large size-large\" alt=\"\" ids=\"2786,2787,2788,2789,2790,2791,2792\" type=\"grid\" grid=\"6\" grid_height=\"400px\" srcset=\"https:\/\/laovarustus.ee\/wp-content\/uploads\/2025\/04\/download-19.png 514w, https:\/\/laovarustus.ee\/wp-content\/uploads\/2025\/04\/download-19-266x400.png 266w\" sizes=\"auto, (max-width: 514px) 100vw, 514px\" \/>                                  <div class=\"overlay fill\"\n                      style=\"background-color: rgba(0,0,0,.15)\">\n                  <\/div>\n                                                              <\/div>\n              <div class=\"box-text text-left dark\" >\n                 <p><\/p>\n              <\/div>\n            <\/div>\n            <\/a>          <\/div>\n         <\/div><\/div>\n\n\n\t\t<\/div>\n\t\t\t\t\t<\/div>\n\n\t\n\n<\/div>\n\n\t\t<\/div>\n\n\t\t\n<style>\n#section_155426755 {\n  padding-top: 35px;\n  padding-bottom: 35px;\n  background-color: rgb(208, 208, 208);\n}\n#section_155426755 .section-bg-overlay {\n  background-color: rgba(255, 255, 255, 0.85);\n}\n<\/style>\n\t<\/section>\n\t\n\n\t<section class=\"section\" id=\"section_201776023\">\n\t\t<div class=\"section-bg fill\" >\n\t\t\t\t\t\t\t\t\t\n\t\t\t\n\n\t\t<\/div>\n\n\t\t\n\n\t\t<div class=\"section-content relative\">\n\t\t\t\n\n<div class=\"row\"  id=\"row-878123913\">\n\n\n\t<div id=\"col-2035419399\" class=\"col small-12 large-12\"  >\n\t\t\t\t<div class=\"col-inner\"  >\n\t\t\t\n\t\t\t\n\n<div class=\"container section-title-container\" ><h3 class=\"section-title section-title-center\"><b aria-hidden=\"true\"><\/b><span class=\"section-title-main\" >Contact us!<\/span><b aria-hidden=\"true\"><\/b><\/h3><\/div>\n\n\n<div class=\"wpcf7 no-js\" id=\"wpcf7-f2832-o1\" lang=\"en-US\" dir=\"ltr\" data-wpcf7-id=\"2832\">\n<div class=\"screen-reader-response\"><p role=\"status\" aria-live=\"polite\" aria-atomic=\"true\"><\/p> <ul><\/ul><\/div>\n<form action=\"\/en\/wp-json\/wp\/v2\/pages\/2784#wpcf7-f2832-o1\" method=\"post\" class=\"wpcf7-form init\" aria-label=\"Contact form\" novalidate=\"novalidate\" data-status=\"init\">\n<fieldset class=\"hidden-fields-container\"><input type=\"hidden\" name=\"_wpcf7\" value=\"2832\" \/><input type=\"hidden\" name=\"_wpcf7_version\" value=\"6.1.5\" \/><input type=\"hidden\" name=\"_wpcf7_locale\" value=\"en_US\" \/><input type=\"hidden\" name=\"_wpcf7_unit_tag\" value=\"wpcf7-f2832-o1\" \/><input type=\"hidden\" name=\"_wpcf7_container_post\" value=\"0\" \/><input type=\"hidden\" name=\"_wpcf7_posted_data_hash\" value=\"\" \/>\n<\/fieldset>\n<p><label> Name<br \/>\n<span class=\"wpcf7-form-control-wrap\" data-name=\"your-name\"><input size=\"40\" maxlength=\"400\" class=\"wpcf7-form-control wpcf7-text wpcf7-validates-as-required\" autocomplete=\"name\" aria-required=\"true\" aria-invalid=\"false\" value=\"\" type=\"text\" name=\"your-name\" \/><\/span> <\/label>\n<\/p>\n<p><label> Email<br \/>\n<span class=\"wpcf7-form-control-wrap\" data-name=\"your-email\"><input size=\"40\" maxlength=\"400\" class=\"wpcf7-form-control wpcf7-email wpcf7-validates-as-required wpcf7-text wpcf7-validates-as-email\" autocomplete=\"email\" aria-required=\"true\" aria-invalid=\"false\" value=\"\" type=\"email\" name=\"your-email\" \/><\/span> <\/label>\n<\/p>\n<p><label> Email Subject<br \/>\n<span class=\"wpcf7-form-control-wrap\" data-name=\"your-subject\"><input size=\"40\" maxlength=\"400\" class=\"wpcf7-form-control wpcf7-text wpcf7-validates-as-required\" aria-required=\"true\" aria-invalid=\"false\" value=\"\" type=\"text\" name=\"your-subject\" \/><\/span> <\/label>\n<\/p>\n<p><label> Sinu s\u00f5num<br \/>\n<span class=\"wpcf7-form-control-wrap\" data-name=\"your-message\"><textarea cols=\"40\" rows=\"10\" maxlength=\"2000\" class=\"wpcf7-form-control wpcf7-textarea\" aria-invalid=\"false\" name=\"your-message\"><\/textarea><\/span> <\/label>\n<\/p>\n<p><input class=\"wpcf7-form-control wpcf7-submit has-spinner\" type=\"submit\" value=\"Send\" \/>\n<\/p><div class=\"wpcf7-response-output\" aria-hidden=\"true\"><\/div>\n<\/form>\n<\/div>\n\n\n\n\t\t<\/div>\n\t\t\t\t\t<\/div>\n\n\t\n\n<\/div>\n\n\t\t<\/div>\n\n\t\t\n<style>\n#section_201776023 {\n  padding-top: 30px;\n  padding-bottom: 30px;\n}\n<\/style>\n\t<\/section>\n\t\n\n","protected":false},"excerpt":{"rendered":"","protected":false},"author":1,"featured_media":0,"parent":0,"menu_order":0,"comment_status":"closed","ping_status":"closed","template":"","meta":{"om_disable_all_campaigns":false,"_monsterinsights_skip_tracking":false,"_monsterinsights_sitenote_active":false,"_monsterinsights_sitenote_note":"","_monsterinsights_sitenote_category":0,"footnotes":""},"class_list":["post-2784","page","type-page","status-publish","hentry"],"aioseo_notices":[],"_links":{"self":[{"href":"https:\/\/laovarustus.ee\/en\/wp-json\/wp\/v2\/pages\/2784","targetHints":{"allow":["GET"]}}],"collection":[{"href":"https:\/\/laovarustus.ee\/en\/wp-json\/wp\/v2\/pages"}],"about":[{"href":"https:\/\/laovarustus.ee\/en\/wp-json\/wp\/v2\/types\/page"}],"author":[{"embeddable":true,"href":"https:\/\/laovarustus.ee\/en\/wp-json\/wp\/v2\/users\/1"}],"replies":[{"embeddable":true,"href":"https:\/\/laovarustus.ee\/en\/wp-json\/wp\/v2\/comments?post=2784"}],"version-history":[{"count":2,"href":"https:\/\/laovarustus.ee\/en\/wp-json\/wp\/v2\/pages\/2784\/revisions"}],"predecessor-version":[{"id":2794,"href":"https:\/\/laovarustus.ee\/en\/wp-json\/wp\/v2\/pages\/2784\/revisions\/2794"}],"wp:attachment":[{"href":"https:\/\/laovarustus.ee\/en\/wp-json\/wp\/v2\/media?parent=2784"}],"curies":[{"name":"wp","href":"https:\/\/api.w.org\/{rel}","templated":true}]}}