{"id":1344,"date":"2025-12-08T13:02:05","date_gmt":"2025-12-08T13:02:05","guid":{"rendered":"https:\/\/laovarustus.ee\/asennus\/"},"modified":"2026-02-23T09:19:32","modified_gmt":"2026-02-23T09:19:32","slug":"asennus","status":"publish","type":"page","link":"https:\/\/laovarustus.ee\/fi\/pvc-verhot\/asennus\/","title":{"rendered":"ASENNUS"},"content":{"rendered":"\n\n\t<section class=\"section\" id=\"section_1461926991\">\n\t\t<div class=\"section-bg fill\" >\n\t\t\t<img loading=\"lazy\" decoding=\"async\" width=\"1949\" height=\"498\" src=\"https:\/\/laovarustus.ee\/wp-content\/uploads\/2025\/12\/cropped-uni_pvc_strip_curtain_project_two2-1.jpg\" class=\"bg attachment- size-\" alt=\"\" \/>\t\t\t\t\t\t\n\t\t\t\n\n\t\t<\/div>\n\n\t\t\n\n\t\t<div class=\"section-content relative\">\n\t\t\t\n\n  <div id=\"page-header-1193686628\" class=\"page-header-wrapper\">\n  <div class=\"page-title dark simple-title\">\n\n    \n    <div class=\"page-title-inner container align-center flex-row medium-flex-wrap\" >\n              <div class=\"title-wrapper uppercase flex-col text-left medium-text-center\">\n          <h1 class=\"entry-title mb-0\">\n            ASENNUS          <\/h1>\n        <\/div>\n                    <div class=\"title-content flex-col flex-right text-right medium-text-center\">\n        <div class=\"title-breadcrumbs pb-half pt-half\"><\/div>      <\/div>\n    <\/div>\n\n       <\/div>\n    <\/div>\n  \n\n\n\t\t<\/div>\n\n\t\t\n<style>\n#section_1461926991 {\n  padding-top: 30px;\n  padding-bottom: 30px;\n}\n<\/style>\n\t<\/section>\n\t\n\n\t<section class=\"section\" id=\"section_930479892\">\n\t\t<div class=\"section-bg fill\" >\n\t\t\t\t\t\t\t\t\t\n\t\t\t\n\n\t\t<\/div>\n\n\t\t\n\n\t\t<div class=\"section-content relative\">\n\t\t\t\n\n<div class=\"row\"  id=\"row-1116116449\">\n\n\n\t<div id=\"col-1408266778\" class=\"col small-12 large-12\"  >\n\t\t\t\t<div class=\"col-inner\"  >\n\t\t\t\n\t\t\t\n\n\t<div id=\"text-2496701986\" class=\"text\">\n\t\t\n\n<h2 class=\"uppercase\">PVC-verhojen asennus<\/h2>\n<p>Vaikka PVC-verhot on ominaisuuksiensa puolesta eritt\u00e4in helppo asentaa, tarjoamme haluttaessa my\u00f6s<br>ammattimaista asennuspalvelua. Kokeneet asiantuntijamme tekev\u00e4t ty\u00f6n nopeasti ja asianmukaisesti.<\/p>\n<p>Kaikissa verhoissamme k\u00e4yt\u00e4mme ainoastaan korkealaatuisia ruostumattomasta ter\u00e4ksest\u00e4 valmistettuja<br>liitososia. T\u00e4m\u00e4 takaa eritt\u00e4in pitk\u00e4ik\u00e4isen ja kest\u00e4v\u00e4n ratkaisun.<\/p>\n<p>Liitososat sijaitsevat kampaprofiilissa, mik\u00e4 mahdollistaa verhojen helpon poistamisen tarvittaessa \u2014<br>esimerkiksi kes\u00e4kaudella. My\u00f6s yksitt\u00e4iset suikaleet on mahdollista vaihtaa tarvittaessa uusiin.<\/p>\n<p>Asennus onnistuu yleens\u00e4 kaikkiin aukkoihin, mutta on huomioitava, ett\u00e4 laadukas tuote<br>edellytt\u00e4\u00e4 riitt\u00e4v\u00e4n vahvistettua aukon yl\u00e4osaa, jonka on kannateltava tietty\u00e4 painoa.<\/p>\n<p>Jos ette ole varma, soveltuuko aukkonne PVC-verhojen asennukseen, kysyk\u00e4\u00e4 rohkeasti neuvoa asiantuntijoiltamme.<br>Toisinaan lis\u00e4vahvistus on tarpeen, mutta toimiva ratkaisu l\u00f6ytyy aina.<br>Muovisuikaleverhomme soveltuvat niin betoni-, puu-, metalli- kuin sandwich-paneelioviaukkoihin.<br>Jokaiseen aukkoon l\u00f6ytyv\u00e4t sopivat kiinnitystarvikkeet.<\/p>\n<p>Asennuksen suunnittelussa auttavat my\u00f6s seuraavat tiedot: <a style=\"color: #0066ff; font-weight: 600;\" href=\"https:\/\/laovarustus.ee\/wp-content\/uploads\/2025\/12\/Kardinariba-riputussusteem.pdf\" target=\"_blank\" rel=\"noopener\">Verhosuikaleiden ripustusj\u00e4rjestelm\u00e4<br><\/a><br>\u2013 josta n\u00e4ette eri limitysprosentit ja tarpeen k\u00e4\u00e4nt\u00e4\u00e4 niitatut sile\u00e4mm\u00e4t puolet vastakkain.<\/p>\n\t\t\n<style>\n#text-2496701986 {\n  color: rgb(0,0,0);\n}\n#text-2496701986 > * {\n  color: rgb(0,0,0);\n}\n<\/style>\n\t<\/div>\n\t\n\n\t\t<\/div>\n\t\t\t\t\t<\/div>\n\n\t\n\n<\/div>\n<div class=\"row\"  id=\"row-797848688\">\n\n\n\t<div id=\"col-1914867082\" class=\"col medium-6 small-6 large-6\"  >\n\t\t\t\t<div class=\"col-inner\"  >\n\t\t\t\n\t\t\t\n\n\t<div class=\"img has-hover x md-x lg-x y md-y lg-y\" id=\"image_1663203924\">\n\t\t\t\t\t\t\t\t<div class=\"img-inner image-cover dark\" style=\"padding-top:75%;\">\n\t\t\t<img loading=\"lazy\" decoding=\"async\" width=\"300\" height=\"225\" src=\"https:\/\/laovarustus.ee\/wp-content\/uploads\/2025\/12\/paigaldamine-300x225-1.jpg\" class=\"attachment-2048x2048 size-2048x2048\" alt=\"\" \/>\t\t\t\t\t\t\n\t\t\t\t\t<\/div>\n\t\t\t\t\t\t\t\t\n<style>\n#image_1663203924 {\n  width: 100%;\n}\n<\/style>\n\t<\/div>\n\t\n\n\n\t\t<\/div>\n\t\t\t\t\t<\/div>\n\n\t\n\n\t<div id=\"col-642883476\" class=\"col medium-6 small-6 large-6\"  >\n\t\t\t\t<div class=\"col-inner\"  >\n\t\t\t\n\t\t\t\n\n\t<div class=\"img has-hover x md-x lg-x y md-y lg-y\" id=\"image_2048471916\">\n\t\t\t\t\t\t\t\t<div class=\"img-inner image-cover dark\" style=\"padding-top:75%;\">\n\t\t\t<img loading=\"lazy\" decoding=\"async\" width=\"300\" height=\"224\" src=\"https:\/\/laovarustus.ee\/wp-content\/uploads\/2025\/12\/kinniti-1-300x224-1.jpg\" class=\"attachment-2048x2048 size-2048x2048\" alt=\"\" \/>\t\t\t\t\t\t\n\t\t\t\t\t<\/div>\n\t\t\t\t\t\t\t\t\n<style>\n#image_2048471916 {\n  width: 100%;\n}\n<\/style>\n\t<\/div>\n\t\n\n\n\t\t<\/div>\n\t\t\t\t\t<\/div>\n\n\t\n\n<\/div>\n\n\t\t<\/div>\n\n\t\t\n<style>\n#section_930479892 {\n  padding-top: 30px;\n  padding-bottom: 30px;\n}\n<\/style>\n\t<\/section>\n\t\n\n","protected":false},"excerpt":{"rendered":"","protected":false},"author":1,"featured_media":0,"parent":1498,"menu_order":0,"comment_status":"closed","ping_status":"closed","template":"","meta":{"om_disable_all_campaigns":false,"_monsterinsights_skip_tracking":false,"_monsterinsights_sitenote_active":false,"_monsterinsights_sitenote_note":"","_monsterinsights_sitenote_category":0,"footnotes":""},"class_list":["post-1344","page","type-page","status-publish","hentry"],"aioseo_notices":[],"_links":{"self":[{"href":"https:\/\/laovarustus.ee\/fi\/wp-json\/wp\/v2\/pages\/1344","targetHints":{"allow":["GET"]}}],"collection":[{"href":"https:\/\/laovarustus.ee\/fi\/wp-json\/wp\/v2\/pages"}],"about":[{"href":"https:\/\/laovarustus.ee\/fi\/wp-json\/wp\/v2\/types\/page"}],"author":[{"embeddable":true,"href":"https:\/\/laovarustus.ee\/fi\/wp-json\/wp\/v2\/users\/1"}],"replies":[{"embeddable":true,"href":"https:\/\/laovarustus.ee\/fi\/wp-json\/wp\/v2\/comments?post=1344"}],"version-history":[{"count":5,"href":"https:\/\/laovarustus.ee\/fi\/wp-json\/wp\/v2\/pages\/1344\/revisions"}],"predecessor-version":[{"id":1352,"href":"https:\/\/laovarustus.ee\/fi\/wp-json\/wp\/v2\/pages\/1344\/revisions\/1352"}],"up":[{"embeddable":true,"href":"https:\/\/laovarustus.ee\/fi\/wp-json\/wp\/v2\/pages\/1498"}],"wp:attachment":[{"href":"https:\/\/laovarustus.ee\/fi\/wp-json\/wp\/v2\/media?parent=1344"}],"curies":[{"name":"wp","href":"https:\/\/api.w.org\/{rel}","templated":true}]}}