{"id":1404,"date":"2025-12-08T11:09:12","date_gmt":"2025-12-08T11:09:12","guid":{"rendered":"https:\/\/laovarustus.ee\/hitsaus\/"},"modified":"2026-02-23T09:19:32","modified_gmt":"2026-02-23T09:19:32","slug":"hitsaus","status":"publish","type":"page","link":"https:\/\/laovarustus.ee\/fi\/pvc-verhot\/hitsaus\/","title":{"rendered":"HITSAUS"},"content":{"rendered":"\n\n\t<section class=\"section\" id=\"section_824819826\">\n\t\t<div class=\"section-bg fill\" >\n\t\t\t<img loading=\"lazy\" decoding=\"async\" width=\"1949\" height=\"498\" src=\"https:\/\/laovarustus.ee\/wp-content\/uploads\/2025\/12\/cropped-uni_pvc_strip_curtain_project_two2-1.jpg\" class=\"bg attachment- size-\" alt=\"\" \/>\t\t\t\t\t\t\n\t\t\t\n\n\t\t<\/div>\n\n\t\t\n\n\t\t<div class=\"section-content relative\">\n\t\t\t\n\n  <div id=\"page-header-1240217259\" class=\"page-header-wrapper\">\n  <div class=\"page-title dark simple-title\">\n\n    \n    <div class=\"page-title-inner container align-center flex-row medium-flex-wrap\" >\n              <div class=\"title-wrapper uppercase flex-col text-left medium-text-center\">\n          <h1 class=\"entry-title mb-0\">\n            HITSAUS          <\/h1>\n        <\/div>\n                    <div class=\"title-content flex-col flex-right text-right medium-text-center\">\n        <div class=\"title-breadcrumbs pb-half pt-half\"><\/div>      <\/div>\n    <\/div>\n\n       <\/div>\n    <\/div>\n  \n\n\n\t\t<\/div>\n\n\t\t\n<style>\n#section_824819826 {\n  padding-top: 30px;\n  padding-bottom: 30px;\n}\n<\/style>\n\t<\/section>\n\t\n\n\t<section class=\"section\" id=\"section_2012873265\">\n\t\t<div class=\"section-bg fill\" >\n\t\t\t\t\t\t\t\t\t\n\t\t\t\n\n\t\t<\/div>\n\n\t\t\n\n\t\t<div class=\"section-content relative\">\n\t\t\t\n\n<div class=\"row\"  id=\"row-1871498961\">\n\n\n\t<div id=\"col-1168725050\" class=\"col small-12 large-12\"  >\n\t\t\t\t<div class=\"col-inner\"  >\n\t\t\t\n\t\t\t\n\n\t<div id=\"text-4284386077\" class=\"text\">\n\t\t\n\n<h2 class=\"uppercase\">Hitsausverho<\/h2>\n<p><strong>Tuotteen lyhyt kuvaus:<\/strong><\/p>\n<p>\n PVC-hitsausverho on suunniteltu ensisijaisesti hitsausvalon pys\u00e4ytt\u00e4miseen. Sen tarkoituksena on suojata<br> ty\u00f6tovereita hitsauksesta aiheutuvalta haitalliselta s\u00e4teilylt\u00e4. Materiaalin v\u00e4rin ansiosta<br> verhoa voidaan k\u00e4ytt\u00e4\u00e4 my\u00f6s muihin tarkoituksiin. Saatavilla on pronssin, vihre\u00e4n ja punaisen s\u00e4vyist\u00e4 materiaalia.\n<\/p>\n<p><strong>Tuotteen ominaisuudet:<\/strong><\/p>\n<ul>\n<li>Sopiva l\u00e4mp\u00f6tila-alue +38 \u00b0C \u2013 \u201315 \u00b0C<\/li>\n<li>Suoja hitsauss\u00e4teilylt\u00e4<\/li>\n<li>Kulutusta kest\u00e4v\u00e4 materiaali<\/li>\n<li>Saatavana pronssin, vihre\u00e4n ja punaisen s\u00e4vyisen\u00e4<\/li>\n<li>Yhteensopiva kaikkien kiinnitystarvikkeiden kanssa<\/li>\n<\/ul>\n<p><strong>Saatavilla olevat suikaleleveydet<\/strong> (leveys voi riippua v\u00e4rist\u00e4):<\/p>\n<ul>\n<li>200 mm<\/li>\n<li>300 mm<\/li>\n<\/ul>\n\n\t\t\n<style>\n#text-4284386077 {\n  color: rgb(0,0,0);\n}\n#text-4284386077 > * {\n  color: rgb(0,0,0);\n}\n<\/style>\n\t<\/div>\n\t\n\n\t\t<\/div>\n\t\t\t\t\t<\/div>\n\n\t\n\n<\/div>\n<div class=\"row\"  id=\"row-845924011\">\n\n\n\t<div id=\"col-1440579710\" class=\"col small-12 large-12\"  >\n\t\t\t\t<div class=\"col-inner\"  >\n\t\t\t\n\t\t\t\n\n\t<div class=\"img has-hover x md-x lg-x y md-y lg-y\" id=\"image_935406580\">\n\t\t\t\t\t\t\t\t<div class=\"img-inner image-cover dark\" style=\"padding-top:75%;\">\n\t\t\t<img loading=\"lazy\" decoding=\"async\" width=\"300\" height=\"213\" src=\"https:\/\/laovarustus.ee\/wp-content\/uploads\/2025\/12\/red-new-300x213-2.png\" class=\"attachment-original size-original\" alt=\"\" \/>\t\t\t\t\t\t\n\t\t\t\t\t<\/div>\n\t\t\t\t\t\t\t\t\n<style>\n#image_935406580 {\n  width: 28%;\n}\n<\/style>\n\t<\/div>\n\t\n\n\n\t\t<\/div>\n\t\t\t\t\t<\/div>\n\n\t\n\n<\/div>\n\n\t\t<\/div>\n\n\t\t\n<style>\n#section_2012873265 {\n  padding-top: 30px;\n  padding-bottom: 30px;\n}\n<\/style>\n\t<\/section>\n\t\n\n","protected":false},"excerpt":{"rendered":"","protected":false},"author":1,"featured_media":0,"parent":1498,"menu_order":0,"comment_status":"closed","ping_status":"closed","template":"","meta":{"om_disable_all_campaigns":false,"_monsterinsights_skip_tracking":false,"_monsterinsights_sitenote_active":false,"_monsterinsights_sitenote_note":"","_monsterinsights_sitenote_category":0,"footnotes":""},"class_list":["post-1404","page","type-page","status-publish","hentry"],"aioseo_notices":[],"_links":{"self":[{"href":"https:\/\/laovarustus.ee\/fi\/wp-json\/wp\/v2\/pages\/1404","targetHints":{"allow":["GET"]}}],"collection":[{"href":"https:\/\/laovarustus.ee\/fi\/wp-json\/wp\/v2\/pages"}],"about":[{"href":"https:\/\/laovarustus.ee\/fi\/wp-json\/wp\/v2\/types\/page"}],"author":[{"embeddable":true,"href":"https:\/\/laovarustus.ee\/fi\/wp-json\/wp\/v2\/users\/1"}],"replies":[{"embeddable":true,"href":"https:\/\/laovarustus.ee\/fi\/wp-json\/wp\/v2\/comments?post=1404"}],"version-history":[{"count":2,"href":"https:\/\/laovarustus.ee\/fi\/wp-json\/wp\/v2\/pages\/1404\/revisions"}],"predecessor-version":[{"id":1407,"href":"https:\/\/laovarustus.ee\/fi\/wp-json\/wp\/v2\/pages\/1404\/revisions\/1407"}],"up":[{"embeddable":true,"href":"https:\/\/laovarustus.ee\/fi\/wp-json\/wp\/v2\/pages\/1498"}],"wp:attachment":[{"href":"https:\/\/laovarustus.ee\/fi\/wp-json\/wp\/v2\/media?parent=1404"}],"curies":[{"name":"wp","href":"https:\/\/api.w.org\/{rel}","templated":true}]}}