{"id":1432,"date":"2025-12-08T10:53:42","date_gmt":"2025-12-08T10:53:42","guid":{"rendered":"https:\/\/laovarustus.ee\/huurrettu-matta\/"},"modified":"2026-02-23T09:19:32","modified_gmt":"2026-02-23T09:19:32","slug":"huurrettu-matta","status":"publish","type":"page","link":"https:\/\/laovarustus.ee\/fi\/pvc-verhot\/huurrettu-matta\/","title":{"rendered":"Huurrettu\/Matta"},"content":{"rendered":"\n\n\t<section class=\"section\" id=\"section_895849417\">\n\t\t<div class=\"section-bg fill\" >\n\t\t\t<img loading=\"lazy\" decoding=\"async\" width=\"1949\" height=\"498\" src=\"https:\/\/laovarustus.ee\/wp-content\/uploads\/2025\/12\/cropped-uni_pvc_strip_curtain_project_two2-1.jpg\" class=\"bg attachment- size-\" alt=\"\" \/>\t\t\t\t\t\t\n\t\t\t\n\n\t\t<\/div>\n\n\t\t\n\n\t\t<div class=\"section-content relative\">\n\t\t\t\n\n  <div id=\"page-header-1019353429\" class=\"page-header-wrapper\">\n  <div class=\"page-title dark simple-title\">\n\n    \n    <div class=\"page-title-inner container align-center flex-row medium-flex-wrap\" >\n              <div class=\"title-wrapper uppercase flex-col text-left medium-text-center\">\n          <h1 class=\"entry-title mb-0\">\n            Huurrettu\/Matta          <\/h1>\n        <\/div>\n                    <div class=\"title-content flex-col flex-right text-right medium-text-center\">\n        <div class=\"title-breadcrumbs pb-half pt-half\"><\/div>      <\/div>\n    <\/div>\n\n       <\/div>\n    <\/div>\n  \n\n\n\t\t<\/div>\n\n\t\t\n<style>\n#section_895849417 {\n  padding-top: 30px;\n  padding-bottom: 30px;\n}\n<\/style>\n\t<\/section>\n\t\n\n\t<section class=\"section\" id=\"section_924864231\">\n\t\t<div class=\"section-bg fill\" >\n\t\t\t\t\t\t\t\t\t\n\t\t\t\n\n\t\t<\/div>\n\n\t\t\n\n\t\t<div class=\"section-content relative\">\n\t\t\t\n\n<div class=\"row\"  id=\"row-926184227\">\n\n\n\t<div id=\"col-827617605\" class=\"col small-12 large-12\"  >\n\t\t\t\t<div class=\"col-inner\"  >\n\t\t\t\n\t\t\t\n\n\t<div id=\"text-2485901187\" class=\"text\">\n\t\t\n\n<h2 class=\"uppercase\">2\u00d7200 Huurrettu \/ Matta<\/h2>\n<p><strong>Tuotteen lyhyt kuvaus:<\/strong><\/p>\n<p>\n  T\u00e4ll\u00e4 PVC-verholla on kaikki samat ominaisuudet kuin tavallisilla PVC-verhoilla, mutta sen<br> t\u00e4rkein etu on korkeampi yksityisyyden taso. Mattapintainen suikaleverho luo vaikutelman, joka on<br> verrattavissa v\u00e4lisein\u00e4rakenteeseen \u2013 materiaali ei ole l\u00e4pin\u00e4kyv\u00e4\u00e4 ja takaa t\u00e4yden yksityisyyden.<br> Sen l\u00e4pi ei ole mahdollista n\u00e4hd\u00e4 toisella puolella olevaa. Ihanteellinen ratkaisu varastoihin ja<br> s\u00e4ilytystiloihin, joissa n\u00e4kyvyys on peitett\u00e4v\u00e4, mutta samalla halutaan s\u00e4ilytt\u00e4\u00e4 luonnollinen<br> valonl\u00e4p\u00e4isy.\n<\/p>\n<p><strong>Tuotteen ominaisuudet:<\/strong><\/p>\n<ul>\n<li>Sopiva l\u00e4mp\u00f6tila-alue +38 \u00b0C \u2013 \u201315 \u00b0C<\/li>\n<li>Valoa l\u00e4p\u00e4isev\u00e4, mutta l\u00e4pin\u00e4kym\u00e4t\u00f6n PVC-materiaali<\/li>\n<li>Kulutusta kest\u00e4v\u00e4<\/li>\n<li>Helppo kulkea l\u00e4pi<\/li>\n<li>Yhteensopiva kaikkien kiinnitystarvikkeiden kanssa<\/li>\n<\/ul>\n\n\t\t\n<style>\n#text-2485901187 {\n  color: rgb(0,0,0);\n}\n#text-2485901187 > * {\n  color: rgb(0,0,0);\n}\n<\/style>\n\t<\/div>\n\t\n\n\t\t<\/div>\n\t\t\t\t\t<\/div>\n\n\t\n\n<\/div>\n<div class=\"row\"  id=\"row-1875783578\">\n\n\n\t<div id=\"col-95743336\" class=\"col medium-3 small-6 large-3\"  >\n\t\t\t\t<div class=\"col-inner\"  >\n\t\t\t\n\t\t\t\n\n\t<div class=\"img has-hover x md-x lg-x y md-y lg-y\" id=\"image_1543680328\">\n\t\t\t\t\t\t\t\t<div class=\"img-inner image-cover dark\" style=\"padding-top:75%;\">\n\t\t\t<img loading=\"lazy\" decoding=\"async\" width=\"300\" height=\"213\" src=\"https:\/\/laovarustus.ee\/wp-content\/uploads\/2025\/12\/2x200-frosted-300x213-1.png\" class=\"attachment-large size-large\" alt=\"\" \/>\t\t\t\t\t\t\n\t\t\t\t\t<\/div>\n\t\t\t\t\t\t\t\t\n<style>\n#image_1543680328 {\n  width: 100%;\n}\n<\/style>\n\t<\/div>\n\t\n\n\n\t\t<\/div>\n\t\t\t\t\t<\/div>\n\n\t\n\n\t<div id=\"col-923103767\" class=\"col medium-3 small-6 large-3\"  >\n\t\t\t\t<div class=\"col-inner\"  >\n\t\t\t\n\t\t\t\n\n\n\t\t<\/div>\n\t\t\t\t\t<\/div>\n\n\t\n\n\t<div id=\"col-643598764\" class=\"col medium-3 small-6 large-3\"  >\n\t\t\t\t<div class=\"col-inner\"  >\n\t\t\t\n\t\t\t\n\n\n\t\t<\/div>\n\t\t\t\t\t<\/div>\n\n\t\n\n\t<div id=\"col-1675200343\" class=\"col medium-3 small-6 large-3\"  >\n\t\t\t\t<div class=\"col-inner\"  >\n\t\t\t\n\t\t\t\n\n\n\t\t<\/div>\n\t\t\t\t\t<\/div>\n\n\t\n\n<\/div>\n\n\t\t<\/div>\n\n\t\t\n<style>\n#section_924864231 {\n  padding-top: 30px;\n  padding-bottom: 30px;\n}\n<\/style>\n\t<\/section>\n\t\n\n","protected":false},"excerpt":{"rendered":"","protected":false},"author":1,"featured_media":0,"parent":1498,"menu_order":0,"comment_status":"closed","ping_status":"closed","template":"","meta":{"om_disable_all_campaigns":false,"_monsterinsights_skip_tracking":false,"_monsterinsights_sitenote_active":false,"_monsterinsights_sitenote_note":"","_monsterinsights_sitenote_category":0,"footnotes":""},"class_list":["post-1432","page","type-page","status-publish","hentry"],"aioseo_notices":[],"_links":{"self":[{"href":"https:\/\/laovarustus.ee\/fi\/wp-json\/wp\/v2\/pages\/1432","targetHints":{"allow":["GET"]}}],"collection":[{"href":"https:\/\/laovarustus.ee\/fi\/wp-json\/wp\/v2\/pages"}],"about":[{"href":"https:\/\/laovarustus.ee\/fi\/wp-json\/wp\/v2\/types\/page"}],"author":[{"embeddable":true,"href":"https:\/\/laovarustus.ee\/fi\/wp-json\/wp\/v2\/users\/1"}],"replies":[{"embeddable":true,"href":"https:\/\/laovarustus.ee\/fi\/wp-json\/wp\/v2\/comments?post=1432"}],"version-history":[{"count":2,"href":"https:\/\/laovarustus.ee\/fi\/wp-json\/wp\/v2\/pages\/1432\/revisions"}],"predecessor-version":[{"id":1440,"href":"https:\/\/laovarustus.ee\/fi\/wp-json\/wp\/v2\/pages\/1432\/revisions\/1440"}],"up":[{"embeddable":true,"href":"https:\/\/laovarustus.ee\/fi\/wp-json\/wp\/v2\/pages\/1498"}],"wp:attachment":[{"href":"https:\/\/laovarustus.ee\/fi\/wp-json\/wp\/v2\/media?parent=1432"}],"curies":[{"name":"wp","href":"https:\/\/api.w.org\/{rel}","templated":true}]}}