{"id":1458,"date":"2025-12-08T10:51:44","date_gmt":"2025-12-08T10:51:44","guid":{"rendered":"https:\/\/laovarustus.ee\/standard\/"},"modified":"2026-02-23T09:19:32","modified_gmt":"2026-02-23T09:19:32","slug":"standard","status":"publish","type":"page","link":"https:\/\/laovarustus.ee\/fi\/pvc-verhot\/standard\/","title":{"rendered":"Standard"},"content":{"rendered":"\n\n\t<section class=\"section\" id=\"section_807944514\">\n\t\t<div class=\"section-bg fill\" >\n\t\t\t<img loading=\"lazy\" decoding=\"async\" width=\"1949\" height=\"498\" src=\"https:\/\/laovarustus.ee\/wp-content\/uploads\/2025\/12\/cropped-uni_pvc_strip_curtain_project_two2-1.jpg\" class=\"bg attachment- size-\" alt=\"\" \/>\t\t\t\t\t\t\n\t\t\t\n\n\t\t<\/div>\n\n\t\t\n\n\t\t<div class=\"section-content relative\">\n\t\t\t\n\n  <div id=\"page-header-652415415\" class=\"page-header-wrapper\">\n  <div class=\"page-title dark simple-title\">\n\n    \n    <div class=\"page-title-inner container align-center flex-row medium-flex-wrap\" >\n              <div class=\"title-wrapper uppercase flex-col text-left medium-text-center\">\n          <h1 class=\"entry-title mb-0\">\n            Standard          <\/h1>\n        <\/div>\n                    <div class=\"title-content flex-col flex-right text-right medium-text-center\">\n        <div class=\"title-breadcrumbs pb-half pt-half\"><\/div>      <\/div>\n    <\/div>\n\n       <\/div>\n    <\/div>\n  \n\n\n\t\t<\/div>\n\n\t\t\n<style>\n#section_807944514 {\n  padding-top: 30px;\n  padding-bottom: 30px;\n}\n<\/style>\n\t<\/section>\n\t\n\n\t<section class=\"section\" id=\"section_1944892337\">\n\t\t<div class=\"section-bg fill\" >\n\t\t\t\t\t\t\t\t\t\n\t\t\t\n\n\t\t<\/div>\n\n\t\t\n\n\t\t<div class=\"section-content relative\">\n\t\t\t\n\n<div class=\"row\"  id=\"row-1091141998\">\n\n\n\t<div id=\"col-464900276\" class=\"col small-12 large-12\"  >\n\t\t\t\t<div class=\"col-inner\"  >\n\t\t\t\n\t\t\t\n\n\t<div id=\"text-1232465199\" class=\"text\">\n\t\t\n\n<h2 class=\"uppercase\">Standard-verho<\/h2>\n<p><strong>Tuotteen lyhyt kuvaus:<\/strong><\/p>\n<p>\n T\u00e4m\u00e4 on yleisimmin k\u00e4ytetty materiaalityyppi varastoverhoissa. Teollisuustiloissa,<br> joissa l\u00e4mp\u00f6tila ei laske liian alas, standardi PVC-verho tarjoaa erinomaisen hinta-laatusuhteen.<br> Muovisuikaleverhoja k\u00e4ytet\u00e4\u00e4n niin kuljetinhihnojen aukoissa kuin suurten ulko-ovien peitt\u00e4miseen.<br> Kirkkaat standardit PVC-verhot tarjoavat eritt\u00e4in hyv\u00e4n l\u00e4pin\u00e4kyvyyden ja toimivat parhaiten<br> l\u00e4mp\u00f6tila-alueella +38 \u00b0C \u2013 -10 \u00b0C.\n<\/p>\n<p><strong>Tuotteen ominaisuudet:<\/strong><\/p>\n<ul>\n<li>Sopii l\u00e4mp\u00f6tila-alueelle +38 \u00b0C \u2013 -10 \u00b0C<\/li>\n<li>L\u00e4pin\u00e4kyv\u00e4<\/li>\n<li>Kulutusta kest\u00e4v\u00e4<\/li>\n<li>K\u00e4ytett\u00e4viss\u00e4 useissa kohteissa<\/li>\n<li>Yhteensopiva kaikkien kiinnitystarvikkeiden kanssa<\/li>\n<\/ul>\n<p><strong>Saatavilla olevat suikaleleveydet:<\/strong><\/p>\n<ul>\n<li>200 mm<\/li>\n<li>300 mm<\/li>\n<li>400 mm<\/li>\n<\/ul>\n<p>\n Jos tarvitsette PVC-verhoja kylmiin olosuhteisiin, niihin sopii<br> <a href=\"https:\/\/laovarustus.ee\/pvc-kardinad\/polar\/\" target=\"_blank\"><br> polar-muovisuikaleverho<br> <\/a>.\n<\/p>\n\n\t\t\n<style>\n#text-1232465199 {\n  color: rgb(0,0,0);\n}\n#text-1232465199 > * {\n  color: rgb(0,0,0);\n}\n<\/style>\n\t<\/div>\n\t\n\n\t\t<\/div>\n\t\t\t\t\t<\/div>\n\n\t\n\n<\/div>\n<div class=\"row\"  id=\"row-1458527463\">\n\n\n\t<div id=\"col-1575486215\" class=\"col medium-3 small-6 large-3\"  >\n\t\t\t\t<div class=\"col-inner\"  >\n\t\t\t\n\t\t\t\n\n\t<div class=\"img has-hover x md-x lg-x y md-y lg-y\" id=\"image_87996431\">\n\t\t\t\t\t\t\t\t<div class=\"img-inner image-cover dark\" style=\"padding-top:75%;\">\n\t\t\t<img loading=\"lazy\" decoding=\"async\" width=\"522\" height=\"371\" src=\"https:\/\/laovarustus.ee\/wp-content\/uploads\/2025\/12\/standard-2x200-1.png\" class=\"attachment-large size-large\" alt=\"\" srcset=\"https:\/\/laovarustus.ee\/wp-content\/uploads\/2025\/12\/standard-2x200-1.png 522w, https:\/\/laovarustus.ee\/wp-content\/uploads\/2025\/12\/standard-2x200-1-510x362.png 510w\" sizes=\"auto, (max-width: 522px) 100vw, 522px\" \/>\t\t\t\t\t\t\n\t\t\t\t\t<\/div>\n\t\t\t\t\t\t\t\t\n<style>\n#image_87996431 {\n  width: 100%;\n}\n<\/style>\n\t<\/div>\n\t\n\n\n\t\t<\/div>\n\t\t\t\t\t<\/div>\n\n\t\n\n\t<div id=\"col-540025583\" class=\"col medium-3 small-6 large-3\"  >\n\t\t\t\t<div class=\"col-inner\"  >\n\t\t\t\n\t\t\t\n\n\t<div class=\"img has-hover x md-x lg-x y md-y lg-y\" id=\"image_709903507\">\n\t\t\t\t\t\t\t\t<div class=\"img-inner image-cover dark\" style=\"padding-top:75%;\">\n\t\t\t<img loading=\"lazy\" decoding=\"async\" width=\"726\" height=\"480\" src=\"https:\/\/laovarustus.ee\/wp-content\/uploads\/2025\/12\/cold-room-and-refrigerator-pvc-strip-curtains.jpg\" class=\"attachment-large size-large\" alt=\"\" srcset=\"https:\/\/laovarustus.ee\/wp-content\/uploads\/2025\/12\/cold-room-and-refrigerator-pvc-strip-curtains.jpg 726w, https:\/\/laovarustus.ee\/wp-content\/uploads\/2025\/12\/cold-room-and-refrigerator-pvc-strip-curtains-605x400.jpg 605w, https:\/\/laovarustus.ee\/wp-content\/uploads\/2025\/12\/cold-room-and-refrigerator-pvc-strip-curtains-510x337.jpg 510w\" sizes=\"auto, (max-width: 726px) 100vw, 726px\" \/>\t\t\t\t\t\t\n\t\t\t\t\t<\/div>\n\t\t\t\t\t\t\t\t\n<style>\n#image_709903507 {\n  width: 100%;\n}\n<\/style>\n\t<\/div>\n\t\n\n\n\t\t<\/div>\n\t\t\t\t\t<\/div>\n\n\t\n\n\t<div id=\"col-1623052262\" class=\"col medium-3 small-6 large-3\"  >\n\t\t\t\t<div class=\"col-inner\"  >\n\t\t\t\n\t\t\t\n\n\n\t\t<\/div>\n\t\t\t\t\t<\/div>\n\n\t\n\n\t<div id=\"col-805419008\" class=\"col medium-3 small-6 large-3\"  >\n\t\t\t\t<div class=\"col-inner\"  >\n\t\t\t\n\t\t\t\n\n\n\t\t<\/div>\n\t\t\t\t\t<\/div>\n\n\t\n\n<\/div>\n\n\t\t<\/div>\n\n\t\t\n<style>\n#section_1944892337 {\n  padding-top: 30px;\n  padding-bottom: 30px;\n}\n<\/style>\n\t<\/section>\n\t\n\n","protected":false},"excerpt":{"rendered":"","protected":false},"author":1,"featured_media":0,"parent":1498,"menu_order":0,"comment_status":"closed","ping_status":"closed","template":"","meta":{"om_disable_all_campaigns":false,"_monsterinsights_skip_tracking":false,"_monsterinsights_sitenote_active":false,"_monsterinsights_sitenote_note":"","_monsterinsights_sitenote_category":0,"footnotes":""},"class_list":["post-1458","page","type-page","status-publish","hentry"],"aioseo_notices":[],"_links":{"self":[{"href":"https:\/\/laovarustus.ee\/fi\/wp-json\/wp\/v2\/pages\/1458","targetHints":{"allow":["GET"]}}],"collection":[{"href":"https:\/\/laovarustus.ee\/fi\/wp-json\/wp\/v2\/pages"}],"about":[{"href":"https:\/\/laovarustus.ee\/fi\/wp-json\/wp\/v2\/types\/page"}],"author":[{"embeddable":true,"href":"https:\/\/laovarustus.ee\/fi\/wp-json\/wp\/v2\/users\/1"}],"replies":[{"embeddable":true,"href":"https:\/\/laovarustus.ee\/fi\/wp-json\/wp\/v2\/comments?post=1458"}],"version-history":[{"count":2,"href":"https:\/\/laovarustus.ee\/fi\/wp-json\/wp\/v2\/pages\/1458\/revisions"}],"predecessor-version":[{"id":1468,"href":"https:\/\/laovarustus.ee\/fi\/wp-json\/wp\/v2\/pages\/1458\/revisions\/1468"}],"up":[{"embeddable":true,"href":"https:\/\/laovarustus.ee\/fi\/wp-json\/wp\/v2\/pages\/1498"}],"wp:attachment":[{"href":"https:\/\/laovarustus.ee\/fi\/wp-json\/wp\/v2\/media?parent=1458"}],"curies":[{"name":"wp","href":"https:\/\/api.w.org\/{rel}","templated":true}]}}