{"id":1498,"date":"2025-11-24T08:05:34","date_gmt":"2025-11-24T08:05:34","guid":{"rendered":"https:\/\/laovarustus.ee\/pvc-verhot\/"},"modified":"2026-02-23T09:19:32","modified_gmt":"2026-02-23T09:19:32","slug":"pvc-verhot","status":"publish","type":"page","link":"https:\/\/laovarustus.ee\/fi\/pvc-verhot\/","title":{"rendered":"PVC-VERHOT"},"content":{"rendered":"\n\n\t<section class=\"section\" id=\"section_1060819245\">\n\t\t<div class=\"section-bg fill\" >\n\t\t\t<img loading=\"lazy\" decoding=\"async\" width=\"1949\" height=\"498\" src=\"https:\/\/laovarustus.ee\/wp-content\/uploads\/2025\/12\/cropped-uni_pvc_strip_curtain_project_two2-1.jpg\" class=\"bg attachment-original size-original\" alt=\"\" \/>\t\t\t\t\t\t\n\t\t\t\n\n\t\t<\/div>\n\n\t\t\n\n\t\t<div class=\"section-content relative\">\n\t\t\t\n\n  <div id=\"page-header-2097484059\" class=\"page-header-wrapper\">\n  <div class=\"page-title dark simple-title\">\n\n    \n    <div class=\"page-title-inner container align-center flex-row medium-flex-wrap\" >\n              <div class=\"title-wrapper flex-col text-left medium-text-center\">\n          <h1 class=\"entry-title mb-0\">\n            PVC-VERHOT          <\/h1>\n        <\/div>\n                    <div class=\"title-content flex-col flex-right text-right medium-text-center\">\n        <div class=\"title-breadcrumbs pb-half pt-half\"><\/div>      <\/div>\n    <\/div>\n\n       <\/div>\n    <\/div>\n  \n\n\n\t\t<\/div>\n\n\t\t\n<style>\n#section_1060819245 {\n  padding-top: 30px;\n  padding-bottom: 30px;\n}\n<\/style>\n\t<\/section>\n\t\n\n\t<section class=\"section\" id=\"section_717767906\">\n\t\t<div class=\"section-bg fill\" >\n\t\t\t\t\t\t\t\t\t\n\t\t\t\n\n\t\t<\/div>\n\n\t\t\n\n\t\t<div class=\"section-content relative\">\n\t\t\t\n\n<div class=\"row\"  id=\"row-1977510916\">\n\n\n\t<div id=\"col-1532271418\" class=\"col small-12 large-12\"  >\n\t\t\t\t<div class=\"col-inner\"  >\n\t\t\t\n\t\t\t\n\n\t<div id=\"text-3777339406\" class=\"text\">\n\t\t\n\n<section class=\"hero\">\n<h2>Tiloihinne saatte parhaat PVC-verhot t\u00e4\u00e4lt\u00e4<\/h2>\n<p>Yli <strong>650 toteutettua ratkaisua<\/strong> Skandinaviaan ja Viroon<\/p>\n<\/section>\n<section class=\"info-block\">\n<p>PVC-lamelliverhomme auttavat s\u00e4ilytt\u00e4m\u00e4\u00e4n l\u00e4mp\u00f6tilan, est\u00e4m\u00e4\u00e4n p\u00f6lyn levi\u00e4mist\u00e4,<br>v\u00e4hent\u00e4m\u00e4\u00e4n l\u00e4mmityskustannuksia sek\u00e4 vaimentamaan melua. Ne est\u00e4v\u00e4t my\u00f6s lintujen ja hy\u00f6nteisten<br>p\u00e4\u00e4syn sis\u00e4\u00e4n ja mahdollistavat erillisten ty\u00f6tilojen luomisen.<\/p>\n<ul>\n<li>L\u00e4mp\u00f6tilan s\u00e4ilytt\u00e4minen<\/li>\n<li>P\u00f6lyn &amp; melun v\u00e4hent\u00e4minen<\/li>\n<li>L\u00e4mmityskustannusten s\u00e4\u00e4st\u00f6<\/li>\n<li>Hy\u00f6nteisten ja lintujen torjunta<\/li>\n<li>Elintarvikesertifioidut PVC-verhot<\/li>\n<\/ul>\n<p>Jos ette ole varma, millaisen ratkaisun tarvitsette \u2014 kirjoittakaa tai soittakaa, autamme mielell\u00e4mme!<\/p>\n<p class=\"signature\">Kunnioittaen \u2013 Laovarustus.ee-tiimi<\/p>\n<p class=\"contact\">info@laovarustus.ee<\/p>\n<p><!-- Lisatud uus plokk --><\/p>\n<p>Tutustu materiaalivalikoimaamme t\u00e4\u00e4ll\u00e4 \u2013 <a style=\"color: #0066ff;\" href=\"https:\/\/laovarustus.ee\/pvc-kardinad-kileribakardinad-lamellkardinad\/\" target=\"_blank\" rel=\"noopener\">Tuotteet<\/a><\/p>\n<p>Pyyd\u00e4 tarjous t\u00e4\u00e4ll\u00e4 \u2013 <a style=\"color: #0066ff;\" href=\"https:\/\/laovarustus.ee\/kontakt\/\" target=\"_blank\" rel=\"noopener\">Tarjouspyynt\u00f6<\/a><\/p>\n<\/section>\n\t\t\n<style>\n#text-3777339406 {\n  color: rgb(0,0,0);\n}\n#text-3777339406 > * {\n  color: rgb(0,0,0);\n}\n<\/style>\n\t<\/div>\n\t\n\n\t\t<\/div>\n\t\t\t\t\t<\/div>\n\n\t\n\n<\/div>\n<div class=\"row row-dashed\"  id=\"row-504897172\">\n\n\n\t<div id=\"col-46298933\" class=\"col medium-4 small-12 large-4\"  >\n\t\t\t\t<div class=\"col-inner\"  >\n\t\t\t\n\t\t\t\n\n\t<div class=\"img has-hover x md-x lg-x y md-y lg-y\" id=\"image_1280795312\">\n\t\t\t\t\t\t\t\t<div class=\"img-inner dark\" >\n\t\t\t<img loading=\"lazy\" decoding=\"async\" width=\"300\" height=\"222\" src=\"https:\/\/laovarustus.ee\/wp-content\/uploads\/2025\/11\/3x300-double-ribbed-300x222-1.jpg\" class=\"attachment-large size-large\" alt=\"\" \/>\t\t\t\t\t\t\n\t\t\t\t\t<\/div>\n\t\t\t\t\t\t\t\t\n<style>\n#image_1280795312 {\n  width: 100%;\n}\n<\/style>\n\t<\/div>\n\t\n\n\n\t\t<\/div>\n\t\t\t\t\t<\/div>\n\n\t\n\n\t<div id=\"col-1349999065\" class=\"col medium-4 small-12 large-4\"  >\n\t\t\t\t<div class=\"col-inner\"  >\n\t\t\t\n\t\t\t\n\n\t<div class=\"img has-hover x md-x lg-x y md-y lg-y\" id=\"image_1209672845\">\n\t\t\t\t\t\t\t\t<div class=\"img-inner dark\" >\n\t\t\t<img loading=\"lazy\" decoding=\"async\" width=\"300\" height=\"222\" src=\"https:\/\/laovarustus.ee\/wp-content\/uploads\/2025\/11\/IMG_20181016_125510-300x222-1.jpg\" class=\"attachment-large size-large\" alt=\"\" \/>\t\t\t\t\t\t\n\t\t\t\t\t<\/div>\n\t\t\t\t\t\t\t\t\n<style>\n#image_1209672845 {\n  width: 100%;\n}\n<\/style>\n\t<\/div>\n\t\n\n\n\t\t<\/div>\n\t\t\t\t\t<\/div>\n\n\t\n\n\t<div id=\"col-541656382\" class=\"col medium-4 small-12 large-4\"  >\n\t\t\t\t<div class=\"col-inner\"  >\n\t\t\t\n\t\t\t\n\n\t<div class=\"img has-hover x md-x lg-x y md-y lg-y\" id=\"image_1501646173\">\n\t\t\t\t\t\t\t\t<div class=\"img-inner dark\" >\n\t\t\t<img loading=\"lazy\" decoding=\"async\" width=\"300\" height=\"225\" src=\"https:\/\/laovarustus.ee\/wp-content\/uploads\/2025\/11\/IMG_20190619_193208-300x225-2.jpg\" class=\"attachment-large size-large\" alt=\"\" \/>\t\t\t\t\t\t\n\t\t\t\t\t<\/div>\n\t\t\t\t\t\t\t\t\n<style>\n#image_1501646173 {\n  width: 100%;\n}\n<\/style>\n\t<\/div>\n\t\n\n\n\t\t<\/div>\n\t\t\t\t\t<\/div>\n\n\t\n\n\t<div id=\"col-1120009346\" class=\"col medium-4 small-12 large-4\"  >\n\t\t\t\t<div class=\"col-inner\"  >\n\t\t\t\n\t\t\t\n\n\t<div class=\"img has-hover x md-x lg-x y md-y lg-y\" id=\"image_458128335\">\n\t\t\t\t\t\t\t\t<div class=\"img-inner dark\" >\n\t\t\t<img loading=\"lazy\" decoding=\"async\" width=\"300\" height=\"225\" src=\"https:\/\/laovarustus.ee\/wp-content\/uploads\/2025\/11\/IMG_20190619_193845-300x225-1.jpg\" class=\"attachment-large size-large\" alt=\"\" \/>\t\t\t\t\t\t\n\t\t\t\t\t<\/div>\n\t\t\t\t\t\t\t\t\n<style>\n#image_458128335 {\n  width: 100%;\n}\n<\/style>\n\t<\/div>\n\t\n\n\n\t\t<\/div>\n\t\t\t\t\t<\/div>\n\n\t\n\n\t<div id=\"col-1036410964\" class=\"col medium-4 small-12 large-4\"  >\n\t\t\t\t<div class=\"col-inner\"  >\n\t\t\t\n\t\t\t\n\n\t<div class=\"img has-hover x md-x lg-x y md-y lg-y\" id=\"image_141118483\">\n\t\t\t\t\t\t\t\t<div class=\"img-inner dark\" >\n\t\t\t<img loading=\"lazy\" decoding=\"async\" width=\"300\" height=\"225\" src=\"https:\/\/laovarustus.ee\/wp-content\/uploads\/2025\/11\/IMG_20190918_122845-300x225-1.jpg\" class=\"attachment-large size-large\" alt=\"\" \/>\t\t\t\t\t\t\n\t\t\t\t\t<\/div>\n\t\t\t\t\t\t\t\t\n<style>\n#image_141118483 {\n  width: 100%;\n}\n<\/style>\n\t<\/div>\n\t\n\n\n\t\t<\/div>\n\t\t\t\t\t<\/div>\n\n\t\n\n\t<div id=\"col-436288696\" class=\"col medium-4 small-12 large-4\"  >\n\t\t\t\t<div class=\"col-inner\"  >\n\t\t\t\n\t\t\t\n\n\t<div class=\"img has-hover x md-x lg-x y md-y lg-y\" id=\"image_51006253\">\n\t\t\t\t\t\t\t\t<div class=\"img-inner dark\" >\n\t\t\t<img loading=\"lazy\" decoding=\"async\" width=\"300\" height=\"225\" src=\"https:\/\/laovarustus.ee\/wp-content\/uploads\/2025\/11\/lamellribakardin2x300-300x225-1.jpg\" class=\"attachment-large size-large\" alt=\"\" \/>\t\t\t\t\t\t\n\t\t\t\t\t<\/div>\n\t\t\t\t\t\t\t\t\n<style>\n#image_51006253 {\n  width: 100%;\n}\n<\/style>\n\t<\/div>\n\t\n\n\n\t\t<\/div>\n\t\t\t\t\t<\/div>\n\n\t\n\n<\/div>\n\n\t\t<\/div>\n\n\t\t\n<style>\n#section_717767906 {\n  padding-top: 30px;\n  padding-bottom: 30px;\n}\n<\/style>\n\t<\/section>\n\t\n\n","protected":false},"excerpt":{"rendered":"","protected":false},"author":1,"featured_media":0,"parent":0,"menu_order":0,"comment_status":"closed","ping_status":"closed","template":"","meta":{"om_disable_all_campaigns":false,"_monsterinsights_skip_tracking":false,"_monsterinsights_sitenote_active":false,"_monsterinsights_sitenote_note":"","_monsterinsights_sitenote_category":0,"footnotes":""},"class_list":["post-1498","page","type-page","status-publish","hentry"],"aioseo_notices":[],"_links":{"self":[{"href":"https:\/\/laovarustus.ee\/fi\/wp-json\/wp\/v2\/pages\/1498","targetHints":{"allow":["GET"]}}],"collection":[{"href":"https:\/\/laovarustus.ee\/fi\/wp-json\/wp\/v2\/pages"}],"about":[{"href":"https:\/\/laovarustus.ee\/fi\/wp-json\/wp\/v2\/types\/page"}],"author":[{"embeddable":true,"href":"https:\/\/laovarustus.ee\/fi\/wp-json\/wp\/v2\/users\/1"}],"replies":[{"embeddable":true,"href":"https:\/\/laovarustus.ee\/fi\/wp-json\/wp\/v2\/comments?post=1498"}],"version-history":[{"count":2,"href":"https:\/\/laovarustus.ee\/fi\/wp-json\/wp\/v2\/pages\/1498\/revisions"}],"predecessor-version":[{"id":1510,"href":"https:\/\/laovarustus.ee\/fi\/wp-json\/wp\/v2\/pages\/1498\/revisions\/1510"}],"wp:attachment":[{"href":"https:\/\/laovarustus.ee\/fi\/wp-json\/wp\/v2\/media?parent=1498"}],"curies":[{"name":"wp","href":"https:\/\/api.w.org\/{rel}","templated":true}]}}