{"id":1532,"date":"2025-12-08T13:40:18","date_gmt":"2025-12-08T13:40:18","guid":{"rendered":"https:\/\/laovarustus.ee\/pvc-verhot-muovisuikaleverhot-lamelliverhot\/"},"modified":"2026-02-23T09:20:34","modified_gmt":"2026-02-23T09:20:34","slug":"pvc-verhot-muovisuikaleverhot-lamelliverhot","status":"publish","type":"page","link":"https:\/\/laovarustus.ee\/fi\/pvc-verhot-muovisuikaleverhot-lamelliverhot\/","title":{"rendered":"PVC-verhot \u2013 Muovisuikaleverhot \u2013 Lamelliverhot"},"content":{"rendered":"\n\n\t<section class=\"section\" id=\"section_1963381705\">\n\t\t<div class=\"section-bg fill\" >\n\t\t\t<img loading=\"lazy\" decoding=\"async\" width=\"1949\" height=\"498\" src=\"https:\/\/laovarustus.ee\/wp-content\/uploads\/2025\/12\/cropped-uni_pvc_strip_curtain_project_two2-1.jpg\" class=\"bg attachment- size-\" alt=\"\" \/>\t\t\t\t\t\t\n\t\t\t\n\n\t\t<\/div>\n\n\t\t\n\n\t\t<div class=\"section-content relative\">\n\t\t\t\n\n  <div id=\"page-header-271528180\" class=\"page-header-wrapper\">\n  <div class=\"page-title dark simple-title\">\n\n    \n    <div class=\"page-title-inner container align-center flex-row medium-flex-wrap\" >\n              <div class=\"title-wrapper uppercase flex-col text-left medium-text-center\">\n          <h1 class=\"entry-title mb-0\">\n            PVC-verhot \u2013 Muovisuikaleverhot \u2013 Lamelliverhot          <\/h1>\n        <\/div>\n                    <div class=\"title-content flex-col flex-right text-right medium-text-center\">\n        <div class=\"title-breadcrumbs pb-half pt-half\"><\/div>      <\/div>\n    <\/div>\n\n       <\/div>\n    <\/div>\n  \n\n\n\t\t<\/div>\n\n\t\t\n<style>\n#section_1963381705 {\n  padding-top: 30px;\n  padding-bottom: 30px;\n}\n<\/style>\n\t<\/section>\n\t\n\n\t<section class=\"section\" id=\"section_1698152345\">\n\t\t<div class=\"section-bg fill\" >\n\t\t\t\t\t\t\t\t\t\n\t\t\t\n\n\t\t<\/div>\n\n\t\t\n\n\t\t<div class=\"section-content relative\">\n\t\t\t\n\n<div class=\"row\"  id=\"row-393728294\">\n\n\n\t<div id=\"col-977836807\" class=\"col small-12 large-12\"  >\n\t\t\t\t<div class=\"col-inner\"  >\n\t\t\t\n\t\t\t\n\n\t<div id=\"text-3524034117\" class=\"text\">\n\t\t\n\n<section class=\"materials-info\">\n<p>Yrityksest\u00e4mme saat kuvissa n\u00e4kyvi\u00e4 PVC-verhoja \u2013 muovisuikaleverhoja \u2013 lamelliverhoja.<br>Kutsukaa niit\u00e4 miksi haluatte.<\/p>\n<p>Seuraavilla sivuilla esitell\u00e4\u00e4n lyhyesti erilaisia PVC-verhoja ja niiden ominaisuuksia,<br>mutta varmin tapa saada juuri teid\u00e4n olosuhteisiinne sopiva muovisuikaleverho on kirjoittaa osoitteeseen<br><a style=\"color: #0066ff; font-weight: bold;\" href=\"mailto:info@laokardinad.ee\">info@laovarustus.ee<\/a><br>tai soittaa numeroon +372 56 276 558<\/p>\n<h3>Tarjolla olevat materiaalit:<\/h3>\n<p><span style=\"font-weight: 600;\">Plussasteisiin tiloihin \u2013 <\/span><a style=\"color: #0066ff;\" href=\"https:\/\/laovarustus.ee\/fi\/pvc-verhot\/standard\/\">Standard<\/a><\/p>\n<p><span style=\"font-weight: 600;\">Miinusasteisiin tiloihin \u2013 <\/span><a style=\"color: #0066ff;\" href=\"https:\/\/laovarustus.ee\/fi\/pvc-verhot\/polar\/\">Polar<\/a><\/p>\n<p><span style=\"font-weight: 600;\">Tiloihin, joissa on vilkasta trukkiliikennett\u00e4 \u2013 <\/span><a style=\"color: #0066ff;\" href=\"https:\/\/laovarustus.ee\/fi\/pvc-verhot\/vahvistettu\/\">Vahvistettu<\/a><\/p>\n<p><span style=\"font-weight: 600;\">Tiloihin, joissa ei sallita staattista s\u00e4hk\u00f6\u00e4 \u2013 <\/span><a style=\"color: #0066ff;\" href=\"https:\/\/laovarustus.ee\/pvc-kardinad\/antistaatiline\/\">Antistaattinen<\/a><\/p>\n<p><span style=\"font-weight: 600;\">L\u00e4pin\u00e4kym\u00e4t\u00f6n verho \u2013 <\/span><a style=\"color: #0066ff;\" href=\"https:\/\/laovarustus.ee\/fi\/pvc-verhot\/huurrettu-matta\/\">Frosted\/matta<\/a><\/p>\n<p><span style=\"font-weight: 600;\">Hitsaustiloihin \u2013 <\/span><a style=\"color: #0066ff;\" href=\"https:\/\/laovarustus.ee\/fi\/pvc-verhot\/hitsaus\/\">Hitsaus<\/a><\/p>\n<p><span style=\"font-weight: 600;\">Suurten pintojen edullinen peitt\u00e4minen \u2013 <\/span><a style=\"color: #0066ff;\" href=\"https:\/\/laovarustus.ee\/fi\/pvc-verhot\/suojapeiteverho\/\">Pressuverho<\/a><\/p>\n<p>Voitte tehd\u00e4 sivuillamme my\u00f6s <a style=\"color: #0066ff;\" href=\"https:\/\/laovarustus.ee\/kontakt\/\">tarjouspyynn\u00f6n<\/a>, johon vastaamme 24 tunnin kuluessa.<\/p>\n<p>Vaikka varastoverhot on eritt\u00e4in helppo asentaa itse, tarjoamme tarvittaessa my\u00f6s kyseist\u00e4 palvelua \u2014 voitte tilata meilt\u00e4 my\u00f6s <a style=\"color: #0066ff;\" href=\"https:\/\/laovarustus.ee\/fi\/pvc-verhot\/asennus\/\">asennuksen<\/a>.<\/p>\n<\/section>\n\t\t\n<style>\n#text-3524034117 {\n  text-align: left;\n}\n<\/style>\n\t<\/div>\n\t\n\n\t\t<\/div>\n\t\t\t\t\t<\/div>\n\n\t\n\n<\/div>\n<div class=\"row\"  id=\"row-117574279\">\n\n\n\t<div id=\"col-1415341342\" class=\"col medium-4 small-12 large-4\"  >\n\t\t\t\t<div class=\"col-inner\"  >\n\t\t\t\n\t\t\t\n\n\t<div class=\"img has-hover x md-x lg-x y md-y lg-y\" id=\"image_812564464\">\n\t\t\t\t\t\t\t\t<div class=\"img-inner image-cover dark\" style=\"padding-top:100%;\">\n\t\t\t<img loading=\"lazy\" decoding=\"async\" width=\"768\" height=\"576\" src=\"https:\/\/laovarustus.ee\/wp-content\/uploads\/2025\/12\/avakardinad-768x576-1.jpg\" class=\"attachment-large size-large\" alt=\"\" srcset=\"https:\/\/laovarustus.ee\/wp-content\/uploads\/2025\/12\/avakardinad-768x576-1.jpg 768w, https:\/\/laovarustus.ee\/wp-content\/uploads\/2025\/12\/avakardinad-768x576-1-533x400.jpg 533w, https:\/\/laovarustus.ee\/wp-content\/uploads\/2025\/12\/avakardinad-768x576-1-510x383.jpg 510w\" sizes=\"auto, (max-width: 768px) 100vw, 768px\" \/>\t\t\t\t\t\t\n\t\t\t\t\t<\/div>\n\t\t\t\t\t\t\t\t\n<style>\n#image_812564464 {\n  width: 100%;\n}\n<\/style>\n\t<\/div>\n\t\n\n\n\t\t<\/div>\n\t\t\t\t\t<\/div>\n\n\t\n\n\t<div id=\"col-529807986\" class=\"col medium-4 small-12 large-4\"  >\n\t\t\t\t<div class=\"col-inner\"  >\n\t\t\t\n\t\t\t\n\n\t<div class=\"img has-hover x md-x lg-x y md-y lg-y\" id=\"image_216814940\">\n\t\t\t\t\t\t\t\t<div class=\"img-inner image-cover dark\" style=\"padding-top:100%;\">\n\t\t\t<img loading=\"lazy\" decoding=\"async\" width=\"566\" height=\"243\" src=\"https:\/\/laovarustus.ee\/wp-content\/uploads\/2025\/12\/clear-transparent-pvc-strip-curtains.jpg\" class=\"attachment-large size-large\" alt=\"\" srcset=\"https:\/\/laovarustus.ee\/wp-content\/uploads\/2025\/12\/clear-transparent-pvc-strip-curtains.jpg 566w, https:\/\/laovarustus.ee\/wp-content\/uploads\/2025\/12\/clear-transparent-pvc-strip-curtains-510x219.jpg 510w\" sizes=\"auto, (max-width: 566px) 100vw, 566px\" \/>\t\t\t\t\t\t\n\t\t\t\t\t<\/div>\n\t\t\t\t\t\t\t\t\n<style>\n#image_216814940 {\n  width: 100%;\n}\n<\/style>\n\t<\/div>\n\t\n\n\n\t\t<\/div>\n\t\t\t\t\t<\/div>\n\n\t\n\n\t<div id=\"col-1583111301\" class=\"col medium-4 small-12 large-4\"  >\n\t\t\t\t<div class=\"col-inner\"  >\n\t\t\t\n\t\t\t\n\n\t<div class=\"img has-hover x md-x lg-x y md-y lg-y\" id=\"image_505809668\">\n\t\t\t\t\t\t\t\t<div class=\"img-inner image-cover dark\" style=\"padding-top:100%;\">\n\t\t\t<img loading=\"lazy\" decoding=\"async\" width=\"300\" height=\"289\" src=\"https:\/\/laovarustus.ee\/wp-content\/uploads\/2025\/12\/vahekardin-300x289-2.jpg\" class=\"attachment-large size-large\" alt=\"\" \/>\t\t\t\t\t\t\n\t\t\t\t\t<\/div>\n\t\t\t\t\t\t\t\t\n<style>\n#image_505809668 {\n  width: 100%;\n}\n<\/style>\n\t<\/div>\n\t\n\n\n\t\t<\/div>\n\t\t\t\t\t<\/div>\n\n\t\n\n<\/div>\n\n\t\t<\/div>\n\n\t\t\n<style>\n#section_1698152345 {\n  padding-top: 30px;\n  padding-bottom: 30px;\n}\n<\/style>\n\t<\/section>\n\t\n\n","protected":false},"excerpt":{"rendered":"","protected":false},"author":1,"featured_media":0,"parent":0,"menu_order":0,"comment_status":"closed","ping_status":"closed","template":"","meta":{"om_disable_all_campaigns":false,"_monsterinsights_skip_tracking":false,"_monsterinsights_sitenote_active":false,"_monsterinsights_sitenote_note":"","_monsterinsights_sitenote_category":0,"footnotes":""},"class_list":["post-1532","page","type-page","status-publish","hentry"],"aioseo_notices":[],"_links":{"self":[{"href":"https:\/\/laovarustus.ee\/fi\/wp-json\/wp\/v2\/pages\/1532","targetHints":{"allow":["GET"]}}],"collection":[{"href":"https:\/\/laovarustus.ee\/fi\/wp-json\/wp\/v2\/pages"}],"about":[{"href":"https:\/\/laovarustus.ee\/fi\/wp-json\/wp\/v2\/types\/page"}],"author":[{"embeddable":true,"href":"https:\/\/laovarustus.ee\/fi\/wp-json\/wp\/v2\/users\/1"}],"replies":[{"embeddable":true,"href":"https:\/\/laovarustus.ee\/fi\/wp-json\/wp\/v2\/comments?post=1532"}],"version-history":[{"count":2,"href":"https:\/\/laovarustus.ee\/fi\/wp-json\/wp\/v2\/pages\/1532\/revisions"}],"predecessor-version":[{"id":1537,"href":"https:\/\/laovarustus.ee\/fi\/wp-json\/wp\/v2\/pages\/1532\/revisions\/1537"}],"wp:attachment":[{"href":"https:\/\/laovarustus.ee\/fi\/wp-json\/wp\/v2\/media?parent=1532"}],"curies":[{"name":"wp","href":"https:\/\/api.w.org\/{rel}","templated":true}]}}