{"id":1605,"date":"2025-04-21T22:46:14","date_gmt":"2025-04-21T22:46:14","guid":{"rendered":"https:\/\/laovarustus.ee\/metallisuojat\/"},"modified":"2026-02-27T12:44:23","modified_gmt":"2026-02-27T12:44:23","slug":"metallisuojat","status":"publish","type":"page","link":"https:\/\/laovarustus.ee\/fi\/varaston-ja-varastohyllyjen-suojajarjestelmat\/metallisuojat\/","title":{"rendered":"Metallisuojat"},"content":{"rendered":"\n\n\t<section class=\"section\" id=\"section_145821802\">\n\t\t<div class=\"section-bg fill\" >\n\t\t\t<img loading=\"lazy\" decoding=\"async\" width=\"848\" height=\"537\" src=\"https:\/\/laovarustus.ee\/wp-content\/uploads\/2025\/04\/download-3-7.png\" class=\"bg attachment-2048x2048 size-2048x2048\" alt=\"\" \/>\t\t\t\t\t\t\n\t\t\t\n\n\t\t<\/div>\n\n\t\t\n\n\t\t<div class=\"section-content relative\">\n\t\t\t\n\n  <div id=\"page-header-1824078098\" class=\"page-header-wrapper\">\n  <div class=\"page-title dark simple-title\">\n\n    \n    <div class=\"page-title-inner container align-center flex-row medium-flex-wrap\" >\n              <div class=\"title-wrapper flex-col text-left medium-text-center\">\n          <h1 class=\"entry-title mb-0\">\n            Metallisuojat          <\/h1>\n        <\/div>\n                    <div class=\"title-content flex-col flex-right text-right medium-text-center\">\n        <div class=\"title-breadcrumbs pb-half pt-half\"><\/div>      <\/div>\n    <\/div>\n\n       <\/div>\n    <\/div>\n  \n\n\n\t\t<\/div>\n\n\t\t\n<style>\n#section_145821802 {\n  padding-top: 30px;\n  padding-bottom: 30px;\n}\n#section_145821802 .section-bg img {\n  object-position: 66% 45%;\n}\n<\/style>\n\t<\/section>\n\t\n\n\t<section class=\"section\" id=\"section_1738308292\">\n\t\t<div class=\"section-bg fill\" >\n\t\t\t\t\t\t\t\t\t<div class=\"section-bg-overlay absolute fill\"><\/div>\n\t\t\t\n\n\t\t<\/div>\n\n\t\t\n\n\t\t<div class=\"section-content relative\">\n\t\t\t\n\n<div class=\"row row-large align-middle\"  id=\"row-1108611215\">\n\n\n\t<div id=\"col-179785560\" class=\"col medium-6 small-12 large-6\"  >\n\t\t\t\t<div class=\"col-inner\"  >\n\t\t\t\n\t\t\t\n\n\t<div class=\"img has-hover x md-x lg-x y md-y lg-y\" id=\"image_1366428714\">\n\t\t\t\t\t\t\t\t<div class=\"img-inner image-cover dark\" style=\"padding-top:80%;\">\n\t\t\t<img loading=\"lazy\" decoding=\"async\" width=\"306\" height=\"542\" src=\"https:\/\/laovarustus.ee\/wp-content\/uploads\/2025\/04\/2020-06-09-14-19-28_orig.jpg\" class=\"attachment-2048x2048 size-2048x2048\" alt=\"\" srcset=\"https:\/\/laovarustus.ee\/wp-content\/uploads\/2025\/04\/2020-06-09-14-19-28_orig.jpg 306w, https:\/\/laovarustus.ee\/wp-content\/uploads\/2025\/04\/2020-06-09-14-19-28_orig-226x400.jpg 226w\" sizes=\"auto, (max-width: 306px) 100vw, 306px\" \/>\t\t\t\t\t\t\n\t\t\t\t\t<\/div>\n\t\t\t\t\t\t\t\t\n<style>\n#image_1366428714 {\n  width: 100%;\n}\n<\/style>\n\t<\/div>\n\t\n\n\n\t\t<\/div>\n\t\t\t\t\t<\/div>\n\n\t\n\n\t<div id=\"col-429117799\" class=\"col medium-6 small-12 large-6\"  >\n\t\t\t\t<div class=\"col-inner text-left\"  >\n\t\t\t\n\t\t\t\n\n\t<div id=\"text-3719137963\" class=\"text\">\n\t\t\n\n<h2>\u200bTYYPPI 1:<br><\/h2>\n<p>\u200bSopii ihanteellisesti asfalttiin asennettavaksi sek\u00e4 lattioille, joissa on jo useita reiki\u00e4 vanhoista suojista.<\/p>\n\n\t\t\n<style>\n#text-3719137963 {\n  color: rgb(0,0,0);\n}\n#text-3719137963 > * {\n  color: rgb(0,0,0);\n}\n<\/style>\n\t<\/div>\n\t\n\n\t\t<\/div>\n\t\t\t\t\t<\/div>\n\n\t\n\n<\/div>\n\n\t\t<\/div>\n\n\t\t\n<style>\n#section_1738308292 {\n  padding-top: 60px;\n  padding-bottom: 60px;\n  background-color: rgb(193, 193, 193);\n}\n#section_1738308292 .section-bg-overlay {\n  background-color: rgba(255, 255, 255, 0.85);\n}\n<\/style>\n\t<\/section>\n\t\n\n\t<section class=\"section\" id=\"section_2043564580\">\n\t\t<div class=\"section-bg fill\" >\n\t\t\t\t\t\t\t\t\t<div class=\"section-bg-overlay absolute fill\"><\/div>\n\t\t\t\n\n\t\t<\/div>\n\n\t\t\n\n\t\t<div class=\"section-content relative\">\n\t\t\t\n\n<div class=\"row row-collapse align-center\"  id=\"row-566611094\">\n\n\n\t<div id=\"col-2032134088\" class=\"col medium-6 small-12 large-6\"  >\n\t\t\t\t<div class=\"col-inner text-center\"  >\n\t\t\t\n\t\t\t\n\n\t<div id=\"text-2128944299\" class=\"text\">\n\t\t\n\n<p> <\/p>\n<h2>TYYPPI 2: Standardi pylv\u00e4ssuoja <\/h2>\n\n\t\t\n<style>\n#text-2128944299 {\n  color: rgb(0,0,0);\n}\n#text-2128944299 > * {\n  color: rgb(0,0,0);\n}\n<\/style>\n\t<\/div>\n\t\n\n\t\t<\/div>\n\t\t\t\t\n<style>\n#col-2032134088 > .col-inner {\n  padding: 50px 0px 50px 0px;\n}\n<\/style>\n\t<\/div>\n\n\t\n\n\t<div id=\"col-151619095\" class=\"col large-12\"  >\n\t\t\t\t<div class=\"col-inner\"  >\n\t\t\t\n\t\t\t\n\n  <style>\n    #gallery-241930783 .grid-col-1{height: 400px}\n    #gallery-241930783 .grid-col-1-2{height: 200px}\n    #gallery-241930783 .grid-col-1-3{height:133.33333333333px}\n    #gallery-241930783 .grid-col-2-3{height: 266.66666666667px}\n    #gallery-241930783 .grid-col-1-4{height: 100px}\n    #gallery-241930783 .grid-col-3-4{height: 300px}\n\n\n        \/* Tablet *\/\n    @media (max-width: 850px){\n      #gallery-241930783 .grid-col-1{height: 266.66666666667px}\n      #gallery-241930783 .grid-col-1-2{height: 133.33333333333px}\n      #gallery-241930783 .grid-col-1-3{height:88.888888888889px}\n      #gallery-241930783 .grid-col-2-3{height: 177.77777777778px}\n      #gallery-241930783 .grid-col-1-4{height: 66.666666666667px}\n      #gallery-241930783 .grid-col-3-4{height: 200px}\n    }\n    \n        \/* Mobile *\/\n    @media (max-width: 550px){\n      #gallery-241930783 .grid-col-1{height: 266.66666666667px}\n      #gallery-241930783 .grid-col-1-2{height: 133.33333333333px}\n      #gallery-241930783 .grid-col-1-3{height:88.888888888889px}\n      #gallery-241930783 .grid-col-2-3{height: 177.77777777778px}\n      #gallery-241930783 .grid-col-1-4{height: 66.666666666667px}\n      #gallery-241930783 .grid-col-3-4{height: 200px}\n    }\n    \n\n  <\/style>\n  \n  \n    <div id=\"gallery-241930783\" class=\"row row-grid\" data-packery-options='{\"itemSelector\": \".col\", \"gutter\": 0, \"presentageWidth\" : true}'>\n\n  <div class=\"gallery-col col grid-col grid-col-1 large-4 medium-6\" >\n          <div class=\"col-inner\">\n            <a class=\"image-lightbox lightbox-gallery\" href=\"https:\/\/laovarustus.ee\/wp-content\/uploads\/2025\/04\/2020-06-09-14-19-52.jpg\" title=\"\">            <div class=\"box has-hover gallery-box box-overlay dark box-text-center\">\n              <div class=\"box-image\" >\n                <img loading=\"lazy\" decoding=\"async\" width=\"451\" height=\"800\" src=\"https:\/\/laovarustus.ee\/wp-content\/uploads\/2025\/04\/2020-06-09-14-19-52.jpg\" class=\"attachment-large size-large\" alt=\"\" ids=\"1608,1609,1610\" type=\"grid\" grid=\"5\" grid_height=\"400px\" srcset=\"https:\/\/laovarustus.ee\/wp-content\/uploads\/2025\/04\/2020-06-09-14-19-52.jpg 451w, https:\/\/laovarustus.ee\/wp-content\/uploads\/2025\/04\/2020-06-09-14-19-52-226x400.jpg 226w\" sizes=\"auto, (max-width: 451px) 100vw, 451px\" \/>                                  <div class=\"overlay fill\"\n                      style=\"background-color: rgba(0,0,0,.15)\">\n                  <\/div>\n                                                              <\/div>\n              <div class=\"box-text text-left dark\" >\n                 <p><\/p>\n              <\/div>\n            <\/div>\n            <\/a>          <\/div>\n         <\/div><div class=\"gallery-col col grid-col grid-col-1 large-4 medium-6\" >\n          <div class=\"col-inner\">\n            <a class=\"image-lightbox lightbox-gallery\" href=\"https:\/\/laovarustus.ee\/wp-content\/uploads\/2025\/04\/2020-06-09-14-26-37.jpg\" title=\"\">            <div class=\"box has-hover gallery-box box-overlay dark box-text-center\">\n              <div class=\"box-image\" >\n                <img loading=\"lazy\" decoding=\"async\" width=\"451\" height=\"800\" src=\"https:\/\/laovarustus.ee\/wp-content\/uploads\/2025\/04\/2020-06-09-14-26-37.jpg\" class=\"attachment-large size-large\" alt=\"\" ids=\"1608,1609,1610\" type=\"grid\" grid=\"5\" grid_height=\"400px\" srcset=\"https:\/\/laovarustus.ee\/wp-content\/uploads\/2025\/04\/2020-06-09-14-26-37.jpg 451w, https:\/\/laovarustus.ee\/wp-content\/uploads\/2025\/04\/2020-06-09-14-26-37-226x400.jpg 226w\" sizes=\"auto, (max-width: 451px) 100vw, 451px\" \/>                                  <div class=\"overlay fill\"\n                      style=\"background-color: rgba(0,0,0,.15)\">\n                  <\/div>\n                                                              <\/div>\n              <div class=\"box-text text-left dark\" >\n                 <p><\/p>\n              <\/div>\n            <\/div>\n            <\/a>          <\/div>\n         <\/div><div class=\"gallery-col col grid-col grid-col-1 large-4 medium-6\" >\n          <div class=\"col-inner\">\n            <a class=\"image-lightbox lightbox-gallery\" href=\"https:\/\/laovarustus.ee\/wp-content\/uploads\/2025\/04\/2020-06-09-14-48-50.jpg\" title=\"\">            <div class=\"box has-hover gallery-box box-overlay dark box-text-center\">\n              <div class=\"box-image\" >\n                <img loading=\"lazy\" decoding=\"async\" width=\"451\" height=\"800\" src=\"https:\/\/laovarustus.ee\/wp-content\/uploads\/2025\/04\/2020-06-09-14-48-50.jpg\" class=\"attachment-large size-large\" alt=\"\" ids=\"1608,1609,1610\" type=\"grid\" grid=\"5\" grid_height=\"400px\" srcset=\"https:\/\/laovarustus.ee\/wp-content\/uploads\/2025\/04\/2020-06-09-14-48-50.jpg 451w, https:\/\/laovarustus.ee\/wp-content\/uploads\/2025\/04\/2020-06-09-14-48-50-226x400.jpg 226w\" sizes=\"auto, (max-width: 451px) 100vw, 451px\" \/>                                  <div class=\"overlay fill\"\n                      style=\"background-color: rgba(0,0,0,.15)\">\n                  <\/div>\n                                                              <\/div>\n              <div class=\"box-text text-left dark\" >\n                 <p><\/p>\n              <\/div>\n            <\/div>\n            <\/a>          <\/div>\n         <\/div><\/div>\n\n\n\t\t<\/div>\n\t\t\t\t\t<\/div>\n\n\t\n\n<\/div>\n\n\t\t<\/div>\n\n\t\t\n<style>\n#section_2043564580 {\n  padding-top: 0px;\n  padding-bottom: 0px;\n  background-color: rgb(208, 208, 208);\n}\n#section_2043564580 .section-bg-overlay {\n  background-color: rgba(255, 255, 255, 0.85);\n}\n<\/style>\n\t<\/section>\n\t\n\n\t<section class=\"section\" id=\"section_121874943\">\n\t\t<div class=\"section-bg fill\" >\n\t\t\t\t\t\t\t\t\t<div class=\"section-bg-overlay absolute fill\"><\/div>\n\t\t\t\n\n\t\t<\/div>\n\n\t\t\n\n\t\t<div class=\"section-content relative\">\n\t\t\t\n\n<div class=\"row row-collapse align-center\"  id=\"row-1465419950\">\n\n\n\t<div id=\"col-1784690796\" class=\"col small-12 large-12\"  >\n\t\t\t\t<div class=\"col-inner text-center\"  >\n\t\t\t\n\t\t\t\n\n\t<div id=\"text-2426547108\" class=\"text\">\n\t\t\n\n<p> <\/p>\n<h2>Tyyppi 3: kiinnityskohdat on sijoitettu pylv\u00e4ssuojan sis\u00e4puolelle, mik\u00e4 antaa enemm\u00e4n tilaa lattialla oleville kuormalavoille <\/h2>\n\n\t\t\n<style>\n#text-2426547108 {\n  color: rgb(0,0,0);\n}\n#text-2426547108 > * {\n  color: rgb(0,0,0);\n}\n<\/style>\n\t<\/div>\n\t\n\n\t\t<\/div>\n\t\t\t\t\n<style>\n#col-1784690796 > .col-inner {\n  padding: 50px 0px 50px 0px;\n}\n<\/style>\n\t<\/div>\n\n\t\n\n\t<div id=\"col-206479632\" class=\"col large-12\"  >\n\t\t\t\t<div class=\"col-inner\"  >\n\t\t\t\n\t\t\t\n\n  <style>\n    #gallery-1829811361 .grid-col-1{height: 400px}\n    #gallery-1829811361 .grid-col-1-2{height: 200px}\n    #gallery-1829811361 .grid-col-1-3{height:133.33333333333px}\n    #gallery-1829811361 .grid-col-2-3{height: 266.66666666667px}\n    #gallery-1829811361 .grid-col-1-4{height: 100px}\n    #gallery-1829811361 .grid-col-3-4{height: 300px}\n\n\n        \/* Tablet *\/\n    @media (max-width: 850px){\n      #gallery-1829811361 .grid-col-1{height: 266.66666666667px}\n      #gallery-1829811361 .grid-col-1-2{height: 133.33333333333px}\n      #gallery-1829811361 .grid-col-1-3{height:88.888888888889px}\n      #gallery-1829811361 .grid-col-2-3{height: 177.77777777778px}\n      #gallery-1829811361 .grid-col-1-4{height: 66.666666666667px}\n      #gallery-1829811361 .grid-col-3-4{height: 200px}\n    }\n    \n        \/* Mobile *\/\n    @media (max-width: 550px){\n      #gallery-1829811361 .grid-col-1{height: 266.66666666667px}\n      #gallery-1829811361 .grid-col-1-2{height: 133.33333333333px}\n      #gallery-1829811361 .grid-col-1-3{height:88.888888888889px}\n      #gallery-1829811361 .grid-col-2-3{height: 177.77777777778px}\n      #gallery-1829811361 .grid-col-1-4{height: 66.666666666667px}\n      #gallery-1829811361 .grid-col-3-4{height: 200px}\n    }\n    \n\n  <\/style>\n  \n  \n    <div id=\"gallery-1829811361\" class=\"row row-grid\" data-packery-options='{\"itemSelector\": \".col\", \"gutter\": 0, \"presentageWidth\" : true}'>\n\n  <div class=\"gallery-col col grid-col grid-col-1 large-4 medium-6\" >\n          <div class=\"col-inner\">\n            <a class=\"image-lightbox lightbox-gallery\" href=\"https:\/\/laovarustus.ee\/wp-content\/uploads\/2025\/04\/2020-06-04-15-57-37.jpg\" title=\"\">            <div class=\"box has-hover gallery-box box-overlay dark box-text-center\">\n              <div class=\"box-image\" >\n                <img loading=\"lazy\" decoding=\"async\" width=\"451\" height=\"800\" src=\"https:\/\/laovarustus.ee\/wp-content\/uploads\/2025\/04\/2020-06-04-15-57-37.jpg\" class=\"attachment-large size-large\" alt=\"\" ids=\"1611,1612,1613\" type=\"grid\" grid=\"5\" grid_height=\"400px\" srcset=\"https:\/\/laovarustus.ee\/wp-content\/uploads\/2025\/04\/2020-06-04-15-57-37.jpg 451w, https:\/\/laovarustus.ee\/wp-content\/uploads\/2025\/04\/2020-06-04-15-57-37-226x400.jpg 226w\" sizes=\"auto, (max-width: 451px) 100vw, 451px\" \/>                                  <div class=\"overlay fill\"\n                      style=\"background-color: rgba(0,0,0,.15)\">\n                  <\/div>\n                                                              <\/div>\n              <div class=\"box-text text-left dark\" >\n                 <p><\/p>\n              <\/div>\n            <\/div>\n            <\/a>          <\/div>\n         <\/div><div class=\"gallery-col col grid-col grid-col-1 large-4 medium-6\" >\n          <div class=\"col-inner\">\n            <a class=\"image-lightbox lightbox-gallery\" href=\"https:\/\/laovarustus.ee\/wp-content\/uploads\/2025\/04\/2020-06-09-14-24-43.jpg\" title=\"\">            <div class=\"box has-hover gallery-box box-overlay dark box-text-center\">\n              <div class=\"box-image\" >\n                <img loading=\"lazy\" decoding=\"async\" width=\"451\" height=\"800\" src=\"https:\/\/laovarustus.ee\/wp-content\/uploads\/2025\/04\/2020-06-09-14-24-43.jpg\" class=\"attachment-large size-large\" alt=\"\" ids=\"1611,1612,1613\" type=\"grid\" grid=\"5\" grid_height=\"400px\" srcset=\"https:\/\/laovarustus.ee\/wp-content\/uploads\/2025\/04\/2020-06-09-14-24-43.jpg 451w, https:\/\/laovarustus.ee\/wp-content\/uploads\/2025\/04\/2020-06-09-14-24-43-226x400.jpg 226w\" sizes=\"auto, (max-width: 451px) 100vw, 451px\" \/>                                  <div class=\"overlay fill\"\n                      style=\"background-color: rgba(0,0,0,.15)\">\n                  <\/div>\n                                                              <\/div>\n              <div class=\"box-text text-left dark\" >\n                 <p><\/p>\n              <\/div>\n            <\/div>\n            <\/a>          <\/div>\n         <\/div><div class=\"gallery-col col grid-col grid-col-1 large-4 medium-6\" >\n          <div class=\"col-inner\">\n            <a class=\"image-lightbox lightbox-gallery\" href=\"https:\/\/laovarustus.ee\/wp-content\/uploads\/2025\/04\/2020-06-09-14-55-24.jpg\" title=\"\">            <div class=\"box has-hover gallery-box box-overlay dark box-text-center\">\n              <div class=\"box-image\" >\n                <img loading=\"lazy\" decoding=\"async\" width=\"451\" height=\"800\" src=\"https:\/\/laovarustus.ee\/wp-content\/uploads\/2025\/04\/2020-06-09-14-55-24.jpg\" class=\"attachment-large size-large\" alt=\"\" ids=\"1611,1612,1613\" type=\"grid\" grid=\"5\" grid_height=\"400px\" srcset=\"https:\/\/laovarustus.ee\/wp-content\/uploads\/2025\/04\/2020-06-09-14-55-24.jpg 451w, https:\/\/laovarustus.ee\/wp-content\/uploads\/2025\/04\/2020-06-09-14-55-24-226x400.jpg 226w\" sizes=\"auto, (max-width: 451px) 100vw, 451px\" \/>                                  <div class=\"overlay fill\"\n                      style=\"background-color: rgba(0,0,0,.15)\">\n                  <\/div>\n                                                              <\/div>\n              <div class=\"box-text text-left dark\" >\n                 <p><\/p>\n              <\/div>\n            <\/div>\n            <\/a>          <\/div>\n         <\/div><\/div>\n\n\n\t\t<\/div>\n\t\t\t\t\t<\/div>\n\n\t\n\n<\/div>\n\n\t\t<\/div>\n\n\t\t\n<style>\n#section_121874943 {\n  padding-top: 0px;\n  padding-bottom: 0px;\n  background-color: rgb(208, 208, 208);\n}\n#section_121874943 .section-bg-overlay {\n  background-color: rgba(255, 255, 255, 0.85);\n}\n<\/style>\n\t<\/section>\n\t\n\n\t<section class=\"section\" id=\"section_1206744526\">\n\t\t<div class=\"section-bg fill\" >\n\t\t\t\t\t\t\t\t\t\n\t\t\t\n\n\t\t<\/div>\n\n\t\t\n\n\t\t<div class=\"section-content relative\">\n\t\t\t\n\n<div class=\"row\"  id=\"row-1394354604\">\n\n\n\t<div id=\"col-1542470713\" class=\"col small-12 large-12\"  >\n\t\t\t\t<div class=\"col-inner\"  >\n\t\t\t\n\t\t\t\n\n<div class=\"container section-title-container\" ><h3 class=\"section-title section-title-center\"><b aria-hidden=\"true\"><\/b><span class=\"section-title-main\" >Ota yhteytt\u00e4!<\/span><b aria-hidden=\"true\"><\/b><\/h3><\/div>\n\n\n<div class=\"wpcf7 no-js\" id=\"wpcf7-f2831-o1\" lang=\"fi\" dir=\"ltr\" data-wpcf7-id=\"2831\">\n<div class=\"screen-reader-response\"><p role=\"status\" aria-live=\"polite\" aria-atomic=\"true\"><\/p> <ul><\/ul><\/div>\n<form action=\"\/fi\/wp-json\/wp\/v2\/pages\/1605#wpcf7-f2831-o1\" method=\"post\" class=\"wpcf7-form init\" aria-label=\"Yhteydenottolomake\" novalidate=\"novalidate\" data-status=\"init\">\n<fieldset class=\"hidden-fields-container\"><input type=\"hidden\" name=\"_wpcf7\" value=\"2831\" \/><input type=\"hidden\" name=\"_wpcf7_version\" value=\"6.1.5\" \/><input type=\"hidden\" name=\"_wpcf7_locale\" value=\"fi\" \/><input type=\"hidden\" name=\"_wpcf7_unit_tag\" value=\"wpcf7-f2831-o1\" \/><input type=\"hidden\" name=\"_wpcf7_container_post\" value=\"0\" \/><input type=\"hidden\" name=\"_wpcf7_posted_data_hash\" value=\"\" \/>\n<\/fieldset>\n<p><label> Nimi<br \/>\n<span class=\"wpcf7-form-control-wrap\" data-name=\"your-name\"><input size=\"40\" maxlength=\"400\" class=\"wpcf7-form-control wpcf7-text wpcf7-validates-as-required\" autocomplete=\"name\" aria-required=\"true\" aria-invalid=\"false\" value=\"\" type=\"text\" name=\"your-name\" \/><\/span> <\/label>\n<\/p>\n<p><label> S\u00e4hk\u00f6posti<br \/>\n<span class=\"wpcf7-form-control-wrap\" data-name=\"your-email\"><input size=\"40\" maxlength=\"400\" class=\"wpcf7-form-control wpcf7-email wpcf7-validates-as-required wpcf7-text wpcf7-validates-as-email\" autocomplete=\"email\" aria-required=\"true\" aria-invalid=\"false\" value=\"\" type=\"email\" name=\"your-email\" \/><\/span> <\/label>\n<\/p>\n<p><label> S\u00e4hk\u00f6postin aihe<br \/>\n<span class=\"wpcf7-form-control-wrap\" data-name=\"your-subject\"><input size=\"40\" maxlength=\"400\" class=\"wpcf7-form-control wpcf7-text wpcf7-validates-as-required\" aria-required=\"true\" aria-invalid=\"false\" value=\"\" type=\"text\" name=\"your-subject\" \/><\/span> <\/label>\n<\/p>\n<p><label> Viestisi<br \/>\n<span class=\"wpcf7-form-control-wrap\" data-name=\"your-message\"><textarea cols=\"40\" rows=\"10\" maxlength=\"2000\" class=\"wpcf7-form-control wpcf7-textarea\" aria-invalid=\"false\" name=\"your-message\"><\/textarea><\/span> <\/label>\n<\/p>\n<p><input class=\"wpcf7-form-control wpcf7-submit has-spinner\" type=\"submit\" value=\"L\u00e4het\u00e4\" \/>\n<\/p><div class=\"wpcf7-response-output\" aria-hidden=\"true\"><\/div>\n<\/form>\n<\/div>\n\n\n\n\t\t<\/div>\n\t\t\t\t\t<\/div>\n\n\t\n\n<\/div>\n\n\t\t<\/div>\n\n\t\t\n<style>\n#section_1206744526 {\n  padding-top: 30px;\n  padding-bottom: 30px;\n}\n<\/style>\n\t<\/section>\n\t\n\n","protected":false},"excerpt":{"rendered":"","protected":false},"author":1,"featured_media":0,"parent":2710,"menu_order":0,"comment_status":"closed","ping_status":"closed","template":"","meta":{"om_disable_all_campaigns":false,"_monsterinsights_skip_tracking":false,"_monsterinsights_sitenote_active":false,"_monsterinsights_sitenote_note":"","_monsterinsights_sitenote_category":0,"footnotes":""},"class_list":["post-1605","page","type-page","status-publish","hentry"],"aioseo_notices":[],"_links":{"self":[{"href":"https:\/\/laovarustus.ee\/fi\/wp-json\/wp\/v2\/pages\/1605","targetHints":{"allow":["GET"]}}],"collection":[{"href":"https:\/\/laovarustus.ee\/fi\/wp-json\/wp\/v2\/pages"}],"about":[{"href":"https:\/\/laovarustus.ee\/fi\/wp-json\/wp\/v2\/types\/page"}],"author":[{"embeddable":true,"href":"https:\/\/laovarustus.ee\/fi\/wp-json\/wp\/v2\/users\/1"}],"replies":[{"embeddable":true,"href":"https:\/\/laovarustus.ee\/fi\/wp-json\/wp\/v2\/comments?post=1605"}],"version-history":[{"count":2,"href":"https:\/\/laovarustus.ee\/fi\/wp-json\/wp\/v2\/pages\/1605\/revisions"}],"predecessor-version":[{"id":1615,"href":"https:\/\/laovarustus.ee\/fi\/wp-json\/wp\/v2\/pages\/1605\/revisions\/1615"}],"up":[{"embeddable":true,"href":"https:\/\/laovarustus.ee\/fi\/wp-json\/wp\/v2\/pages\/2710"}],"wp:attachment":[{"href":"https:\/\/laovarustus.ee\/fi\/wp-json\/wp\/v2\/media?parent=1605"}],"curies":[{"name":"wp","href":"https:\/\/api.w.org\/{rel}","templated":true}]}}