{"id":1661,"date":"2025-08-28T07:17:55","date_gmt":"2025-08-28T07:17:55","guid":{"rendered":"https:\/\/laovarustus.ee\/rahoitus\/"},"modified":"2026-02-23T10:16:16","modified_gmt":"2026-02-23T10:16:16","slug":"rahoitus","status":"publish","type":"page","link":"https:\/\/laovarustus.ee\/fi\/rahoitus\/","title":{"rendered":"Rahoitus"},"content":{"rendered":"\n\n\t<section class=\"section\" id=\"section_1506119061\">\n\t\t<div class=\"section-bg fill\" >\n\t\t\t\t\t\t\t\t\t\n\t\t\t\n\n\t\t<\/div>\n\n\t\t\n\n\t\t<div class=\"section-content relative\">\n\t\t\t\n\n  <div id=\"page-header-1098217663\" class=\"page-header-wrapper\">\n  <div class=\"page-title dark featured-title\">\n\n        <div class=\"page-title-bg\">\n      <div class=\"title-bg fill bg-fill\"\n        data-parallax-container=\".page-title\"\n        data-parallax-background\n        data-parallax=\"-\">\n      <\/div>\n      <div class=\"title-overlay fill\"><\/div>\n    <\/div>\n    \n    <div class=\"page-title-inner container align-center flex-row medium-flex-wrap\" >\n              <div class=\"title-wrapper flex-col text-left medium-text-center\">\n          <h1 class=\"entry-title mb-0\">\n            Rahoitus          <\/h1>\n        <\/div>\n                    <div class=\"title-content flex-col flex-right text-right medium-text-center\">\n        <div class=\"title-breadcrumbs pb-half pt-half\"><\/div>      <\/div>\n    <\/div>\n\n     \n<style>\n#page-header-1098217663 .featured-title {\n  background-color: rgb(255,255,255);\n}\n<\/style>\n  <\/div>\n    <\/div>\n  \n\n\n\t\t<\/div>\n\n\t\t\n<style>\n#section_1506119061 {\n  padding-top: 0px;\n  padding-bottom: 0px;\n}\n<\/style>\n\t<\/section>\n\t\n\n\t<section class=\"section\" id=\"section_489597626\">\n\t\t<div class=\"section-bg fill\" >\n\t\t\t\t\t\t\t\t\t<div class=\"section-bg-overlay absolute fill\"><\/div>\n\t\t\t\n\n\t\t<\/div>\n\n\t\t\n\n\t\t<div class=\"section-content relative\">\n\t\t\t\n\n<div class=\"row row-large row-full-width align-middle align-center\"  id=\"row-557944509\">\n\n\n\t<div id=\"col-1293886850\" class=\"col large-12\"  >\n\t\t\t\t<div class=\"col-inner text-center\"  >\n\t\t\t\n\t\t\t\n\n\t<div class=\"img has-hover x md-x lg-x y md-y lg-y\" id=\"image_1216179946\">\n\t\t\t\t\t\t\t\t<div class=\"img-inner dark\" >\n\t\t\t<img loading=\"lazy\" decoding=\"async\" width=\"681\" height=\"252\" src=\"https:\/\/laovarustus.ee\/wp-content\/uploads\/2025\/08\/img_Tenor-viksem_045430077f2e66f24bc41ef5becdb8fe.png\" class=\"attachment-original size-original\" alt=\"\" srcset=\"https:\/\/laovarustus.ee\/wp-content\/uploads\/2025\/08\/img_Tenor-viksem_045430077f2e66f24bc41ef5becdb8fe.png 681w, https:\/\/laovarustus.ee\/wp-content\/uploads\/2025\/08\/img_Tenor-viksem_045430077f2e66f24bc41ef5becdb8fe-510x189.png 510w\" sizes=\"auto, (max-width: 681px) 100vw, 681px\" \/>\t\t\t\t\t\t\n\t\t\t\t\t<\/div>\n\t\t\t\t\t\t\t\t\n<style>\n#image_1216179946 {\n  width: 45%;\n}\n<\/style>\n\t<\/div>\n\t\n\n\n\t\t<\/div>\n\t\t\t\t\t<\/div>\n\n\t\n\n\t<div id=\"col-1388192760\" class=\"col medium-7 small-12 large-7\"  >\n\t\t\t\t<div class=\"col-inner text-center\"  >\n\t\t\t\n\t\t\t\n\n\t<div id=\"text-561814737\" class=\"text\">\n\t\t\n\n<p> <\/p>\n<h2>Leasing-ehdot<\/h2>\n<ul>\n<li><strong>K\u00e4siraha alkaen:<\/strong> 10 %<\/li>\n<li><strong>Leasing-kausi:<\/strong> 3\u201372 kuukautta<\/li>\n<li><strong>Rahoitettava v\u00e4himm\u00e4ism\u00e4\u00e4r\u00e4:<\/strong> 500 EUR<\/li>\n<li><strong>Rahoitettava enimm\u00e4ism\u00e4\u00e4r\u00e4:<\/strong> asiakkaan luottokelpoisuuden mukaan<\/li>\n<li><strong>Sopimusmaksu:<\/strong> asiakaskohtainen, v\u00e4hint\u00e4\u00e4n 50 EUR<\/li>\n<li><strong>Vakuus:<\/strong> rahoitettava omaisuus<\/li>\n<li><strong>Korko:<\/strong> asiakas- tai projektikohtainen<\/li>\n<li><strong>Leasing-kohteen ik\u00e4:<\/strong> enint\u00e4\u00e4n 15 vuotta, poikkeustapauksissa my\u00f6s vanhempi<\/li>\n<li><strong>J\u00e4\u00e4nn\u00f6sarvon mahdollisuus:<\/strong> kyll\u00e4, asiakkaan projektin mukaan<\/li>\n<li><strong>Vakuutusvelvollisuus:<\/strong> sopimuksen mukaan<\/li>\n<li><strong>Kiinte\u00e4 kuukausier\u00e4:<\/strong> kyll\u00e4, koko kauden ajan<\/li>\n<li><strong>Omaisuuden osto-oikeus:<\/strong> asiakkaalla<\/li>\n<li><strong>Palvelut kuukausier\u00e4ss\u00e4:<\/strong> kyll\u00e4, rahoittajan kanssa tehdyn ennakkosopimuksen mukaan<\/li>\n<li><strong>Lis\u00e4vakuusmahdollisuudet:<\/strong> kyll\u00e4, rahoittajan kanssa tehdyn ennakkosopimuksen mukaan<\/li>\n<\/ul>\n<h3>Yhteystiedot<\/h3>\n<p>  +372 5656 1033<br> info@laovarustus.ee\n<\/p>\n\n\t\t\n<style>\n#text-561814737 {\n  text-align: left;\n  color: rgb(0,0,0);\n}\n#text-561814737 > * {\n  color: rgb(0,0,0);\n}\n<\/style>\n\t<\/div>\n\t\n\n\t\t<\/div>\n\t\t\t\t\t<\/div>\n\n\t\n\n<\/div>\n\n\t\t<\/div>\n\n\t\t\n<style>\n#section_489597626 {\n  padding-top: 30px;\n  padding-bottom: 30px;\n  background-color: rgb(193, 193, 193);\n}\n#section_489597626 .section-bg-overlay {\n  background-color: rgba(255, 255, 255, 0.85);\n}\n<\/style>\n\t<\/section>\n\t\n\n","protected":false},"excerpt":{"rendered":"","protected":false},"author":1,"featured_media":0,"parent":0,"menu_order":0,"comment_status":"closed","ping_status":"closed","template":"","meta":{"om_disable_all_campaigns":false,"_monsterinsights_skip_tracking":false,"_monsterinsights_sitenote_active":false,"_monsterinsights_sitenote_note":"","_monsterinsights_sitenote_category":0,"footnotes":""},"class_list":["post-1661","page","type-page","status-publish","hentry"],"aioseo_notices":[],"_links":{"self":[{"href":"https:\/\/laovarustus.ee\/fi\/wp-json\/wp\/v2\/pages\/1661","targetHints":{"allow":["GET"]}}],"collection":[{"href":"https:\/\/laovarustus.ee\/fi\/wp-json\/wp\/v2\/pages"}],"about":[{"href":"https:\/\/laovarustus.ee\/fi\/wp-json\/wp\/v2\/types\/page"}],"author":[{"embeddable":true,"href":"https:\/\/laovarustus.ee\/fi\/wp-json\/wp\/v2\/users\/1"}],"replies":[{"embeddable":true,"href":"https:\/\/laovarustus.ee\/fi\/wp-json\/wp\/v2\/comments?post=1661"}],"version-history":[{"count":5,"href":"https:\/\/laovarustus.ee\/fi\/wp-json\/wp\/v2\/pages\/1661\/revisions"}],"predecessor-version":[{"id":2258,"href":"https:\/\/laovarustus.ee\/fi\/wp-json\/wp\/v2\/pages\/1661\/revisions\/2258"}],"wp:attachment":[{"href":"https:\/\/laovarustus.ee\/fi\/wp-json\/wp\/v2\/media?parent=1661"}],"curies":[{"name":"wp","href":"https:\/\/api.w.org\/{rel}","templated":true}]}}