{"id":1962,"date":"2025-04-18T22:12:29","date_gmt":"2025-04-18T22:12:29","guid":{"rendered":"https:\/\/laovarustus.ee\/kaytettyjen-varastohyllyjen-osto-myynti\/"},"modified":"2026-02-27T11:32:53","modified_gmt":"2026-02-27T11:32:53","slug":"kaytettyjen-varastohyllyjen-osto-myynti","status":"publish","type":"page","link":"https:\/\/laovarustus.ee\/fi\/kaytettyjen-varastohyllyjen-osto-myynti\/","title":{"rendered":"K\u00e4ytettyjen varastohyllyjen osto\/myynti"},"content":{"rendered":"\n\n\t<section class=\"section\" id=\"section_1329671901\">\n\t\t<div class=\"section-bg fill\" >\n\t\t\t<img loading=\"lazy\" decoding=\"async\" width=\"1210\" height=\"803\" src=\"https:\/\/laovarustus.ee\/wp-content\/uploads\/2025\/04\/download-12.png\" class=\"bg attachment- size-\" alt=\"\" \/>\t\t\t\t\t\t\n\t\t\t\n\n\t\t<\/div>\n\n\t\t\n\n\t\t<div class=\"section-content relative\">\n\t\t\t\n\n  <div id=\"page-header-383995522\" class=\"page-header-wrapper\">\n  <div class=\"page-title dark simple-title\">\n\n    \n    <div class=\"page-title-inner container align-center flex-row medium-flex-wrap\" >\n              <div class=\"title-wrapper flex-col text-left medium-text-center\">\n          <h1 class=\"entry-title mb-0\">\n            K\u00e4ytettyjen varastohyllyjen osto\/myynti          <\/h1>\n        <\/div>\n                    <div class=\"title-content flex-col flex-right text-right medium-text-center\">\n        <div class=\"title-breadcrumbs pb-half pt-half\"><\/div>      <\/div>\n    <\/div>\n\n       <\/div>\n    <\/div>\n  \n\n\n\t\t<\/div>\n\n\t\t\n<style>\n#section_1329671901 {\n  padding-top: 30px;\n  padding-bottom: 30px;\n}\n#section_1329671901 .section-bg img {\n  object-position: 25% 74%;\n}\n<\/style>\n\t<\/section>\n\t\n\n\t<section class=\"section\" id=\"section_1160518999\">\n\t\t<div class=\"section-bg fill\" >\n\t\t\t\t\t\t\t\t\t\n\t\t\t\n\n\t\t<\/div>\n\n\t\t\n\n\t\t<div class=\"section-content relative\">\n\t\t\t\n\n<div class=\"row\"  id=\"row-324127353\">\n\n\n\t<div id=\"col-225795915\" class=\"col small-12 large-12\"  >\n\t\t\t\t<div class=\"col-inner\"  >\n\t\t\t\n\t\t\t\n\n\t<div id=\"text-685113640\" class=\"text\">\n\t\t\n\n<h3>Myymme ja hankimme hyllyj\u00e4 eri yrityksilt\u00e4, mutta varmistamme aina tarkastuksen ja laadun.<\/h3>\n<p>Kasutades meie pikaajalist kogemust ja teadmisi, pakuvad meie spetsialistid Sulle parimaid ja paindlikumaid variante, mis vastavad t\u00e4pselt Sinu vajadustele. Hy\u00f6dynt\u00e4en pitk\u00e4\u00e4 kokemustamme ja asiantuntemustamme, asiantuntijamme tarjoavat sinulle parhaat ja joustavimmat vaihtoehdot, jotka vastaavat t\u00e4sm\u00e4llisesti tarpeitasi. Tule valitsemaan sopiva kokonaisuus ja s\u00e4\u00e4st\u00e4 rahaa.<\/p>\n\n\t\t\n<style>\n#text-685113640 {\n  text-align: center;\n  color: rgb(0,0,0);\n}\n#text-685113640 > * {\n  color: rgb(0,0,0);\n}\n<\/style>\n\t<\/div>\n\t\n\n\t\t<\/div>\n\t\t\t\t\t<\/div>\n\n\t\n\n\t<div id=\"col-1547889968\" class=\"col small-12 large-12\"  >\n\t\t\t\t<div class=\"col-inner\"  >\n\t\t\t\n\t\t\t\n\n\t<div id=\"text-3529998742\" class=\"text\">\n\t\t\n\n<h5>Meilt\u00e4 l\u00f6yd\u00e4t heti sen, mit\u00e4 tarvitset. Tarjoamme paitsi uusia varastohyllyj\u00e4 my\u00f6s k\u00e4ytettyj\u00e4. <\/h5>\n<p>K\u00e4ytettyj\u00e4 hyllyj\u00e4 on aina saatavilla.<\/p>\n<p>\nK\u00e4ytetyt myym\u00e4l\u00e4hyllyt, kaksipuoliset.<br>Sijaitsevat Tartossa.<\/p>\n<p>Korkeus 186 cm \/ kahden tolpan v\u00e4linen leveys 90 cm \/ syvyys 50 cm (korihyllyn syvyys 40 cm \u2013 niit\u00e4 on my\u00f6s muutamia).<\/p>\n<p>Tolppia yhteens\u00e4 27 kpl. Kuvassa n\u00e4kyv\u00e4 on esittelykokoonpano. <\/p>\n<p>Hinta 200,00 \u20ac jos otetaan vain yksi v\u00e4li (2 tolppaa + kaikki siihen kuuluva).<br>Jokainen seuraava v\u00e4li maksaa 150,00 \u20ac (200 + 150 + 150 + 150 jne).<\/p>\n\n\t\t\n<style>\n#text-3529998742 {\n  color: rgb(0,0,0);\n}\n#text-3529998742 > * {\n  color: rgb(0,0,0);\n}\n<\/style>\n\t<\/div>\n\t\n\n\t\t<\/div>\n\t\t\t\t\t<\/div>\n\n\t\n\n<\/div>\n\n\t\t<\/div>\n\n\t\t\n<style>\n#section_1160518999 {\n  padding-top: 30px;\n  padding-bottom: 30px;\n}\n<\/style>\n\t<\/section>\n\t\n\n\t<section class=\"section\" id=\"section_2062330101\">\n\t\t<div class=\"section-bg fill\" >\n\t\t\t\t\t\t\t\t\t<div class=\"section-bg-overlay absolute fill\"><\/div>\n\t\t\t\n\n\t\t<\/div>\n\n\t\t\n\n\t\t<div class=\"section-content relative\">\n\t\t\t\n\n<div class=\"row row-large align-middle\"  id=\"row-649393015\">\n\n\n\t<div id=\"col-11859600\" class=\"col medium-6 small-12 large-6\"  >\n\t\t\t\t<div class=\"col-inner\"  >\n\t\t\t\n\t\t\t\n\n\t<div class=\"img has-hover x md-x lg-x y md-y lg-y\" id=\"image_1466844597\">\n\t\t\t\t\t\t\t\t<div class=\"img-inner dark\" >\n\t\t\t<img loading=\"lazy\" decoding=\"async\" width=\"800\" height=\"451\" src=\"https:\/\/laovarustus.ee\/wp-content\/uploads\/2025\/04\/img-20200428-133031.jpg\" class=\"attachment-large size-large\" alt=\"\" srcset=\"https:\/\/laovarustus.ee\/wp-content\/uploads\/2025\/04\/img-20200428-133031.jpg 800w, https:\/\/laovarustus.ee\/wp-content\/uploads\/2025\/04\/img-20200428-133031-710x400.jpg 710w, https:\/\/laovarustus.ee\/wp-content\/uploads\/2025\/04\/img-20200428-133031-768x433.jpg 768w\" sizes=\"auto, (max-width: 800px) 100vw, 800px\" \/>\t\t\t\t\t\t\n\t\t\t\t\t<\/div>\n\t\t\t\t\t\t\t\t\n<style>\n#image_1466844597 {\n  width: 100%;\n}\n<\/style>\n\t<\/div>\n\t\n\n\n\t\t<\/div>\n\t\t\t\t\t<\/div>\n\n\t\n\n\t<div id=\"col-1396479347\" class=\"col medium-6 small-12 large-6\"  >\n\t\t\t\t<div class=\"col-inner text-left\"  >\n\t\t\t\n\t\t\t\n\n\t<div id=\"text-1465408159\" class=\"text\">\n\t\t\n\n<h2>K\u00c4YTETYT LAVAHYLLYT<\/h2>\n<p>Valikoimassa eri valmistajia:<\/p>\n<p><strong>MECALUX \/ KASTEN \/ EAB \/ BR\u00c4NNEHYLTE \/ META \/ BORACKS \/ KINGMORE \/ JUNGHEINRICH \/ STOW \/ SLP \/ MAGO \/ PUNTA \/ METALSISTEM \/ SSI SCHAEFER \/ ROSSS \/ HIINA JNE.<\/strong><\/p>\n\t\t\n<style>\n#text-1465408159 {\n  color: rgb(0,0,0);\n}\n#text-1465408159 > * {\n  color: rgb(0,0,0);\n}\n<\/style>\n\t<\/div>\n\t\n\n\t\t<\/div>\n\t\t\t\t\t<\/div>\n\n\t\n\n<\/div>\n\n\t\t<\/div>\n\n\t\t\n<style>\n#section_2062330101 {\n  padding-top: 60px;\n  padding-bottom: 60px;\n  background-color: rgb(193, 193, 193);\n}\n#section_2062330101 .section-bg-overlay {\n  background-color: rgba(255, 255, 255, 0.85);\n}\n<\/style>\n\t<\/section>\n\t\n\n\t<section class=\"section\" id=\"section_1641684334\">\n\t\t<div class=\"section-bg fill\" >\n\t\t\t\t\t\t\t\t\t<div class=\"section-bg-overlay absolute fill\"><\/div>\n\t\t\t\n\n\t\t<\/div>\n\n\t\t\n\n\t\t<div class=\"section-content relative\">\n\t\t\t\n\n<div class=\"row row-large align-middle\"  id=\"row-1543503524\">\n\n\n\t<div id=\"col-1235027635\" class=\"col medium-6 small-12 large-6\"  >\n\t\t\t\t<div class=\"col-inner text-left\"  >\n\t\t\t\n\t\t\t\n\n\t<div id=\"text-3258059483\" class=\"text\">\n\t\t\n\n<h2>K\u00c4YTETYT MODUULIHALYLLYT<\/h2>\n<p>Korkeus 2100 mm<br>Syvyys 500 mm<br>Hyllyt 1000 \u00d7 500 mm<\/p>\n\t\t\n<style>\n#text-3258059483 {\n  color: rgb(0,0,0);\n}\n#text-3258059483 > * {\n  color: rgb(0,0,0);\n}\n<\/style>\n\t<\/div>\n\t\n\n\t\t<\/div>\n\t\t\t\t\t<\/div>\n\n\t\n\n\t<div id=\"col-1009003190\" class=\"col medium-6 small-12 large-6\"  >\n\t\t\t\t<div class=\"col-inner\"  >\n\t\t\t\n\t\t\t\n\n\t<div class=\"img has-hover x md-x lg-x y md-y lg-y\" id=\"image_310749377\">\n\t\t\t\t\t\t\t\t<div class=\"img-inner dark\" >\n\t\t\t<img loading=\"lazy\" decoding=\"async\" width=\"441\" height=\"283\" src=\"https:\/\/laovarustus.ee\/wp-content\/uploads\/2025\/04\/picture1.jpg\" class=\"attachment-large size-large\" alt=\"\" \/>\t\t\t\t\t\t\n\t\t\t\t\t<\/div>\n\t\t\t\t\t\t\t\t\n<style>\n#image_310749377 {\n  width: 100%;\n}\n<\/style>\n\t<\/div>\n\t\n\n\n\t\t<\/div>\n\t\t\t\t\t<\/div>\n\n\t\n\n<\/div>\n\n\t\t<\/div>\n\n\t\t\n<style>\n#section_1641684334 {\n  padding-top: 60px;\n  padding-bottom: 60px;\n  background-color: rgb(255, 255, 255);\n}\n#section_1641684334 .section-bg-overlay {\n  background-color: rgba(255, 255, 255, 0.85);\n}\n<\/style>\n\t<\/section>\n\t\n\n\t<section class=\"section\" id=\"section_946140329\">\n\t\t<div class=\"section-bg fill\" >\n\t\t\t\t\t\t\t\t\t<div class=\"section-bg-overlay absolute fill\"><\/div>\n\t\t\t\n\n\t\t<\/div>\n\n\t\t\n\n\t\t<div class=\"section-content relative\">\n\t\t\t\n\n<div class=\"row row-large align-middle\"  id=\"row-2023244008\">\n\n\n\t<div id=\"col-1430403395\" class=\"col medium-6 small-12 large-6\"  >\n\t\t\t\t<div class=\"col-inner\"  >\n\t\t\t\n\t\t\t\n\n\t<div class=\"img has-hover x md-x lg-x y md-y lg-y\" id=\"image_2134102652\">\n\t\t\t\t\t\t\t\t<div class=\"img-inner dark\" >\n\t\t\t<img loading=\"lazy\" decoding=\"async\" width=\"1020\" height=\"577\" src=\"https:\/\/laovarustus.ee\/wp-content\/uploads\/2025\/04\/2015-03-20-15-51-00_orig.jpg\" class=\"attachment-large size-large\" alt=\"\" srcset=\"https:\/\/laovarustus.ee\/wp-content\/uploads\/2025\/04\/2015-03-20-15-51-00_orig.jpg 1100w, https:\/\/laovarustus.ee\/wp-content\/uploads\/2025\/04\/2015-03-20-15-51-00_orig-707x400.jpg 707w, https:\/\/laovarustus.ee\/wp-content\/uploads\/2025\/04\/2015-03-20-15-51-00_orig-768x434.jpg 768w\" sizes=\"auto, (max-width: 1020px) 100vw, 1020px\" \/>\t\t\t\t\t\t\n\t\t\t\t\t<\/div>\n\t\t\t\t\t\t\t\t\n<style>\n#image_2134102652 {\n  width: 100%;\n}\n<\/style>\n\t<\/div>\n\t\n\n\n\t\t<\/div>\n\t\t\t\t\t<\/div>\n\n\t\n\n\t<div id=\"col-1705530932\" class=\"col medium-6 small-12 large-6\"  >\n\t\t\t\t<div class=\"col-inner text-left\"  >\n\t\t\t\n\t\t\t\n\n\t<div id=\"text-149547655\" class=\"text\">\n\t\t\n\n<h2>K\u00c4YTETTY VERKKOAIT\u0410<\/h2>\n\t\t\n<style>\n#text-149547655 {\n  color: rgb(0,0,0);\n}\n#text-149547655 > * {\n  color: rgb(0,0,0);\n}\n<\/style>\n\t<\/div>\n\t\n\n\t\t<\/div>\n\t\t\t\t\t<\/div>\n\n\t\n\n<\/div>\n\n\t\t<\/div>\n\n\t\t\n<style>\n#section_946140329 {\n  padding-top: 60px;\n  padding-bottom: 60px;\n  background-color: rgb(193, 193, 193);\n}\n#section_946140329 .section-bg-overlay {\n  background-color: rgba(255, 255, 255, 0.85);\n}\n<\/style>\n\t<\/section>\n\t\n\n\t<section class=\"section\" id=\"section_1543315497\">\n\t\t<div class=\"section-bg fill\" >\n\t\t\t\t\t\t\t\t\t<div class=\"section-bg-overlay absolute fill\"><\/div>\n\t\t\t\n\n\t\t<\/div>\n\n\t\t\n\n\t\t<div class=\"section-content relative\">\n\t\t\t\n\n<div class=\"row row-large align-middle\"  id=\"row-1262143293\">\n\n\n\t<div id=\"col-133638658\" class=\"col medium-6 small-12 large-6\"  >\n\t\t\t\t<div class=\"col-inner text-left\"  >\n\t\t\t\n\t\t\t\n\n\t<div id=\"text-832037083\" class=\"text\">\n\t\t\n\n<h2>K\u00c4YTETYT TURVAPALKIT<\/h2>\n\t\t\n<style>\n#text-832037083 {\n  color: rgb(0,0,0);\n}\n#text-832037083 > * {\n  color: rgb(0,0,0);\n}\n<\/style>\n\t<\/div>\n\t\n\n\t\t<\/div>\n\t\t\t\t\t<\/div>\n\n\t\n\n\t<div id=\"col-878992547\" class=\"col medium-6 small-12 large-6\"  >\n\t\t\t\t<div class=\"col-inner\"  >\n\t\t\t\n\t\t\t\n\n\t<div class=\"img has-hover x md-x lg-x y md-y lg-y\" id=\"image_198708339\">\n\t\t\t\t\t\t\t\t<div class=\"img-inner dark\" >\n\t\t\t<img loading=\"lazy\" decoding=\"async\" width=\"909\" height=\"465\" src=\"https:\/\/laovarustus.ee\/wp-content\/uploads\/2025\/04\/laitsetala_orig.png\" class=\"attachment-large size-large\" alt=\"\" srcset=\"https:\/\/laovarustus.ee\/wp-content\/uploads\/2025\/04\/laitsetala_orig.png 909w, https:\/\/laovarustus.ee\/wp-content\/uploads\/2025\/04\/laitsetala_orig-782x400.png 782w, https:\/\/laovarustus.ee\/wp-content\/uploads\/2025\/04\/laitsetala_orig-768x393.png 768w\" sizes=\"auto, (max-width: 909px) 100vw, 909px\" \/>\t\t\t\t\t\t\n\t\t\t\t\t<\/div>\n\t\t\t\t\t\t\t\t\n<style>\n#image_198708339 {\n  width: 100%;\n}\n<\/style>\n\t<\/div>\n\t\n\n\n\t\t<\/div>\n\t\t\t\t\t<\/div>\n\n\t\n\n<\/div>\n\n\t\t<\/div>\n\n\t\t\n<style>\n#section_1543315497 {\n  padding-top: 60px;\n  padding-bottom: 60px;\n  background-color: rgb(255, 255, 255);\n}\n#section_1543315497 .section-bg-overlay {\n  background-color: rgba(255, 255, 255, 0.85);\n}\n<\/style>\n\t<\/section>\n\t\n\n\t<section class=\"section\" id=\"section_485373334\">\n\t\t<div class=\"section-bg fill\" >\n\t\t\t\t\t\t\t\t\t\n\t\t\t\n\n\t\t<\/div>\n\n\t\t\n\n\t\t<div class=\"section-content relative\">\n\t\t\t\n\n  <style>\n    #gallery-75932684 .grid-col-1{height: 600px}\n    #gallery-75932684 .grid-col-1-2{height: 300px}\n    #gallery-75932684 .grid-col-1-3{height:200px}\n    #gallery-75932684 .grid-col-2-3{height: 400px}\n    #gallery-75932684 .grid-col-1-4{height: 150px}\n    #gallery-75932684 .grid-col-3-4{height: 450px}\n\n\n        \/* Tablet *\/\n    @media (max-width: 850px){\n      #gallery-75932684 .grid-col-1{height: 400px}\n      #gallery-75932684 .grid-col-1-2{height: 200px}\n      #gallery-75932684 .grid-col-1-3{height:133.33333333333px}\n      #gallery-75932684 .grid-col-2-3{height: 266.66666666667px}\n      #gallery-75932684 .grid-col-1-4{height: 100px}\n      #gallery-75932684 .grid-col-3-4{height: 300px}\n    }\n    \n        \/* Mobile *\/\n    @media (max-width: 550px){\n      #gallery-75932684 .grid-col-1{height: 400px}\n      #gallery-75932684 .grid-col-1-2{height: 200px}\n      #gallery-75932684 .grid-col-1-3{height:133.33333333333px}\n      #gallery-75932684 .grid-col-2-3{height: 266.66666666667px}\n      #gallery-75932684 .grid-col-1-4{height: 100px}\n      #gallery-75932684 .grid-col-3-4{height: 300px}\n    }\n    \n\n  <\/style>\n  \n  \n    <div id=\"gallery-75932684\" class=\"row row-grid\" data-packery-options='{\"itemSelector\": \".col\", \"gutter\": 0, \"presentageWidth\" : true}'>\n\n  <div class=\"gallery-col col grid-col grid-col-1 large-6 medium-12\" >\n          <div class=\"col-inner\">\n            <a class=\"image-lightbox lightbox-gallery\" href=\"https:\/\/laovarustus.ee\/wp-content\/uploads\/2025\/04\/download-1-1-1164x800.png\" title=\"\">            <div class=\"box has-hover gallery-box box-overlay dark box-text-center\">\n              <div class=\"box-image\" >\n                <img loading=\"lazy\" decoding=\"async\" width=\"582\" height=\"400\" src=\"https:\/\/laovarustus.ee\/wp-content\/uploads\/2025\/04\/download-1-1-582x400.png\" class=\"attachment-medium size-medium\" alt=\"\" ids=\"1952,1953,1954,1955,1956,1957\" style=\"normal\" type=\"grid\" srcset=\"https:\/\/laovarustus.ee\/wp-content\/uploads\/2025\/04\/download-1-1-582x400.png 582w, https:\/\/laovarustus.ee\/wp-content\/uploads\/2025\/04\/download-1-1-1164x800.png 1164w, https:\/\/laovarustus.ee\/wp-content\/uploads\/2025\/04\/download-1-1-768x528.png 768w, https:\/\/laovarustus.ee\/wp-content\/uploads\/2025\/04\/download-1-1.png 1221w\" sizes=\"auto, (max-width: 582px) 100vw, 582px\" \/>                                  <div class=\"overlay fill\"\n                      style=\"background-color: rgba(0,0,0,.15)\">\n                  <\/div>\n                                                              <\/div>\n              <div class=\"box-text text-left dark\" >\n                 <p><\/p>\n              <\/div>\n            <\/div>\n            <\/a>          <\/div>\n         <\/div><div class=\"gallery-col col grid-col grid-col-1 large-3 medium-6\" >\n          <div class=\"col-inner\">\n            <a class=\"image-lightbox lightbox-gallery\" href=\"https:\/\/laovarustus.ee\/wp-content\/uploads\/2025\/04\/download-2-1-1400x711.png\" title=\"\">            <div class=\"box has-hover gallery-box box-overlay dark box-text-center\">\n              <div class=\"box-image\" >\n                <img loading=\"lazy\" decoding=\"async\" width=\"787\" height=\"400\" src=\"https:\/\/laovarustus.ee\/wp-content\/uploads\/2025\/04\/download-2-1-787x400.png\" class=\"attachment-medium size-medium\" alt=\"\" ids=\"1952,1953,1954,1955,1956,1957\" style=\"normal\" type=\"grid\" srcset=\"https:\/\/laovarustus.ee\/wp-content\/uploads\/2025\/04\/download-2-1-787x400.png 787w, https:\/\/laovarustus.ee\/wp-content\/uploads\/2025\/04\/download-2-1-1400x711.png 1400w, https:\/\/laovarustus.ee\/wp-content\/uploads\/2025\/04\/download-2-1-768x390.png 768w, https:\/\/laovarustus.ee\/wp-content\/uploads\/2025\/04\/download-2-1-1536x780.png 1536w, https:\/\/laovarustus.ee\/wp-content\/uploads\/2025\/04\/download-2-1.png 1626w\" sizes=\"auto, (max-width: 787px) 100vw, 787px\" \/>                                  <div class=\"overlay fill\"\n                      style=\"background-color: rgba(0,0,0,.15)\">\n                  <\/div>\n                                                              <\/div>\n              <div class=\"box-text text-left dark\" >\n                 <p><\/p>\n              <\/div>\n            <\/div>\n            <\/a>          <\/div>\n         <\/div><div class=\"gallery-col col grid-col grid-col-1-2 large-3 medium-6\" >\n          <div class=\"col-inner\">\n            <a class=\"image-lightbox lightbox-gallery\" href=\"https:\/\/laovarustus.ee\/wp-content\/uploads\/2025\/04\/download-3-1.png\" title=\"\">            <div class=\"box has-hover gallery-box box-overlay dark box-text-center\">\n              <div class=\"box-image\" >\n                <img loading=\"lazy\" decoding=\"async\" width=\"512\" height=\"400\" src=\"https:\/\/laovarustus.ee\/wp-content\/uploads\/2025\/04\/download-3-1-512x400.png\" class=\"attachment-medium size-medium\" alt=\"\" ids=\"1952,1953,1954,1955,1956,1957\" style=\"normal\" type=\"grid\" srcset=\"https:\/\/laovarustus.ee\/wp-content\/uploads\/2025\/04\/download-3-1-512x400.png 512w, https:\/\/laovarustus.ee\/wp-content\/uploads\/2025\/04\/download-3-1-768x600.png 768w, https:\/\/laovarustus.ee\/wp-content\/uploads\/2025\/04\/download-3-1.png 921w\" sizes=\"auto, (max-width: 512px) 100vw, 512px\" \/>                                  <div class=\"overlay fill\"\n                      style=\"background-color: rgba(0,0,0,.15)\">\n                  <\/div>\n                                                              <\/div>\n              <div class=\"box-text text-left dark\" >\n                 <p><\/p>\n              <\/div>\n            <\/div>\n            <\/a>          <\/div>\n         <\/div><div class=\"gallery-col col grid-col grid-col-1-2 large-3 medium-6\" >\n          <div class=\"col-inner\">\n            <a class=\"image-lightbox lightbox-gallery\" href=\"https:\/\/laovarustus.ee\/wp-content\/uploads\/2025\/04\/download-12-1-1205x800.png\" title=\"\">            <div class=\"box has-hover gallery-box box-overlay dark box-text-center\">\n              <div class=\"box-image\" >\n                <img loading=\"lazy\" decoding=\"async\" width=\"603\" height=\"400\" src=\"https:\/\/laovarustus.ee\/wp-content\/uploads\/2025\/04\/download-12-1-603x400.png\" class=\"attachment-medium size-medium\" alt=\"\" ids=\"1952,1953,1954,1955,1956,1957\" style=\"normal\" type=\"grid\" srcset=\"https:\/\/laovarustus.ee\/wp-content\/uploads\/2025\/04\/download-12-1-603x400.png 603w, https:\/\/laovarustus.ee\/wp-content\/uploads\/2025\/04\/download-12-1-1205x800.png 1205w, https:\/\/laovarustus.ee\/wp-content\/uploads\/2025\/04\/download-12-1-768x510.png 768w, https:\/\/laovarustus.ee\/wp-content\/uploads\/2025\/04\/download-12-1.png 1210w\" sizes=\"auto, (max-width: 603px) 100vw, 603px\" \/>                                  <div class=\"overlay fill\"\n                      style=\"background-color: rgba(0,0,0,.15)\">\n                  <\/div>\n                                                              <\/div>\n              <div class=\"box-text text-left dark\" >\n                 <p><\/p>\n              <\/div>\n            <\/div>\n            <\/a>          <\/div>\n         <\/div><div class=\"gallery-col col grid-col grid-col-1-2 large-3 medium-6\" >\n          <div class=\"col-inner\">\n            <a class=\"image-lightbox lightbox-gallery\" href=\"https:\/\/laovarustus.ee\/wp-content\/uploads\/2025\/04\/download-1.jpeg\" title=\"\">            <div class=\"box has-hover gallery-box box-overlay dark box-text-center\">\n              <div class=\"box-image\" >\n                <img loading=\"lazy\" decoding=\"async\" width=\"300\" height=\"400\" src=\"https:\/\/laovarustus.ee\/wp-content\/uploads\/2025\/04\/download-1-300x400.jpeg\" class=\"attachment-medium size-medium\" alt=\"\" ids=\"1952,1953,1954,1955,1956,1957\" style=\"normal\" type=\"grid\" srcset=\"https:\/\/laovarustus.ee\/wp-content\/uploads\/2025\/04\/download-1-300x400.jpeg 300w, https:\/\/laovarustus.ee\/wp-content\/uploads\/2025\/04\/download-1.jpeg 480w\" sizes=\"auto, (max-width: 300px) 100vw, 300px\" \/>                                  <div class=\"overlay fill\"\n                      style=\"background-color: rgba(0,0,0,.15)\">\n                  <\/div>\n                                                              <\/div>\n              <div class=\"box-text text-left dark\" >\n                 <p><\/p>\n              <\/div>\n            <\/div>\n            <\/a>          <\/div>\n         <\/div><div class=\"gallery-col col grid-col grid-col-1-2 large-3 medium-6\" >\n          <div class=\"col-inner\">\n            <a class=\"image-lightbox lightbox-gallery\" href=\"https:\/\/laovarustus.ee\/wp-content\/uploads\/2025\/04\/download-1400x715.png\" title=\"\">            <div class=\"box has-hover gallery-box box-overlay dark box-text-center\">\n              <div class=\"box-image\" >\n                <img loading=\"lazy\" decoding=\"async\" width=\"783\" height=\"400\" src=\"https:\/\/laovarustus.ee\/wp-content\/uploads\/2025\/04\/download-783x400.png\" class=\"attachment-medium size-medium\" alt=\"\" ids=\"1952,1953,1954,1955,1956,1957\" style=\"normal\" type=\"grid\" srcset=\"https:\/\/laovarustus.ee\/wp-content\/uploads\/2025\/04\/download-783x400.png 783w, https:\/\/laovarustus.ee\/wp-content\/uploads\/2025\/04\/download-1400x715.png 1400w, https:\/\/laovarustus.ee\/wp-content\/uploads\/2025\/04\/download-768x392.png 768w, https:\/\/laovarustus.ee\/wp-content\/uploads\/2025\/04\/download-1536x785.png 1536w, https:\/\/laovarustus.ee\/wp-content\/uploads\/2025\/04\/download.png 1628w\" sizes=\"auto, (max-width: 783px) 100vw, 783px\" \/>                                  <div class=\"overlay fill\"\n                      style=\"background-color: rgba(0,0,0,.15)\">\n                  <\/div>\n                                                              <\/div>\n              <div class=\"box-text text-left dark\" >\n                 <p><\/p>\n              <\/div>\n            <\/div>\n            <\/a>          <\/div>\n         <\/div><\/div>\n\n\n\t\t<\/div>\n\n\t\t\n<style>\n#section_485373334 {\n  padding-top: 30px;\n  padding-bottom: 30px;\n}\n<\/style>\n\t<\/section>\n\t\n\n\t<section class=\"section\" id=\"section_350675529\">\n\t\t<div class=\"section-bg fill\" >\n\t\t\t\t\t\t\t\t\t\n\t\t\t\n\n\t\t<\/div>\n\n\t\t\n\n\t\t<div class=\"section-content relative\">\n\t\t\t\n\n<div class=\"row\"  id=\"row-695331887\">\n\n\n\t<div id=\"col-1589968262\" class=\"col small-12 large-12\"  >\n\t\t\t\t<div class=\"col-inner\"  >\n\t\t\t\n\t\t\t\n\n\t<div id=\"text-53067931\" class=\"text\">\n\t\t\n\n<h2>Ota yhteytt\u00e4!<\/h2>\n\t\t\n<style>\n#text-53067931 {\n  text-align: center;\n}\n<\/style>\n\t<\/div>\n\t\n\n<div class=\"wpcf7 no-js\" id=\"wpcf7-f2831-o1\" lang=\"fi\" dir=\"ltr\" data-wpcf7-id=\"2831\">\n<div class=\"screen-reader-response\"><p role=\"status\" aria-live=\"polite\" aria-atomic=\"true\"><\/p> <ul><\/ul><\/div>\n<form action=\"\/fi\/wp-json\/wp\/v2\/pages\/1962#wpcf7-f2831-o1\" method=\"post\" class=\"wpcf7-form init\" aria-label=\"Yhteydenottolomake\" novalidate=\"novalidate\" data-status=\"init\">\n<fieldset class=\"hidden-fields-container\"><input type=\"hidden\" name=\"_wpcf7\" value=\"2831\" \/><input type=\"hidden\" name=\"_wpcf7_version\" value=\"6.1.5\" \/><input type=\"hidden\" name=\"_wpcf7_locale\" value=\"fi\" \/><input type=\"hidden\" name=\"_wpcf7_unit_tag\" value=\"wpcf7-f2831-o1\" \/><input type=\"hidden\" name=\"_wpcf7_container_post\" value=\"0\" \/><input type=\"hidden\" name=\"_wpcf7_posted_data_hash\" value=\"\" \/>\n<\/fieldset>\n<p><label> Nimi<br \/>\n<span class=\"wpcf7-form-control-wrap\" data-name=\"your-name\"><input size=\"40\" maxlength=\"400\" class=\"wpcf7-form-control wpcf7-text wpcf7-validates-as-required\" autocomplete=\"name\" aria-required=\"true\" aria-invalid=\"false\" value=\"\" type=\"text\" name=\"your-name\" \/><\/span> <\/label>\n<\/p>\n<p><label> S\u00e4hk\u00f6posti<br \/>\n<span class=\"wpcf7-form-control-wrap\" data-name=\"your-email\"><input size=\"40\" maxlength=\"400\" class=\"wpcf7-form-control wpcf7-email wpcf7-validates-as-required wpcf7-text wpcf7-validates-as-email\" autocomplete=\"email\" aria-required=\"true\" aria-invalid=\"false\" value=\"\" type=\"email\" name=\"your-email\" \/><\/span> <\/label>\n<\/p>\n<p><label> S\u00e4hk\u00f6postin aihe<br \/>\n<span class=\"wpcf7-form-control-wrap\" data-name=\"your-subject\"><input size=\"40\" maxlength=\"400\" class=\"wpcf7-form-control wpcf7-text wpcf7-validates-as-required\" aria-required=\"true\" aria-invalid=\"false\" value=\"\" type=\"text\" name=\"your-subject\" \/><\/span> <\/label>\n<\/p>\n<p><label> Viestisi<br \/>\n<span class=\"wpcf7-form-control-wrap\" data-name=\"your-message\"><textarea cols=\"40\" rows=\"10\" maxlength=\"2000\" class=\"wpcf7-form-control wpcf7-textarea\" aria-invalid=\"false\" name=\"your-message\"><\/textarea><\/span> <\/label>\n<\/p>\n<p><input class=\"wpcf7-form-control wpcf7-submit has-spinner\" type=\"submit\" value=\"L\u00e4het\u00e4\" \/>\n<\/p><div class=\"wpcf7-response-output\" aria-hidden=\"true\"><\/div>\n<\/form>\n<\/div>\n\n\n\n\t\t<\/div>\n\t\t\t\t\t<\/div>\n\n\t\n\n<\/div>\n\n\t\t<\/div>\n\n\t\t\n<style>\n#section_350675529 {\n  padding-top: 30px;\n  padding-bottom: 30px;\n}\n<\/style>\n\t<\/section>\n\t\n\n","protected":false},"excerpt":{"rendered":"","protected":false},"author":1,"featured_media":0,"parent":0,"menu_order":0,"comment_status":"closed","ping_status":"closed","template":"","meta":{"om_disable_all_campaigns":false,"_monsterinsights_skip_tracking":false,"_monsterinsights_sitenote_active":false,"_monsterinsights_sitenote_note":"","_monsterinsights_sitenote_category":0,"footnotes":""},"class_list":["post-1962","page","type-page","status-publish","hentry"],"aioseo_notices":[],"_links":{"self":[{"href":"https:\/\/laovarustus.ee\/fi\/wp-json\/wp\/v2\/pages\/1962","targetHints":{"allow":["GET"]}}],"collection":[{"href":"https:\/\/laovarustus.ee\/fi\/wp-json\/wp\/v2\/pages"}],"about":[{"href":"https:\/\/laovarustus.ee\/fi\/wp-json\/wp\/v2\/types\/page"}],"author":[{"embeddable":true,"href":"https:\/\/laovarustus.ee\/fi\/wp-json\/wp\/v2\/users\/1"}],"replies":[{"embeddable":true,"href":"https:\/\/laovarustus.ee\/fi\/wp-json\/wp\/v2\/comments?post=1962"}],"version-history":[{"count":4,"href":"https:\/\/laovarustus.ee\/fi\/wp-json\/wp\/v2\/pages\/1962\/revisions"}],"predecessor-version":[{"id":2637,"href":"https:\/\/laovarustus.ee\/fi\/wp-json\/wp\/v2\/pages\/1962\/revisions\/2637"}],"wp:attachment":[{"href":"https:\/\/laovarustus.ee\/fi\/wp-json\/wp\/v2\/media?parent=1962"}],"curies":[{"name":"wp","href":"https:\/\/api.w.org\/{rel}","templated":true}]}}