{"id":2186,"date":"2025-04-21T22:45:43","date_gmt":"2025-04-21T22:45:43","guid":{"rendered":"https:\/\/laovarustus.ee\/muovisuojat\/"},"modified":"2026-02-27T12:44:23","modified_gmt":"2026-02-27T12:44:23","slug":"muovisuojat","status":"publish","type":"page","link":"https:\/\/laovarustus.ee\/fi\/varaston-ja-varastohyllyjen-suojajarjestelmat\/muovisuojat\/","title":{"rendered":"Muovisuojat"},"content":{"rendered":"\n\n\t<section class=\"section\" id=\"section_1726082569\">\n\t\t<div class=\"section-bg fill\" >\n\t\t\t<img loading=\"lazy\" decoding=\"async\" width=\"1920\" height=\"687\" src=\"https:\/\/laovarustus.ee\/wp-content\/uploads\/2025\/04\/1386807854.jpg\" class=\"bg attachment- size-\" alt=\"\" \/>\t\t\t\t\t\t\n\t\t\t\n\n\t\t<\/div>\n\n\t\t\n\n\t\t<div class=\"section-content relative\">\n\t\t\t\n\n  <div id=\"page-header-223368801\" class=\"page-header-wrapper\">\n  <div class=\"page-title dark simple-title\">\n\n    \n    <div class=\"page-title-inner container align-center flex-row medium-flex-wrap\" >\n              <div class=\"title-wrapper flex-col text-left medium-text-center\">\n          <h1 class=\"entry-title mb-0\">\n            Muovisuojat          <\/h1>\n        <\/div>\n                    <div class=\"title-content flex-col flex-right text-right medium-text-center\">\n        <div class=\"title-breadcrumbs pb-half pt-half\"><\/div>      <\/div>\n    <\/div>\n\n       <\/div>\n    <\/div>\n  \n\n\n\t\t<\/div>\n\n\t\t\n<style>\n#section_1726082569 {\n  padding-top: 30px;\n  padding-bottom: 30px;\n}\n<\/style>\n\t<\/section>\n\t\n\n\t<section class=\"section\" id=\"section_689941993\">\n\t\t<div class=\"section-bg fill\" >\n\t\t\t\t\t\t\t\t\t<div class=\"section-bg-overlay absolute fill\"><\/div>\n\t\t\t\n\n\t\t<\/div>\n\n\t\t\n\n\t\t<div class=\"section-content relative\">\n\t\t\t\n\n<div class=\"row row-collapse align-center\"  id=\"row-1348528449\">\n\n\n\t<div id=\"col-1560487872\" class=\"col small-12 large-12\"  >\n\t\t\t\t<div class=\"col-inner text-center\"  >\n\t\t\t\n\t\t\t\n\n\t<div id=\"text-3460462576\" class=\"text\">\n\t\t\n\n<p>Tarjoamme italialaisen valmistajan MPM-suojaj\u00e4rjestelmi\u00e4. Joustavat suojat on valmistettu teknisest\u00e4 polymeerist\u00e4. MPM-suojaratkaisujen valitseminen tarkoittaa investoimista turvalliseen ja tehokkaaseen ty\u00f6ymp\u00e4rist\u00f6\u00f6n.   <\/p>\n<p>Tutustu eri kategorioihin ja tuotteisiin l\u00f6yt\u00e4\u00e4ksesi tarpeisiinne parhaiten sopivan suojaj\u00e4rjestelm\u00e4n.<\/p>\n\n\t\t\n<style>\n#text-3460462576 {\n  color: rgb(0,0,0);\n}\n#text-3460462576 > * {\n  color: rgb(0,0,0);\n}\n<\/style>\n\t<\/div>\n\t\n\n\t\t<\/div>\n\t\t\t\t\n<style>\n#col-1560487872 > .col-inner {\n  padding: 50px 0px 50px 0px;\n}\n<\/style>\n\t<\/div>\n\n\t\n\n\t<div id=\"col-843430044\" class=\"col small-12 large-12\"  >\n\t\t\t\t<div class=\"col-inner\"  >\n\t\t\t\n\t\t\t\n\n  <style>\n    #gallery-2118695075 .grid-col-1{height: 400px}\n    #gallery-2118695075 .grid-col-1-2{height: 200px}\n    #gallery-2118695075 .grid-col-1-3{height:133.33333333333px}\n    #gallery-2118695075 .grid-col-2-3{height: 266.66666666667px}\n    #gallery-2118695075 .grid-col-1-4{height: 100px}\n    #gallery-2118695075 .grid-col-3-4{height: 300px}\n\n\n        \/* Tablet *\/\n    @media (max-width: 850px){\n      #gallery-2118695075 .grid-col-1{height: 266.66666666667px}\n      #gallery-2118695075 .grid-col-1-2{height: 133.33333333333px}\n      #gallery-2118695075 .grid-col-1-3{height:88.888888888889px}\n      #gallery-2118695075 .grid-col-2-3{height: 177.77777777778px}\n      #gallery-2118695075 .grid-col-1-4{height: 66.666666666667px}\n      #gallery-2118695075 .grid-col-3-4{height: 200px}\n    }\n    \n        \/* Mobile *\/\n    @media (max-width: 550px){\n      #gallery-2118695075 .grid-col-1{height: 266.66666666667px}\n      #gallery-2118695075 .grid-col-1-2{height: 133.33333333333px}\n      #gallery-2118695075 .grid-col-1-3{height:88.888888888889px}\n      #gallery-2118695075 .grid-col-2-3{height: 177.77777777778px}\n      #gallery-2118695075 .grid-col-1-4{height: 66.666666666667px}\n      #gallery-2118695075 .grid-col-3-4{height: 200px}\n    }\n    \n\n  <\/style>\n  \n  \n    <div id=\"gallery-2118695075\" class=\"row row-grid\" data-packery-options='{\"itemSelector\": \".col\", \"gutter\": 0, \"presentageWidth\" : true}'>\n\n  <div class=\"gallery-col col grid-col grid-col-2-3 large-6 medium-12\" >\n          <div class=\"col-inner\">\n            <a class=\"image-lightbox lightbox-gallery\" href=\"https:\/\/laovarustus.ee\/wp-content\/uploads\/2025\/04\/download-1-12-1400x518.png\" title=\"\">            <div class=\"box has-hover gallery-box box-overlay dark box-text-center\">\n              <div class=\"box-image\" >\n                <img loading=\"lazy\" decoding=\"async\" width=\"1020\" height=\"377\" src=\"https:\/\/laovarustus.ee\/wp-content\/uploads\/2025\/04\/download-1-12-1400x518.png\" class=\"attachment-large size-large\" alt=\"\" ids=\"2189,2190,2191,2192,2193,2194\" type=\"grid\" grid=\"11\" grid_height=\"400px\" srcset=\"https:\/\/laovarustus.ee\/wp-content\/uploads\/2025\/04\/download-1-12-1400x518.png 1400w, https:\/\/laovarustus.ee\/wp-content\/uploads\/2025\/04\/download-1-12-800x296.png 800w, https:\/\/laovarustus.ee\/wp-content\/uploads\/2025\/04\/download-1-12-768x284.png 768w, https:\/\/laovarustus.ee\/wp-content\/uploads\/2025\/04\/download-1-12-1536x568.png 1536w, https:\/\/laovarustus.ee\/wp-content\/uploads\/2025\/04\/download-1-12.png 1578w\" sizes=\"auto, (max-width: 1020px) 100vw, 1020px\" \/>                                  <div class=\"overlay fill\"\n                      style=\"background-color: rgba(0,0,0,.15)\">\n                  <\/div>\n                                                              <\/div>\n              <div class=\"box-text text-left dark\" >\n                 <p><\/p>\n              <\/div>\n            <\/div>\n            <\/a>          <\/div>\n         <\/div><div class=\"gallery-col col grid-col grid-col-2-3 large-3 medium-6\" >\n          <div class=\"col-inner\">\n            <a class=\"image-lightbox lightbox-gallery\" href=\"https:\/\/laovarustus.ee\/wp-content\/uploads\/2025\/04\/download-2-10-1400x518.png\" title=\"\">            <div class=\"box has-hover gallery-box box-overlay dark box-text-center\">\n              <div class=\"box-image\" >\n                <img loading=\"lazy\" decoding=\"async\" width=\"800\" height=\"296\" src=\"https:\/\/laovarustus.ee\/wp-content\/uploads\/2025\/04\/download-2-10-800x296.png\" class=\"attachment-medium size-medium\" alt=\"\" ids=\"2189,2190,2191,2192,2193,2194\" type=\"grid\" grid=\"11\" grid_height=\"400px\" srcset=\"https:\/\/laovarustus.ee\/wp-content\/uploads\/2025\/04\/download-2-10-800x296.png 800w, https:\/\/laovarustus.ee\/wp-content\/uploads\/2025\/04\/download-2-10-1400x518.png 1400w, https:\/\/laovarustus.ee\/wp-content\/uploads\/2025\/04\/download-2-10-768x284.png 768w, https:\/\/laovarustus.ee\/wp-content\/uploads\/2025\/04\/download-2-10-1536x568.png 1536w, https:\/\/laovarustus.ee\/wp-content\/uploads\/2025\/04\/download-2-10.png 1578w\" sizes=\"auto, (max-width: 800px) 100vw, 800px\" \/>                                  <div class=\"overlay fill\"\n                      style=\"background-color: rgba(0,0,0,.15)\">\n                  <\/div>\n                                                              <\/div>\n              <div class=\"box-text text-left dark\" >\n                 <p><\/p>\n              <\/div>\n            <\/div>\n            <\/a>          <\/div>\n         <\/div><div class=\"gallery-col col grid-col grid-col-1 large-3 medium-6\" >\n          <div class=\"col-inner\">\n            <a class=\"image-lightbox lightbox-gallery\" href=\"https:\/\/laovarustus.ee\/wp-content\/uploads\/2025\/04\/download-3-8-740x800.png\" title=\"\">            <div class=\"box has-hover gallery-box box-overlay dark box-text-center\">\n              <div class=\"box-image\" >\n                <img loading=\"lazy\" decoding=\"async\" width=\"370\" height=\"400\" src=\"https:\/\/laovarustus.ee\/wp-content\/uploads\/2025\/04\/download-3-8-370x400.png\" class=\"attachment-medium size-medium\" alt=\"\" ids=\"2189,2190,2191,2192,2193,2194\" type=\"grid\" grid=\"11\" grid_height=\"400px\" srcset=\"https:\/\/laovarustus.ee\/wp-content\/uploads\/2025\/04\/download-3-8-370x400.png 370w, https:\/\/laovarustus.ee\/wp-content\/uploads\/2025\/04\/download-3-8-740x800.png 740w, https:\/\/laovarustus.ee\/wp-content\/uploads\/2025\/04\/download-3-8.png 747w\" sizes=\"auto, (max-width: 370px) 100vw, 370px\" \/>                                  <div class=\"overlay fill\"\n                      style=\"background-color: rgba(0,0,0,.15)\">\n                  <\/div>\n                                                              <\/div>\n              <div class=\"box-text text-left dark\" >\n                 <p><\/p>\n              <\/div>\n            <\/div>\n            <\/a>          <\/div>\n         <\/div><div class=\"gallery-col col grid-col grid-col-2-3 large-3 medium-6\" >\n          <div class=\"col-inner\">\n            <a class=\"image-lightbox lightbox-gallery\" href=\"https:\/\/laovarustus.ee\/wp-content\/uploads\/2025\/04\/download-4-8.png\" title=\"\">            <div class=\"box has-hover gallery-box box-overlay dark box-text-center\">\n              <div class=\"box-image\" >\n                <img loading=\"lazy\" decoding=\"async\" width=\"367\" height=\"363\" src=\"https:\/\/laovarustus.ee\/wp-content\/uploads\/2025\/04\/download-4-8.png\" class=\"attachment-medium size-medium\" alt=\"\" ids=\"2189,2190,2191,2192,2193,2194\" type=\"grid\" grid=\"11\" grid_height=\"400px\" \/>                                  <div class=\"overlay fill\"\n                      style=\"background-color: rgba(0,0,0,.15)\">\n                  <\/div>\n                                                              <\/div>\n              <div class=\"box-text text-left dark\" >\n                 <p><\/p>\n              <\/div>\n            <\/div>\n            <\/a>          <\/div>\n         <\/div><div class=\"gallery-col col grid-col grid-col-1-3 large-6 medium-12\" >\n          <div class=\"col-inner\">\n            <a class=\"image-lightbox lightbox-gallery\" href=\"https:\/\/laovarustus.ee\/wp-content\/uploads\/2025\/04\/download-12-2.png\" title=\"\">            <div class=\"box has-hover gallery-box box-overlay dark box-text-center\">\n              <div class=\"box-image\" >\n                <img loading=\"lazy\" decoding=\"async\" width=\"800\" height=\"265\" src=\"https:\/\/laovarustus.ee\/wp-content\/uploads\/2025\/04\/download-12-2-800x265.png\" class=\"attachment-medium size-medium\" alt=\"\" ids=\"2189,2190,2191,2192,2193,2194\" type=\"grid\" grid=\"11\" grid_height=\"400px\" srcset=\"https:\/\/laovarustus.ee\/wp-content\/uploads\/2025\/04\/download-12-2-800x265.png 800w, https:\/\/laovarustus.ee\/wp-content\/uploads\/2025\/04\/download-12-2-768x254.png 768w, https:\/\/laovarustus.ee\/wp-content\/uploads\/2025\/04\/download-12-2.png 1307w\" sizes=\"auto, (max-width: 800px) 100vw, 800px\" \/>                                  <div class=\"overlay fill\"\n                      style=\"background-color: rgba(0,0,0,.15)\">\n                  <\/div>\n                                                              <\/div>\n              <div class=\"box-text text-left dark\" >\n                 <p><\/p>\n              <\/div>\n            <\/div>\n            <\/a>          <\/div>\n         <\/div><div class=\"gallery-col col grid-col grid-col-1-3 large-6 medium-12\" >\n          <div class=\"col-inner\">\n            <a class=\"image-lightbox lightbox-gallery\" href=\"https:\/\/laovarustus.ee\/wp-content\/uploads\/2025\/04\/download-24.png\" title=\"\">            <div class=\"box has-hover gallery-box box-overlay dark box-text-center\">\n              <div class=\"box-image\" >\n                <img loading=\"lazy\" decoding=\"async\" width=\"800\" height=\"400\" src=\"https:\/\/laovarustus.ee\/wp-content\/uploads\/2025\/04\/download-24-800x400.png\" class=\"attachment-medium size-medium\" alt=\"\" ids=\"2189,2190,2191,2192,2193,2194\" type=\"grid\" grid=\"11\" grid_height=\"400px\" srcset=\"https:\/\/laovarustus.ee\/wp-content\/uploads\/2025\/04\/download-24-800x400.png 800w, https:\/\/laovarustus.ee\/wp-content\/uploads\/2025\/04\/download-24-768x385.png 768w, https:\/\/laovarustus.ee\/wp-content\/uploads\/2025\/04\/download-24.png 1190w\" sizes=\"auto, (max-width: 800px) 100vw, 800px\" \/>                                  <div class=\"overlay fill\"\n                      style=\"background-color: rgba(0,0,0,.15)\">\n                  <\/div>\n                                                              <\/div>\n              <div class=\"box-text text-left dark\" >\n                 <p><\/p>\n              <\/div>\n            <\/div>\n            <\/a>          <\/div>\n         <\/div><\/div>\n\n\n\t\t<\/div>\n\t\t\t\t\t<\/div>\n\n\t\n\n<\/div>\n\n\t\t<\/div>\n\n\t\t\n<style>\n#section_689941993 {\n  padding-top: 0px;\n  padding-bottom: 0px;\n  background-color: rgb(208, 208, 208);\n}\n#section_689941993 .section-bg-overlay {\n  background-color: rgba(255, 255, 255, 0.85);\n}\n<\/style>\n\t<\/section>\n\t\n\n\t<section class=\"section\" id=\"section_154449794\">\n\t\t<div class=\"section-bg fill\" >\n\t\t\t\t\t\t\t\t\t\n\t\t\t\n\n\t\t<\/div>\n\n\t\t\n\n\t\t<div class=\"section-content relative\">\n\t\t\t\n\n<div class=\"row\"  id=\"row-387068381\">\n\n\n\t<div id=\"col-219814486\" class=\"col small-12 large-12\"  >\n\t\t\t\t<div class=\"col-inner\"  >\n\t\t\t\n\t\t\t\n\n<div class=\"container section-title-container\" ><h3 class=\"section-title section-title-center\"><b aria-hidden=\"true\"><\/b><span class=\"section-title-main\" >Ota yhteytt\u00e4!<\/span><b aria-hidden=\"true\"><\/b><\/h3><\/div>\n\n\n<div class=\"wpcf7 no-js\" id=\"wpcf7-f2831-o1\" lang=\"fi\" dir=\"ltr\" data-wpcf7-id=\"2831\">\n<div class=\"screen-reader-response\"><p role=\"status\" aria-live=\"polite\" aria-atomic=\"true\"><\/p> <ul><\/ul><\/div>\n<form action=\"\/fi\/wp-json\/wp\/v2\/pages\/2186#wpcf7-f2831-o1\" method=\"post\" class=\"wpcf7-form init\" aria-label=\"Yhteydenottolomake\" novalidate=\"novalidate\" data-status=\"init\">\n<fieldset class=\"hidden-fields-container\"><input type=\"hidden\" name=\"_wpcf7\" value=\"2831\" \/><input type=\"hidden\" name=\"_wpcf7_version\" value=\"6.1.5\" \/><input type=\"hidden\" name=\"_wpcf7_locale\" value=\"fi\" \/><input type=\"hidden\" name=\"_wpcf7_unit_tag\" value=\"wpcf7-f2831-o1\" \/><input type=\"hidden\" name=\"_wpcf7_container_post\" value=\"0\" \/><input type=\"hidden\" name=\"_wpcf7_posted_data_hash\" value=\"\" \/>\n<\/fieldset>\n<p><label> Nimi<br \/>\n<span class=\"wpcf7-form-control-wrap\" data-name=\"your-name\"><input size=\"40\" maxlength=\"400\" class=\"wpcf7-form-control wpcf7-text wpcf7-validates-as-required\" autocomplete=\"name\" aria-required=\"true\" aria-invalid=\"false\" value=\"\" type=\"text\" name=\"your-name\" \/><\/span> <\/label>\n<\/p>\n<p><label> S\u00e4hk\u00f6posti<br \/>\n<span class=\"wpcf7-form-control-wrap\" data-name=\"your-email\"><input size=\"40\" maxlength=\"400\" class=\"wpcf7-form-control wpcf7-email wpcf7-validates-as-required wpcf7-text wpcf7-validates-as-email\" autocomplete=\"email\" aria-required=\"true\" aria-invalid=\"false\" value=\"\" type=\"email\" name=\"your-email\" \/><\/span> <\/label>\n<\/p>\n<p><label> S\u00e4hk\u00f6postin aihe<br \/>\n<span class=\"wpcf7-form-control-wrap\" data-name=\"your-subject\"><input size=\"40\" maxlength=\"400\" class=\"wpcf7-form-control wpcf7-text wpcf7-validates-as-required\" aria-required=\"true\" aria-invalid=\"false\" value=\"\" type=\"text\" name=\"your-subject\" \/><\/span> <\/label>\n<\/p>\n<p><label> Viestisi<br \/>\n<span class=\"wpcf7-form-control-wrap\" data-name=\"your-message\"><textarea cols=\"40\" rows=\"10\" maxlength=\"2000\" class=\"wpcf7-form-control wpcf7-textarea\" aria-invalid=\"false\" name=\"your-message\"><\/textarea><\/span> <\/label>\n<\/p>\n<p><input class=\"wpcf7-form-control wpcf7-submit has-spinner\" type=\"submit\" value=\"L\u00e4het\u00e4\" \/>\n<\/p><div class=\"wpcf7-response-output\" aria-hidden=\"true\"><\/div>\n<\/form>\n<\/div>\n\n\n\n\t\t<\/div>\n\t\t\t\t\t<\/div>\n\n\t\n\n<\/div>\n\n\t\t<\/div>\n\n\t\t\n<style>\n#section_154449794 {\n  padding-top: 30px;\n  padding-bottom: 30px;\n}\n<\/style>\n\t<\/section>\n\t\n\n","protected":false},"excerpt":{"rendered":"","protected":false},"author":1,"featured_media":0,"parent":2710,"menu_order":0,"comment_status":"closed","ping_status":"closed","template":"","meta":{"om_disable_all_campaigns":false,"_monsterinsights_skip_tracking":false,"_monsterinsights_sitenote_active":false,"_monsterinsights_sitenote_note":"","_monsterinsights_sitenote_category":0,"footnotes":""},"class_list":["post-2186","page","type-page","status-publish","hentry"],"aioseo_notices":[],"_links":{"self":[{"href":"https:\/\/laovarustus.ee\/fi\/wp-json\/wp\/v2\/pages\/2186","targetHints":{"allow":["GET"]}}],"collection":[{"href":"https:\/\/laovarustus.ee\/fi\/wp-json\/wp\/v2\/pages"}],"about":[{"href":"https:\/\/laovarustus.ee\/fi\/wp-json\/wp\/v2\/types\/page"}],"author":[{"embeddable":true,"href":"https:\/\/laovarustus.ee\/fi\/wp-json\/wp\/v2\/users\/1"}],"replies":[{"embeddable":true,"href":"https:\/\/laovarustus.ee\/fi\/wp-json\/wp\/v2\/comments?post=2186"}],"version-history":[{"count":2,"href":"https:\/\/laovarustus.ee\/fi\/wp-json\/wp\/v2\/pages\/2186\/revisions"}],"predecessor-version":[{"id":2196,"href":"https:\/\/laovarustus.ee\/fi\/wp-json\/wp\/v2\/pages\/2186\/revisions\/2196"}],"up":[{"embeddable":true,"href":"https:\/\/laovarustus.ee\/fi\/wp-json\/wp\/v2\/pages\/2710"}],"wp:attachment":[{"href":"https:\/\/laovarustus.ee\/fi\/wp-json\/wp\/v2\/media?parent=2186"}],"curies":[{"name":"wp","href":"https:\/\/api.w.org\/{rel}","templated":true}]}}