{"id":2208,"date":"2025-04-18T22:35:37","date_gmt":"2025-04-18T22:35:37","guid":{"rendered":"https:\/\/laovarustus.ee\/varaston-erikoisratkaisut-seka-automatisoitujen-linjojen-suunnittelu-ja-valmistus-mittatilaustyona\/"},"modified":"2026-02-23T10:14:13","modified_gmt":"2026-02-23T10:14:13","slug":"varaston-erikoisratkaisut-seka-automatisoitujen-linjojen-suunnittelu-ja-valmistus-mittatilaustyona","status":"publish","type":"page","link":"https:\/\/laovarustus.ee\/fi\/varaston-erikoisratkaisut-seka-automatisoitujen-linjojen-suunnittelu-ja-valmistus-mittatilaustyona\/","title":{"rendered":"Varaston erikoisratkaisut sek\u00e4 automatisoitujen linjojen suunnittelu ja valmistus mittatilausty\u00f6n\u00e4"},"content":{"rendered":"\n\n\t<section class=\"section\" id=\"section_543063867\">\n\t\t<div class=\"section-bg fill\" >\n\t\t\t<img loading=\"lazy\" decoding=\"async\" width=\"873\" height=\"586\" src=\"https:\/\/laovarustus.ee\/wp-content\/uploads\/2025\/04\/download-2-5.png\" class=\"bg attachment- size-\" alt=\"\" \/>\t\t\t\t\t\t\n\t\t\t\n\n\t\t<\/div>\n\n\t\t\n\n\t\t<div class=\"section-content relative\">\n\t\t\t\n\n  <div id=\"page-header-1123270909\" class=\"page-header-wrapper\">\n  <div class=\"page-title dark simple-title\">\n\n    \n    <div class=\"page-title-inner container align-center flex-row medium-flex-wrap\" >\n              <div class=\"title-wrapper flex-col text-left medium-text-center\">\n          <h1 class=\"entry-title mb-0\">\n            Varaston erikoisratkaisut sek\u00e4 automatisoitujen linjojen suunnittelu ja valmistus mittatilausty\u00f6n\u00e4          <\/h1>\n        <\/div>\n                    <div class=\"title-content flex-col flex-right text-right medium-text-center\">\n        <div class=\"title-breadcrumbs pb-half pt-half\"><\/div>      <\/div>\n    <\/div>\n\n       <\/div>\n    <\/div>\n  \n\n\n\t\t<\/div>\n\n\t\t\n<style>\n#section_543063867 {\n  padding-top: 30px;\n  padding-bottom: 30px;\n}\n<\/style>\n\t<\/section>\n\t\n\n\t<section class=\"section\" id=\"section_2140551555\">\n\t\t<div class=\"section-bg fill\" >\n\t\t\t\t\t\t\t\t\t<div class=\"section-bg-overlay absolute fill\"><\/div>\n\t\t\t\n\n\t\t<\/div>\n\n\t\t\n\n\t\t<div class=\"section-content relative\">\n\t\t\t\n\n<div class=\"row row-collapse align-center\"  id=\"row-1518005525\">\n\n\n\t<div id=\"col-344634928\" class=\"col small-12 large-12\"  >\n\t\t\t\t<div class=\"col-inner\"  >\n\t\t\t\n\t\t\t\n\n\t<div id=\"text-2724152789\" class=\"text\">\n\t\t\n\n<h3>Etsittek\u00f6 erikoisratkaisuja varastoonne tai yrityksellenne, mutta valmisratkaisut eiv\u00e4t vastaa tarpeitanne? <\/h3>\n<p>Ei huolta! Laovarustus O\u00dc on t\u00e4\u00e4ll\u00e4 auttamassa! Kokenut tiimimme suunnittelee ja valmistaa r\u00e4\u00e4t\u00e4l\u00f6ityj\u00e4 ratkaisuja, jotka tyydytt\u00e4v\u00e4t vaativimmatkin asiakkaat. Toteutamme ideanne ja tarpeenne. Ottakaa meihin yhteytt\u00e4 ja selvitt\u00e4k\u00e4\u00e4, kuinka voimme parantaa logistiikkaprosessejanne!    <\/p>\n\n\t\t\n<style>\n#text-2724152789 {\n  text-align: center;\n  color: rgb(0,0,0);\n}\n#text-2724152789 > * {\n  color: rgb(0,0,0);\n}\n<\/style>\n\t<\/div>\n\t\n\n\t\t<\/div>\n\t\t\t\t\t<\/div>\n\n\t\n\n\t<div id=\"col-175891183\" class=\"col small-12 large-12\"  >\n\t\t\t\t<div class=\"col-inner text-center\"  >\n\t\t\t\n\t\t\t\n\n\t<div id=\"text-4248689154\" class=\"text\">\n\t\t\n\n<p> <\/p>\n<h2>Mecaluxin siirrett\u00e4v\u00e4t ja automaattiset hyllyj\u00e4rjestelm\u00e4t<\/h2>\n<p>Mecalux tarjoaa huipputason siirrett\u00e4vi\u00e4 ja automaattisia hyllyratkaisuja, jotka auttavat maksimoimaan varastotilan, parantamaan tehokkuutta ja v\u00e4hent\u00e4m\u00e4\u00e4n kustannuksia.<\/p>\n\t\t\n<style>\n#text-4248689154 {\n  color: rgb(0,0,0);\n}\n#text-4248689154 > * {\n  color: rgb(0,0,0);\n}\n<\/style>\n\t<\/div>\n\t\n\n\t\t<\/div>\n\t\t\t\t\n<style>\n#col-175891183 > .col-inner {\n  padding: 50px 0px 50px 0px;\n}\n<\/style>\n\t<\/div>\n\n\t\n\n\t<div id=\"col-111894041\" class=\"col large-12\"  >\n\t\t\t\t<div class=\"col-inner\"  >\n\t\t\t\n\t\t\t\n\n  <style>\n    #gallery-271355475 .grid-col-1{height: 400px}\n    #gallery-271355475 .grid-col-1-2{height: 200px}\n    #gallery-271355475 .grid-col-1-3{height:133.33333333333px}\n    #gallery-271355475 .grid-col-2-3{height: 266.66666666667px}\n    #gallery-271355475 .grid-col-1-4{height: 100px}\n    #gallery-271355475 .grid-col-3-4{height: 300px}\n\n\n        \/* Tablet *\/\n    @media (max-width: 850px){\n      #gallery-271355475 .grid-col-1{height: 266.66666666667px}\n      #gallery-271355475 .grid-col-1-2{height: 133.33333333333px}\n      #gallery-271355475 .grid-col-1-3{height:88.888888888889px}\n      #gallery-271355475 .grid-col-2-3{height: 177.77777777778px}\n      #gallery-271355475 .grid-col-1-4{height: 66.666666666667px}\n      #gallery-271355475 .grid-col-3-4{height: 200px}\n    }\n    \n        \/* Mobile *\/\n    @media (max-width: 550px){\n      #gallery-271355475 .grid-col-1{height: 266.66666666667px}\n      #gallery-271355475 .grid-col-1-2{height: 133.33333333333px}\n      #gallery-271355475 .grid-col-1-3{height:88.888888888889px}\n      #gallery-271355475 .grid-col-2-3{height: 177.77777777778px}\n      #gallery-271355475 .grid-col-1-4{height: 66.666666666667px}\n      #gallery-271355475 .grid-col-3-4{height: 200px}\n    }\n    \n\n  <\/style>\n  \n  \n    <div id=\"gallery-271355475\" class=\"row row-grid\" data-packery-options='{\"itemSelector\": \".col\", \"gutter\": 0, \"presentageWidth\" : true}'>\n\n  <div class=\"gallery-col col grid-col grid-col-1 large-12 medium-12\" >\n          <div class=\"col-inner\">\n            <a class=\"image-lightbox lightbox-gallery\" href=\"https:\/\/laovarustus.ee\/wp-content\/uploads\/2025\/04\/download-2-6.png\" title=\"\">            <div class=\"box has-hover gallery-box box-overlay dark box-text-center\">\n              <div class=\"box-image\" >\n                <img loading=\"lazy\" decoding=\"async\" width=\"873\" height=\"586\" src=\"https:\/\/laovarustus.ee\/wp-content\/uploads\/2025\/04\/download-2-6.png\" class=\"attachment-large size-large\" alt=\"\" ids=\"2211,2212,2213,2214,2215,2216,2217\" type=\"grid\" grid=\"2\" grid_height=\"400px\" srcset=\"https:\/\/laovarustus.ee\/wp-content\/uploads\/2025\/04\/download-2-6.png 873w, https:\/\/laovarustus.ee\/wp-content\/uploads\/2025\/04\/download-2-6-596x400.png 596w, https:\/\/laovarustus.ee\/wp-content\/uploads\/2025\/04\/download-2-6-768x516.png 768w\" sizes=\"auto, (max-width: 873px) 100vw, 873px\" \/>                                  <div class=\"overlay fill\"\n                      style=\"background-color: rgba(0,0,0,.15)\">\n                  <\/div>\n                                                              <\/div>\n              <div class=\"box-text text-left dark\" >\n                 <p><\/p>\n              <\/div>\n            <\/div>\n            <\/a>          <\/div>\n         <\/div><div class=\"gallery-col col grid-col grid-col-1-3 large-4 medium-12\" >\n          <div class=\"col-inner\">\n            <a class=\"image-lightbox lightbox-gallery\" href=\"https:\/\/laovarustus.ee\/wp-content\/uploads\/2025\/04\/download-3-5.png\" title=\"\">            <div class=\"box has-hover gallery-box box-overlay dark box-text-center\">\n              <div class=\"box-image\" >\n                <img loading=\"lazy\" decoding=\"async\" width=\"945\" height=\"612\" src=\"https:\/\/laovarustus.ee\/wp-content\/uploads\/2025\/04\/download-3-5.png\" class=\"attachment-large size-large\" alt=\"\" ids=\"2211,2212,2213,2214,2215,2216,2217\" type=\"grid\" grid=\"2\" grid_height=\"400px\" srcset=\"https:\/\/laovarustus.ee\/wp-content\/uploads\/2025\/04\/download-3-5.png 945w, https:\/\/laovarustus.ee\/wp-content\/uploads\/2025\/04\/download-3-5-618x400.png 618w, https:\/\/laovarustus.ee\/wp-content\/uploads\/2025\/04\/download-3-5-768x497.png 768w\" sizes=\"auto, (max-width: 945px) 100vw, 945px\" \/>                                  <div class=\"overlay fill\"\n                      style=\"background-color: rgba(0,0,0,.15)\">\n                  <\/div>\n                                                              <\/div>\n              <div class=\"box-text text-left dark\" >\n                 <p><\/p>\n              <\/div>\n            <\/div>\n            <\/a>          <\/div>\n         <\/div><div class=\"gallery-col col grid-col grid-col-1-3 large-4 medium-12\" >\n          <div class=\"col-inner\">\n            <a class=\"image-lightbox lightbox-gallery\" href=\"https:\/\/laovarustus.ee\/wp-content\/uploads\/2025\/04\/download-4-5.png\" title=\"\">            <div class=\"box has-hover gallery-box box-overlay dark box-text-center\">\n              <div class=\"box-image\" >\n                <img loading=\"lazy\" decoding=\"async\" width=\"955\" height=\"601\" src=\"https:\/\/laovarustus.ee\/wp-content\/uploads\/2025\/04\/download-4-5.png\" class=\"attachment-large size-large\" alt=\"\" ids=\"2211,2212,2213,2214,2215,2216,2217\" type=\"grid\" grid=\"2\" grid_height=\"400px\" srcset=\"https:\/\/laovarustus.ee\/wp-content\/uploads\/2025\/04\/download-4-5.png 955w, https:\/\/laovarustus.ee\/wp-content\/uploads\/2025\/04\/download-4-5-636x400.png 636w, https:\/\/laovarustus.ee\/wp-content\/uploads\/2025\/04\/download-4-5-768x483.png 768w\" sizes=\"auto, (max-width: 955px) 100vw, 955px\" \/>                                  <div class=\"overlay fill\"\n                      style=\"background-color: rgba(0,0,0,.15)\">\n                  <\/div>\n                                                              <\/div>\n              <div class=\"box-text text-left dark\" >\n                 <p><\/p>\n              <\/div>\n            <\/div>\n            <\/a>          <\/div>\n         <\/div><div class=\"gallery-col col grid-col grid-col-1-3 large-4 medium-12\" >\n          <div class=\"col-inner\">\n            <a class=\"image-lightbox lightbox-gallery\" href=\"https:\/\/laovarustus.ee\/wp-content\/uploads\/2025\/04\/download-5-5.png\" title=\"\">            <div class=\"box has-hover gallery-box box-overlay dark box-text-center\">\n              <div class=\"box-image\" >\n                <img loading=\"lazy\" decoding=\"async\" width=\"970\" height=\"578\" src=\"https:\/\/laovarustus.ee\/wp-content\/uploads\/2025\/04\/download-5-5.png\" class=\"attachment-large size-large\" alt=\"\" ids=\"2211,2212,2213,2214,2215,2216,2217\" type=\"grid\" grid=\"2\" grid_height=\"400px\" srcset=\"https:\/\/laovarustus.ee\/wp-content\/uploads\/2025\/04\/download-5-5.png 970w, https:\/\/laovarustus.ee\/wp-content\/uploads\/2025\/04\/download-5-5-671x400.png 671w, https:\/\/laovarustus.ee\/wp-content\/uploads\/2025\/04\/download-5-5-768x458.png 768w\" sizes=\"auto, (max-width: 970px) 100vw, 970px\" \/>                                  <div class=\"overlay fill\"\n                      style=\"background-color: rgba(0,0,0,.15)\">\n                  <\/div>\n                                                              <\/div>\n              <div class=\"box-text text-left dark\" >\n                 <p><\/p>\n              <\/div>\n            <\/div>\n            <\/a>          <\/div>\n         <\/div><div class=\"gallery-col col grid-col grid-col-1-3 large-4 medium-12\" >\n          <div class=\"col-inner\">\n            <a class=\"image-lightbox lightbox-gallery\" href=\"https:\/\/laovarustus.ee\/wp-content\/uploads\/2025\/04\/download-6-5.png\" title=\"\">            <div class=\"box has-hover gallery-box box-overlay dark box-text-center\">\n              <div class=\"box-image\" >\n                <img loading=\"lazy\" decoding=\"async\" width=\"934\" height=\"602\" src=\"https:\/\/laovarustus.ee\/wp-content\/uploads\/2025\/04\/download-6-5.png\" class=\"attachment-large size-large\" alt=\"\" ids=\"2211,2212,2213,2214,2215,2216,2217\" type=\"grid\" grid=\"2\" grid_height=\"400px\" srcset=\"https:\/\/laovarustus.ee\/wp-content\/uploads\/2025\/04\/download-6-5.png 934w, https:\/\/laovarustus.ee\/wp-content\/uploads\/2025\/04\/download-6-5-621x400.png 621w, https:\/\/laovarustus.ee\/wp-content\/uploads\/2025\/04\/download-6-5-768x495.png 768w\" sizes=\"auto, (max-width: 934px) 100vw, 934px\" \/>                                  <div class=\"overlay fill\"\n                      style=\"background-color: rgba(0,0,0,.15)\">\n                  <\/div>\n                                                              <\/div>\n              <div class=\"box-text text-left dark\" >\n                 <p><\/p>\n              <\/div>\n            <\/div>\n            <\/a>          <\/div>\n         <\/div><div class=\"gallery-col col grid-col grid-col-1-3 large-4 medium-12\" >\n          <div class=\"col-inner\">\n            <a class=\"image-lightbox lightbox-gallery\" href=\"https:\/\/laovarustus.ee\/wp-content\/uploads\/2025\/04\/download.jpg\" title=\"\">            <div class=\"box has-hover gallery-box box-overlay dark box-text-center\">\n              <div class=\"box-image\" >\n                <img loading=\"lazy\" decoding=\"async\" width=\"692\" height=\"450\" src=\"https:\/\/laovarustus.ee\/wp-content\/uploads\/2025\/04\/download.jpg\" class=\"attachment-large size-large\" alt=\"\" ids=\"2211,2212,2213,2214,2215,2216,2217\" type=\"grid\" grid=\"2\" grid_height=\"400px\" srcset=\"https:\/\/laovarustus.ee\/wp-content\/uploads\/2025\/04\/download.jpg 692w, https:\/\/laovarustus.ee\/wp-content\/uploads\/2025\/04\/download-615x400.jpg 615w\" sizes=\"auto, (max-width: 692px) 100vw, 692px\" \/>                                  <div class=\"overlay fill\"\n                      style=\"background-color: rgba(0,0,0,.15)\">\n                  <\/div>\n                                                              <\/div>\n              <div class=\"box-text text-left dark\" >\n                 <p><\/p>\n              <\/div>\n            <\/div>\n            <\/a>          <\/div>\n         <\/div><div class=\"gallery-col col grid-col grid-col-1-3 large-4 medium-12\" >\n          <div class=\"col-inner\">\n            <a class=\"image-lightbox lightbox-gallery\" href=\"https:\/\/laovarustus.ee\/wp-content\/uploads\/2025\/04\/download-18.png\" title=\"\">            <div class=\"box has-hover gallery-box box-overlay dark box-text-center\">\n              <div class=\"box-image\" >\n                <img loading=\"lazy\" decoding=\"async\" width=\"924\" height=\"600\" src=\"https:\/\/laovarustus.ee\/wp-content\/uploads\/2025\/04\/download-18.png\" class=\"attachment-large size-large\" alt=\"\" ids=\"2211,2212,2213,2214,2215,2216,2217\" type=\"grid\" grid=\"2\" grid_height=\"400px\" srcset=\"https:\/\/laovarustus.ee\/wp-content\/uploads\/2025\/04\/download-18.png 924w, https:\/\/laovarustus.ee\/wp-content\/uploads\/2025\/04\/download-18-616x400.png 616w, https:\/\/laovarustus.ee\/wp-content\/uploads\/2025\/04\/download-18-768x499.png 768w\" sizes=\"auto, (max-width: 924px) 100vw, 924px\" \/>                                  <div class=\"overlay fill\"\n                      style=\"background-color: rgba(0,0,0,.15)\">\n                  <\/div>\n                                                              <\/div>\n              <div class=\"box-text text-left dark\" >\n                 <p><\/p>\n              <\/div>\n            <\/div>\n            <\/a>          <\/div>\n         <\/div><\/div>\n\n\n\t\t<\/div>\n\t\t\t\t\t<\/div>\n\n\t\n\n<\/div>\n\n\t\t<\/div>\n\n\t\t\n<style>\n#section_2140551555 {\n  padding-top: 35px;\n  padding-bottom: 35px;\n  background-color: rgb(208, 208, 208);\n}\n#section_2140551555 .section-bg-overlay {\n  background-color: rgba(255, 255, 255, 0.85);\n}\n<\/style>\n\t<\/section>\n\t\n\n\t<section class=\"section\" id=\"section_1969172410\">\n\t\t<div class=\"section-bg fill\" >\n\t\t\t\t\t\t\t\t\t\n\t\t\t\n\t<div class=\"is-border\"\n\t\tstyle=\"border-color:rgb(235, 235, 235);border-width:1px 0px 0px 0px;\">\n\t<\/div>\n\n\t\t<\/div>\n\n\t\t\n\n\t\t<div class=\"section-content relative\">\n\t\t\t\n\n\t<div id=\"text-3412325954\" class=\"text\">\n\t\t\n\n<h2>Mecaluxin siirrett\u00e4v\u00e4t ja automaattiset hyllyj\u00e4rjestelm\u00e4t<\/h2>\n\t\t\n<style>\n#text-3412325954 {\n  text-align: center;\n  color: rgb(0,0,0);\n}\n#text-3412325954 > * {\n  color: rgb(0,0,0);\n}\n<\/style>\n\t<\/div>\n\t\n<div class=\"row align-center\"  id=\"row-188599244\">\n\n\n\t<div id=\"col-1669069368\" class=\"col medium-6 small-12 large-6\"  >\n\t\t\t\t<div class=\"col-inner text-left\"  >\n\t\t\t\n\t\t\t\n\n\t<div id=\"text-1195415174\" class=\"text\">\n\t\t\n\n<h3>Siirrett\u00e4v\u00e4t hyllyt (Mobile Racking Systems)<\/h3>\n<p>Mecaluxin siirrett\u00e4v\u00e4t hyllyj\u00e4rjestelm\u00e4t ovat ihanteellinen ratkaisu varastotilan maksimoimiseen. N\u00e4m\u00e4 hyllyt on asennettu kiskoilla liikkuville alustoille. J\u00e4rjestelm\u00e4 mahdollistaa vain tarvittavan hyllyv\u00e4lin avaamisen, jolloin muut hyllyt pysyv\u00e4t tiiviisti suljettuina. T\u00e4m\u00e4 ratkaisu s\u00e4\u00e4st\u00e4\u00e4 jopa 50 % enemm\u00e4n tilaa verrattuna kiinteisiin hyllyihin.   <\/p>\n<p><strong>Tyypit:<\/strong><\/p>\n<p>\u2022 Movirack: manuaalisesti tai automaattisesti ohjattava, sopii erityisen hyvin pakkasvarastoihin.<\/p>\n<p><strong>Edut asiakkaalle:<\/strong><\/p>\n<p>\u2022 Suurempi varastointikapasiteetti samalla lattiapinta-alalla.<br>  \u2022 Kustannuss\u00e4\u00e4st\u00f6t l\u00e4mmityksess\u00e4\/j\u00e4\u00e4hdytyksess\u00e4.<br>  \u2022 Parempi saavutettavuus ja j\u00e4rjestys.<\/p>\n\t\t\n<style>\n#text-1195415174 {\n  text-align: left;\n  color: rgb(0,0,0);\n}\n#text-1195415174 > * {\n  color: rgb(0,0,0);\n}\n<\/style>\n\t<\/div>\n\t\n\n\t\t<\/div>\n\t\t\t\t\t<\/div>\n\n\t\n\n\t<div id=\"col-240302415\" class=\"col medium-6 small-12 large-6\"  >\n\t\t\t\t<div class=\"col-inner\"  >\n\t\t\t\n\t\t\t\n\n\t<div id=\"text-2097687422\" class=\"text\">\n\t\t\n\n<h3>Automaattiset hyllyj\u00e4rjestelm\u00e4t (Automated Storage and Retrieval Systems &#8211; AS\/RS)<\/h3>\n<p>Mecaluxin automaattiset ratkaisut on suunniteltu nopeaan ja tarkkaan tavarank\u00e4sittelyyn. J\u00e4rjestelm\u00e4 koostuu korkeista hyllyist\u00e4, hyllyst\u00f6hisseist\u00e4 (stacker cranes) ja koko prosessia ohjaavasta ohjelmistosta. Sopii korkean tiheyden varastoihin ja tuotantolaitoksiin.  <\/p>\n<p><strong>Tyypit:<\/strong><\/p>\n<p>\u2022 Kuormalava AS\/RS: automaattinen ratkaisu kuormalavoille.<br>  \u2022 Laatikko AS\/RS (Miniload): pienemmille tuotteille, kuten laatikoille ja konteille.<br>  \u2022 Shuttle-j\u00e4rjestelm\u00e4t: korkea tiheys, nopeus ja modulaarinen rakenne.<\/p>\n<p><strong>Edut asiakkaalle:<\/strong><\/p>\n<p>  \u2022 Nopeampi tavaroiden liikkuvuus ja v\u00e4h\u00e4isempi manuaalisen ty\u00f6n tarve.<br>  \u2022 V\u00e4hemm\u00e4n virheit\u00e4 ja parempi tarkkuus varastoty\u00f6ss\u00e4.<br>  \u2022 Integroitavissa WMS-ohjelmistoon reaaliaikaista hallintaa varten.<br>  \u2022 Jatkuva toimintakyky 24\/7 ja optimoitu varastopinta-ala.<\/p>\n\t\t\n<style>\n#text-2097687422 {\n  color: rgb(0,0,0);\n}\n#text-2097687422 > * {\n  color: rgb(0,0,0);\n}\n<\/style>\n\t<\/div>\n\t\n\n\t\t<\/div>\n\t\t\t\t\t<\/div>\n\n\t\n\n<\/div>\n\n\t\t<\/div>\n\n\t\t\n<style>\n#section_1969172410 {\n  padding-top: 60px;\n  padding-bottom: 60px;\n  min-height: 300px;\n  background-color: rgb(255, 255, 255);\n}\n<\/style>\n\t<\/section>\n\t\n\n\t<section class=\"section\" id=\"section_58449174\">\n\t\t<div class=\"section-bg fill\" >\n\t\t\t\t\t\t\t\t\t\n\t\t\t\n\t<div class=\"is-border\"\n\t\tstyle=\"border-color:rgb(235, 235, 235);border-width:1px 0px 0px 0px;\">\n\t<\/div>\n\n\t\t<\/div>\n\n\t\t\n\n\t\t<div class=\"section-content relative\">\n\t\t\t\n\n<div class=\"row align-center\"  id=\"row-43340911\">\n\n\n\t<div id=\"col-1499889691\" class=\"col medium-6 small-12 large-6\"  >\n\t\t\t\t<div class=\"col-inner text-left\"  >\n\t\t\t\n\t\t\t\n\n\t<div id=\"text-1896352769\" class=\"text\">\n\t\t\n\n<h3>Siirrett\u00e4v\u00e4t hyllyt \u2013 maksimaalinen tilank\u00e4ytt\u00f6<\/h3>\n<p>Movirack-j\u00e4rjestelm\u00e4 liikkuu kiskoilla mahdollistaen kompaktin varastoinnin ja helpon p\u00e4\u00e4syn. Ihanteellinen pakkasvarastoihin ja arkistoihin. <\/p>\n\t\t\n<style>\n#text-1896352769 {\n  text-align: left;\n  color: rgb(0,0,0);\n}\n#text-1896352769 > * {\n  color: rgb(0,0,0);\n}\n<\/style>\n\t<\/div>\n\t\n\n\t\t<\/div>\n\t\t\t\t\t<\/div>\n\n\t\n\n\t<div id=\"col-276819780\" class=\"col medium-6 small-12 large-6\"  >\n\t\t\t\t<div class=\"col-inner\"  >\n\t\t\t\n\t\t\t\n\n\t<div id=\"text-109550553\" class=\"text\">\n\t\t\n\n<h3>Automaattiset j\u00e4rjestelm\u00e4t \u2013 nopeus, tarkkuus ja hallinta<\/h3>\n<p>AS\/RS-ratkaisut soveltuvat lavoille, laatikoille ja pientavaroille. Integroitu ohjelmisto takaa sujuvan toiminnan 24\/7. <\/p>\n<p><strong>Edut asiakkaalle:<\/strong><\/p>\n<p>\u2022 Jopa 50 % enemm\u00e4n varastotilaa<br> \u2022 Pienemm\u00e4t ty\u00f6voimakustannukset<br> \u2022 Nopeampi tavarank\u00e4sittely<br> \u2022 Tarkkuus ja k\u00e4ytt\u00f6varmuus<\/p>\n<p><strong>\u00c4lykk\u00e4\u00e4t varastot alkavat Mecaluxista.<\/strong><\/p>\n\t\t\n<style>\n#text-109550553 {\n  color: rgb(0,0,0);\n}\n#text-109550553 > * {\n  color: rgb(0,0,0);\n}\n<\/style>\n\t<\/div>\n\t\n\n\t\t<\/div>\n\t\t\t\t\t<\/div>\n\n\t\n\n<\/div>\n\n\t\t<\/div>\n\n\t\t\n<style>\n#section_58449174 {\n  padding-top: 60px;\n  padding-bottom: 60px;\n  min-height: 300px;\n  background-color: rgb(245, 245, 245);\n}\n<\/style>\n\t<\/section>\n\t\n\n\t<section class=\"section\" id=\"section_140844337\">\n\t\t<div class=\"section-bg fill\" >\n\t\t\t\t\t\t\t\t\t\n\t\t\t\n\n\t\t<\/div>\n\n\t\t\n\n\t\t<div class=\"section-content relative\">\n\t\t\t\n\n<div class=\"row\"  id=\"row-1790443194\">\n\n\n\t<div id=\"col-470203257\" class=\"col small-12 large-12\"  >\n\t\t\t\t<div class=\"col-inner\"  >\n\t\t\t\n\t\t\t\n\n<div class=\"container section-title-container\" ><h3 class=\"section-title section-title-center\"><b aria-hidden=\"true\"><\/b><span class=\"section-title-main\" >Ota yhteytt\u00e4!<\/span><b aria-hidden=\"true\"><\/b><\/h3><\/div>\n\n\n<div class=\"wpcf7 no-js\" id=\"wpcf7-f2831-o1\" lang=\"fi\" dir=\"ltr\" data-wpcf7-id=\"2831\">\n<div class=\"screen-reader-response\"><p role=\"status\" aria-live=\"polite\" aria-atomic=\"true\"><\/p> <ul><\/ul><\/div>\n<form action=\"\/fi\/wp-json\/wp\/v2\/pages\/2208#wpcf7-f2831-o1\" method=\"post\" class=\"wpcf7-form init\" aria-label=\"Yhteydenottolomake\" novalidate=\"novalidate\" data-status=\"init\">\n<fieldset class=\"hidden-fields-container\"><input type=\"hidden\" name=\"_wpcf7\" value=\"2831\" \/><input type=\"hidden\" name=\"_wpcf7_version\" value=\"6.1.5\" \/><input type=\"hidden\" name=\"_wpcf7_locale\" value=\"fi\" \/><input type=\"hidden\" name=\"_wpcf7_unit_tag\" value=\"wpcf7-f2831-o1\" \/><input type=\"hidden\" name=\"_wpcf7_container_post\" value=\"0\" \/><input type=\"hidden\" name=\"_wpcf7_posted_data_hash\" value=\"\" \/>\n<\/fieldset>\n<p><label> Nimi<br \/>\n<span class=\"wpcf7-form-control-wrap\" data-name=\"your-name\"><input size=\"40\" maxlength=\"400\" class=\"wpcf7-form-control wpcf7-text wpcf7-validates-as-required\" autocomplete=\"name\" aria-required=\"true\" aria-invalid=\"false\" value=\"\" type=\"text\" name=\"your-name\" \/><\/span> <\/label>\n<\/p>\n<p><label> S\u00e4hk\u00f6posti<br \/>\n<span class=\"wpcf7-form-control-wrap\" data-name=\"your-email\"><input size=\"40\" maxlength=\"400\" class=\"wpcf7-form-control wpcf7-email wpcf7-validates-as-required wpcf7-text wpcf7-validates-as-email\" autocomplete=\"email\" aria-required=\"true\" aria-invalid=\"false\" value=\"\" type=\"email\" name=\"your-email\" \/><\/span> <\/label>\n<\/p>\n<p><label> S\u00e4hk\u00f6postin aihe<br \/>\n<span class=\"wpcf7-form-control-wrap\" data-name=\"your-subject\"><input size=\"40\" maxlength=\"400\" class=\"wpcf7-form-control wpcf7-text wpcf7-validates-as-required\" aria-required=\"true\" aria-invalid=\"false\" value=\"\" type=\"text\" name=\"your-subject\" \/><\/span> <\/label>\n<\/p>\n<p><label> Viestisi<br \/>\n<span class=\"wpcf7-form-control-wrap\" data-name=\"your-message\"><textarea cols=\"40\" rows=\"10\" maxlength=\"2000\" class=\"wpcf7-form-control wpcf7-textarea\" aria-invalid=\"false\" name=\"your-message\"><\/textarea><\/span> <\/label>\n<\/p>\n<p><input class=\"wpcf7-form-control wpcf7-submit has-spinner\" type=\"submit\" value=\"L\u00e4het\u00e4\" \/>\n<\/p><div class=\"wpcf7-response-output\" aria-hidden=\"true\"><\/div>\n<\/form>\n<\/div>\n\n\n\n\t\t<\/div>\n\t\t\t\t\t<\/div>\n\n\t\n\n<\/div>\n\n\t\t<\/div>\n\n\t\t\n<style>\n#section_140844337 {\n  padding-top: 30px;\n  padding-bottom: 30px;\n}\n<\/style>\n\t<\/section>\n\t\n\n","protected":false},"excerpt":{"rendered":"","protected":false},"author":1,"featured_media":0,"parent":0,"menu_order":0,"comment_status":"closed","ping_status":"closed","template":"","meta":{"om_disable_all_campaigns":false,"_monsterinsights_skip_tracking":false,"_monsterinsights_sitenote_active":false,"_monsterinsights_sitenote_note":"","_monsterinsights_sitenote_category":0,"footnotes":""},"class_list":["post-2208","page","type-page","status-publish","hentry"],"aioseo_notices":[],"_links":{"self":[{"href":"https:\/\/laovarustus.ee\/fi\/wp-json\/wp\/v2\/pages\/2208","targetHints":{"allow":["GET"]}}],"collection":[{"href":"https:\/\/laovarustus.ee\/fi\/wp-json\/wp\/v2\/pages"}],"about":[{"href":"https:\/\/laovarustus.ee\/fi\/wp-json\/wp\/v2\/types\/page"}],"author":[{"embeddable":true,"href":"https:\/\/laovarustus.ee\/fi\/wp-json\/wp\/v2\/users\/1"}],"replies":[{"embeddable":true,"href":"https:\/\/laovarustus.ee\/fi\/wp-json\/wp\/v2\/comments?post=2208"}],"version-history":[{"count":2,"href":"https:\/\/laovarustus.ee\/fi\/wp-json\/wp\/v2\/pages\/2208\/revisions"}],"predecessor-version":[{"id":2239,"href":"https:\/\/laovarustus.ee\/fi\/wp-json\/wp\/v2\/pages\/2208\/revisions\/2239"}],"wp:attachment":[{"href":"https:\/\/laovarustus.ee\/fi\/wp-json\/wp\/v2\/media?parent=2208"}],"curies":[{"name":"wp","href":"https:\/\/api.w.org\/{rel}","templated":true}]}}