{"id":2275,"date":"2025-04-18T21:55:07","date_gmt":"2025-04-18T21:55:07","guid":{"rendered":"https:\/\/laovarustus.ee\/uudet-varastohyllyt-eri-mallit\/"},"modified":"2026-03-05T00:16:05","modified_gmt":"2026-03-05T00:16:05","slug":"uudet-varastohyllyt-eri-mallit","status":"publish","type":"page","link":"https:\/\/laovarustus.ee\/fi\/uudet-varastohyllyt-eri-mallit\/","title":{"rendered":"Uudet varastohyllyt \u2013 eri mallit"},"content":{"rendered":"\n\n\t<section class=\"section\" id=\"section_1130975476\">\n\t\t<div class=\"section-bg fill\" >\n\t\t\t<img loading=\"lazy\" decoding=\"async\" width=\"1381\" height=\"778\" src=\"https:\/\/laovarustus.ee\/wp-content\/uploads\/2025\/04\/download-11.png\" class=\"bg attachment- size-\" alt=\"\" \/>\t\t\t\t\t\t\n\t\t\t\n\n\t\t<\/div>\n\n\t\t\n\n\t\t<div class=\"section-content relative\">\n\t\t\t\n\n  <div id=\"page-header-2090958356\" class=\"page-header-wrapper\">\n  <div class=\"page-title dark simple-title\">\n\n    \n    <div class=\"page-title-inner container align-center flex-row medium-flex-wrap\" >\n              <div class=\"title-wrapper flex-col text-left medium-text-center\">\n          <h1 class=\"entry-title mb-0\">\n            Uudet varastohyllyt \u2013 eri mallit          <\/h1>\n        <\/div>\n                    <div class=\"title-content flex-col flex-right text-right medium-text-center\">\n        <div class=\"title-breadcrumbs pb-half pt-half\"><\/div>      <\/div>\n    <\/div>\n\n       <\/div>\n    <\/div>\n  \n\n\n\t\t<\/div>\n\n\t\t\n<style>\n#section_1130975476 {\n  padding-top: 30px;\n  padding-bottom: 30px;\n}\n<\/style>\n\t<\/section>\n\t\n\n\t<section class=\"section\" id=\"section_1146877899\">\n\t\t<div class=\"section-bg fill\" >\n\t\t\t\t\t\t\t\t\t\n\t\t\t\n\n\t\t<\/div>\n\n\t\t\n\n\t\t<div class=\"section-content relative\">\n\t\t\t\n\n<div class=\"row\"  id=\"row-592655202\">\n\n\n\t<div id=\"col-1971355790\" class=\"col small-12 large-12\"  >\n\t\t\t\t<div class=\"col-inner\"  >\n\t\t\t\n\t\t\t\n\n\t<div id=\"text-3495915487\" class=\"text\">\n\t\t\n\n<h3>Miksi rajoittua vain yhteen, kun voit valita useiden eri hyllyvaihtoehtojen v\u00e4lill\u00e4?<\/h3>\n<p>Valikoimastamme l\u00f6ytyy runsaasti erilaisia tyylej\u00e4, kokoja ja materiaaleja, joten l\u00f6yd\u00e4t varmasti juuri tarpeisiisi sopivan ratkaisun.<br>Lis\u00e4ksi tarjoamme useita eri toimittajia sek\u00e4 Euroopasta ett\u00e4 Kiinasta, varmistaen sinulle parhaan valikoiman ja laadun.<br>Tutustu laajaan valikoimaamme ja l\u00f6yd\u00e4 t\u00e4ydellinen hylly jo t\u00e4n\u00e4\u00e4n!  <\/p>\n\n\t\t\n<style>\n#text-3495915487 {\n  text-align: center;\n  color: rgb(0,0,0);\n}\n#text-3495915487 > * {\n  color: rgb(0,0,0);\n}\n<\/style>\n\t<\/div>\n\t\n\n\t\t<\/div>\n\t\t\t\t\t<\/div>\n\n\t\n\n<\/div>\n<div class=\"row\"  id=\"row-703450177\">\n\n\n\t<div id=\"col-1338350477\" class=\"col medium-3 small-6 large-3\"  >\n\t\t\t\t<div class=\"col-inner\"  >\n\t\t\t\n\t\t\t\n\n\t<div class=\"box has-hover   has-hover box-text-bottom\" >\n\n\t\t<div class=\"box-image\" >\n\t\t\t<a href=\"https:\/\/laovarustus.ee\/fi\/uudet-varastohyllyt-eri-mallit\/aloitushylly\/\" >\t\t\t<div class=\"image-cover\" style=\"padding-top:100%;\">\n\t\t\t\t<img loading=\"lazy\" decoding=\"async\" width=\"1621\" height=\"833\" src=\"https:\/\/laovarustus.ee\/wp-content\/uploads\/2025\/04\/download-7.png\" class=\"attachment- size-\" alt=\"\" srcset=\"https:\/\/laovarustus.ee\/wp-content\/uploads\/2025\/04\/download-7.png 1621w, https:\/\/laovarustus.ee\/wp-content\/uploads\/2025\/04\/download-7-778x400.png 778w, https:\/\/laovarustus.ee\/wp-content\/uploads\/2025\/04\/download-7-1400x719.png 1400w, https:\/\/laovarustus.ee\/wp-content\/uploads\/2025\/04\/download-7-768x395.png 768w, https:\/\/laovarustus.ee\/wp-content\/uploads\/2025\/04\/download-7-1536x789.png 1536w\" sizes=\"auto, (max-width: 1621px) 100vw, 1621px\" \/>\t\t\t\t\t\t\t\t\t\t\t<\/div>\n\t\t\t<\/a>\t\t<\/div>\n\n\t\t<div class=\"box-text text-center\" >\n\t\t\t<div class=\"box-text-inner\">\n\t\t\t\t\n\n<h4>Aloitushylly<\/h4>\n\n\t\t\t<\/div>\n\t\t<\/div>\n\t<\/div>\n\t\n\n\t\t<\/div>\n\t\t\t\t\t<\/div>\n\n\t\n\n\t<div id=\"col-1464636958\" class=\"col medium-3 small-6 large-3\"  >\n\t\t\t\t<div class=\"col-inner\"  >\n\t\t\t\n\t\t\t\n\n\t<div class=\"box has-hover   has-hover box-text-bottom\" >\n\n\t\t<div class=\"box-image\" >\n\t\t\t<a href=\"https:\/\/laovarustus.ee\/fi\/uudet-varastohyllyt-eri-mallit\/hienotuoterakki\/\" >\t\t\t<div class=\"image-cover\" style=\"padding-top:100%;\">\n\t\t\t\t<img loading=\"lazy\" decoding=\"async\" width=\"883\" height=\"570\" src=\"https:\/\/laovarustus.ee\/wp-content\/uploads\/2025\/04\/download-8.png\" class=\"attachment- size-\" alt=\"\" srcset=\"https:\/\/laovarustus.ee\/wp-content\/uploads\/2025\/04\/download-8.png 883w, https:\/\/laovarustus.ee\/wp-content\/uploads\/2025\/04\/download-8-620x400.png 620w, https:\/\/laovarustus.ee\/wp-content\/uploads\/2025\/04\/download-8-768x496.png 768w\" sizes=\"auto, (max-width: 883px) 100vw, 883px\" \/>\t\t\t\t\t\t\t\t\t\t\t<\/div>\n\t\t\t<\/a>\t\t<\/div>\n\n\t\t<div class=\"box-text text-center\" >\n\t\t\t<div class=\"box-text-inner\">\n\t\t\t\t\n\n<h4>Hienotuoter\u00e4kki<\/p>\n\n\t\t\t<\/div>\n\t\t<\/div>\n\t<\/div>\n\t\n\n\t\t<\/div>\n\t\t\t\t\t<\/div>\n\n\t\n\n\t<div id=\"col-1803785669\" class=\"col medium-3 small-6 large-3\"  >\n\t\t\t\t<div class=\"col-inner\"  >\n\t\t\t\n\t\t\t\n\n\t<div class=\"box has-hover   has-hover box-text-bottom\" >\n\n\t\t<div class=\"box-image\" >\n\t\t\t<a href=\"https:\/\/laovarustus.ee\/fi\/uudet-varastohyllyt-eri-mallit\/kerailyhylly\/\" >\t\t\t<div class=\"image-cover\" style=\"padding-top:100%;\">\n\t\t\t\t<img loading=\"lazy\" decoding=\"async\" width=\"878\" height=\"561\" src=\"https:\/\/laovarustus.ee\/wp-content\/uploads\/2025\/04\/download-9.png\" class=\"attachment- size-\" alt=\"\" srcset=\"https:\/\/laovarustus.ee\/wp-content\/uploads\/2025\/04\/download-9.png 878w, https:\/\/laovarustus.ee\/wp-content\/uploads\/2025\/04\/download-9-626x400.png 626w, https:\/\/laovarustus.ee\/wp-content\/uploads\/2025\/04\/download-9-768x491.png 768w\" sizes=\"auto, (max-width: 878px) 100vw, 878px\" \/>\t\t\t\t\t\t\t\t\t\t\t<\/div>\n\t\t\t<\/a>\t\t<\/div>\n\n\t\t<div class=\"box-text text-center\" >\n\t\t\t<div class=\"box-text-inner\">\n\t\t\t\t\n\n<h4>Ker\u00e4ilyhylly<\/h4>\n\n\t\t\t<\/div>\n\t\t<\/div>\n\t<\/div>\n\t\n\n\t\t<\/div>\n\t\t\t\t\t<\/div>\n\n\t\n\n\t<div id=\"col-1558675323\" class=\"col medium-3 small-6 large-3\"  >\n\t\t\t\t<div class=\"col-inner\"  >\n\t\t\t\n\t\t\t\n\n\t<div class=\"box has-hover   has-hover box-text-bottom\" >\n\n\t\t<div class=\"box-image\" >\n\t\t\t<a href=\"https:\/\/laovarustus.ee\/fi\/uudet-varastohyllyt-eri-mallit\/konsolihylly\/\" >\t\t\t<div class=\"image-cover\" style=\"padding-top:100%;\">\n\t\t\t\t<img loading=\"lazy\" decoding=\"async\" width=\"1891\" height=\"825\" src=\"https:\/\/laovarustus.ee\/wp-content\/uploads\/2025\/04\/download-10.png\" class=\"attachment- size-\" alt=\"\" srcset=\"https:\/\/laovarustus.ee\/wp-content\/uploads\/2025\/04\/download-10.png 1891w, https:\/\/laovarustus.ee\/wp-content\/uploads\/2025\/04\/download-10-800x349.png 800w, https:\/\/laovarustus.ee\/wp-content\/uploads\/2025\/04\/download-10-1400x611.png 1400w, https:\/\/laovarustus.ee\/wp-content\/uploads\/2025\/04\/download-10-768x335.png 768w, https:\/\/laovarustus.ee\/wp-content\/uploads\/2025\/04\/download-10-1536x670.png 1536w\" sizes=\"auto, (max-width: 1891px) 100vw, 1891px\" \/>\t\t\t\t\t\t\t\t\t\t\t<\/div>\n\t\t\t<\/a>\t\t<\/div>\n\n\t\t<div class=\"box-text text-center\" >\n\t\t\t<div class=\"box-text-inner\">\n\t\t\t\t\n\n<h4>Konsolihylly<\/h4>\n\n\t\t\t<\/div>\n\t\t<\/div>\n\t<\/div>\n\t\n\n\t\t<\/div>\n\t\t\t\t\t<\/div>\n\n\t\n\n<\/div>\n\n\t\t<\/div>\n\n\t\t\n<style>\n#section_1146877899 {\n  padding-top: 30px;\n  padding-bottom: 30px;\n}\n<\/style>\n\t<\/section>\n\t\n\n","protected":false},"excerpt":{"rendered":"","protected":false},"author":1,"featured_media":0,"parent":0,"menu_order":0,"comment_status":"closed","ping_status":"closed","template":"","meta":{"om_disable_all_campaigns":false,"_monsterinsights_skip_tracking":false,"_monsterinsights_sitenote_active":false,"_monsterinsights_sitenote_note":"","_monsterinsights_sitenote_category":0,"footnotes":""},"class_list":["post-2275","page","type-page","status-publish","hentry"],"aioseo_notices":[],"_links":{"self":[{"href":"https:\/\/laovarustus.ee\/fi\/wp-json\/wp\/v2\/pages\/2275","targetHints":{"allow":["GET"]}}],"collection":[{"href":"https:\/\/laovarustus.ee\/fi\/wp-json\/wp\/v2\/pages"}],"about":[{"href":"https:\/\/laovarustus.ee\/fi\/wp-json\/wp\/v2\/types\/page"}],"author":[{"embeddable":true,"href":"https:\/\/laovarustus.ee\/fi\/wp-json\/wp\/v2\/users\/1"}],"replies":[{"embeddable":true,"href":"https:\/\/laovarustus.ee\/fi\/wp-json\/wp\/v2\/comments?post=2275"}],"version-history":[{"count":11,"href":"https:\/\/laovarustus.ee\/fi\/wp-json\/wp\/v2\/pages\/2275\/revisions"}],"predecessor-version":[{"id":2881,"href":"https:\/\/laovarustus.ee\/fi\/wp-json\/wp\/v2\/pages\/2275\/revisions\/2881"}],"wp:attachment":[{"href":"https:\/\/laovarustus.ee\/fi\/wp-json\/wp\/v2\/media?parent=2275"}],"curies":[{"name":"wp","href":"https:\/\/api.w.org\/{rel}","templated":true}]}}