{"id":2434,"date":"2025-04-18T22:06:48","date_gmt":"2025-04-18T22:06:48","guid":{"rendered":"https:\/\/laovarustus.ee\/uudet-varastohyllyt-eri-mallit\/kerailyhylly\/"},"modified":"2026-02-27T10:55:05","modified_gmt":"2026-02-27T10:55:05","slug":"kerailyhylly","status":"publish","type":"page","link":"https:\/\/laovarustus.ee\/fi\/uudet-varastohyllyt-eri-mallit\/kerailyhylly\/","title":{"rendered":"Ker\u00e4ilyhylly"},"content":{"rendered":"\n\n\t<section class=\"section\" id=\"section_1651194865\">\n\t\t<div class=\"section-bg fill\" >\n\t\t\t<img loading=\"lazy\" decoding=\"async\" width=\"878\" height=\"561\" src=\"https:\/\/laovarustus.ee\/wp-content\/uploads\/2025\/04\/download-8-1.png\" class=\"bg attachment- size-\" alt=\"\" \/>\t\t\t\t\t\t\n\t\t\t\n\n\t\t<\/div>\n\n\t\t\n\n\t\t<div class=\"section-content relative\">\n\t\t\t\n\n  <div id=\"page-header-779397970\" class=\"page-header-wrapper\">\n  <div class=\"page-title dark simple-title\">\n\n    \n    <div class=\"page-title-inner container align-center flex-row medium-flex-wrap\" >\n              <div class=\"title-wrapper flex-col text-left medium-text-center\">\n          <h1 class=\"entry-title mb-0\">\n            Ker\u00e4ilyhylly          <\/h1>\n        <\/div>\n                    <div class=\"title-content flex-col flex-right text-right medium-text-center\">\n        <div class=\"title-breadcrumbs pb-half pt-half\"><\/div>      <\/div>\n    <\/div>\n\n       <\/div>\n    <\/div>\n  \n\n\n\t\t<\/div>\n\n\t\t\n<style>\n#section_1651194865 {\n  padding-top: 30px;\n  padding-bottom: 30px;\n}\n#section_1651194865 .section-bg img {\n  object-position: 52% 46%;\n}\n<\/style>\n\t<\/section>\n\t\n\n\t<section class=\"section\" id=\"section_1269143530\">\n\t\t<div class=\"section-bg fill\" >\n\t\t\t\t\t\t\t\t\t<div class=\"section-bg-overlay absolute fill\"><\/div>\n\t\t\t\n\n\t\t<\/div>\n\n\t\t\n\n\t\t<div class=\"section-content relative\">\n\t\t\t\n\n<div class=\"row row-collapse align-center\"  id=\"row-1829544266\">\n\n\n\t<div id=\"col-1252437467\" class=\"col small-12 large-12\"  >\n\t\t\t\t<div class=\"col-inner text-center\"  >\n\t\t\t\n\t\t\t\n\n\t<div id=\"text-971776584\" class=\"text\">\n\t\t\n\n<h2>Ker\u00e4ilyhyllyt \u2013 kest\u00e4v\u00e4 ratkaisu manuaaliseen varastointiin ja tilausten ker\u00e4ilyyn<\/h2>\n<p>Ker\u00e4ilyhyllyt on suunniteltu keskiraskaaseen ja raskaaseen manuaaliseen varastointiin, jossa tavara liikkuu nopeasti ja j\u00e4rjestelm\u00e4llisesti \u2013 esimerkiksi verkkokaupan ker\u00e4ilyalueilla, varastoissa, tuotantolaitoksissa ja jakelukeskuksissa. N\u00e4m\u00e4 hyllyt sopivat erinomaisesti paikkoihin, joissa kuormalavoja ei varastoida, mutta pientavarahyllyn kantavuus ei riit\u00e4.<\/p>\n<p>Vahva rakenne, laaja kokovalikoima ja tasojen s\u00e4\u00e4dett\u00e4vyys tekev\u00e4t niist\u00e4 eritt\u00e4in joustavan ratkaisun erilaisille tuotteille \u2013 laatikoista ja pakkausmateriaaleista aina ty\u00f6kaluihin ja tuotantokokonaisuuksiin saakka. Yhteensopiva erilaisten lis\u00e4varusteiden kanssa (muovilaatikot, rullaradot, v\u00e4lisein\u00e4t).<\/p>\n<p>Tyypit kantavuuden mukaan:<br>\u2022 Kevyt kuormitus \u2013 enint\u00e4\u00e4n 150 kg tasoa kohden<br>Sopii kevyiden pakkausten ja tarvikkeiden varastointiin.<br>\u2022 Keskiraskas kuormitus \u2013 enint\u00e4\u00e4n 300 kg tasoa kohden<br>Ihanteellinen tilausten manuaaliseen ker\u00e4ilyyn.<br>\u2022 Raskas kuormitus \u2013 alkaen 400\u2013500 kg tasoa kohden<br>Suunniteltu intensiiviseen k\u00e4ytt\u00f6\u00f6n tuotanto- ja logistiikkaymp\u00e4rist\u00f6iss\u00e4.<\/p>\n\n\t\t\n<style>\n#text-971776584 {\n  text-align: left;\n  color: rgb(0,0,0);\n}\n#text-971776584 > * {\n  color: rgb(0,0,0);\n}\n<\/style>\n\t<\/div>\n\t\n\n\t\t<\/div>\n\t\t\t\t\n<style>\n#col-1252437467 > .col-inner {\n  padding: 50px 0px 50px 0px;\n}\n<\/style>\n\t<\/div>\n\n\t\n\n\t<div id=\"col-1214001734\" class=\"col large-12\"  >\n\t\t\t\t<div class=\"col-inner\"  >\n\t\t\t\n\t\t\t\n\n  <style>\n    #gallery-1711623353 .grid-col-1{height: 400px}\n    #gallery-1711623353 .grid-col-1-2{height: 200px}\n    #gallery-1711623353 .grid-col-1-3{height:133.33333333333px}\n    #gallery-1711623353 .grid-col-2-3{height: 266.66666666667px}\n    #gallery-1711623353 .grid-col-1-4{height: 100px}\n    #gallery-1711623353 .grid-col-3-4{height: 300px}\n\n\n        \/* Tablet *\/\n    @media (max-width: 850px){\n      #gallery-1711623353 .grid-col-1{height: 266.66666666667px}\n      #gallery-1711623353 .grid-col-1-2{height: 133.33333333333px}\n      #gallery-1711623353 .grid-col-1-3{height:88.888888888889px}\n      #gallery-1711623353 .grid-col-2-3{height: 177.77777777778px}\n      #gallery-1711623353 .grid-col-1-4{height: 66.666666666667px}\n      #gallery-1711623353 .grid-col-3-4{height: 200px}\n    }\n    \n        \/* Mobile *\/\n    @media (max-width: 550px){\n      #gallery-1711623353 .grid-col-1{height: 266.66666666667px}\n      #gallery-1711623353 .grid-col-1-2{height: 133.33333333333px}\n      #gallery-1711623353 .grid-col-1-3{height:88.888888888889px}\n      #gallery-1711623353 .grid-col-2-3{height: 177.77777777778px}\n      #gallery-1711623353 .grid-col-1-4{height: 66.666666666667px}\n      #gallery-1711623353 .grid-col-3-4{height: 200px}\n    }\n    \n\n  <\/style>\n  \n  \n    <div id=\"gallery-1711623353\" class=\"row row-grid\" data-packery-options='{\"itemSelector\": \".col\", \"gutter\": 0, \"presentageWidth\" : true}'>\n\n  <div class=\"gallery-col col grid-col grid-col-1 large-6 medium-12\" >\n          <div class=\"col-inner\">\n            <a class=\"image-lightbox lightbox-gallery\" href=\"https:\/\/laovarustus.ee\/wp-content\/uploads\/2025\/04\/download-1-6.png\" title=\"\">            <div class=\"box has-hover gallery-box box-overlay dark box-text-center\">\n              <div class=\"box-image\" >\n                <img loading=\"lazy\" decoding=\"async\" width=\"623\" height=\"400\" src=\"https:\/\/laovarustus.ee\/wp-content\/uploads\/2025\/04\/download-1-6-623x400.png\" class=\"attachment-medium size-medium\" alt=\"\" ids=\"2436,2437,2438,2439,2440,2441,2442,2443\" type=\"grid\" grid_height=\"400px\" srcset=\"https:\/\/laovarustus.ee\/wp-content\/uploads\/2025\/04\/download-1-6-623x400.png 623w, https:\/\/laovarustus.ee\/wp-content\/uploads\/2025\/04\/download-1-6-768x493.png 768w, https:\/\/laovarustus.ee\/wp-content\/uploads\/2025\/04\/download-1-6.png 879w\" sizes=\"auto, (max-width: 623px) 100vw, 623px\" \/>                                  <div class=\"overlay fill\"\n                      style=\"background-color: rgba(0,0,0,.15)\">\n                  <\/div>\n                                                              <\/div>\n              <div class=\"box-text text-left dark\" >\n                 <p><\/p>\n              <\/div>\n            <\/div>\n            <\/a>          <\/div>\n         <\/div><div class=\"gallery-col col grid-col grid-col-1 large-3 medium-6\" >\n          <div class=\"col-inner\">\n            <a class=\"image-lightbox lightbox-gallery\" href=\"https:\/\/laovarustus.ee\/wp-content\/uploads\/2025\/04\/download-2-4.png\" title=\"\">            <div class=\"box has-hover gallery-box box-overlay dark box-text-center\">\n              <div class=\"box-image\" >\n                <img loading=\"lazy\" decoding=\"async\" width=\"621\" height=\"400\" src=\"https:\/\/laovarustus.ee\/wp-content\/uploads\/2025\/04\/download-2-4-621x400.png\" class=\"attachment-medium size-medium\" alt=\"\" ids=\"2436,2437,2438,2439,2440,2441,2442,2443\" type=\"grid\" grid_height=\"400px\" srcset=\"https:\/\/laovarustus.ee\/wp-content\/uploads\/2025\/04\/download-2-4-621x400.png 621w, https:\/\/laovarustus.ee\/wp-content\/uploads\/2025\/04\/download-2-4-768x494.png 768w, https:\/\/laovarustus.ee\/wp-content\/uploads\/2025\/04\/download-2-4.png 884w\" sizes=\"auto, (max-width: 621px) 100vw, 621px\" \/>                                  <div class=\"overlay fill\"\n                      style=\"background-color: rgba(0,0,0,.15)\">\n                  <\/div>\n                                                              <\/div>\n              <div class=\"box-text text-left dark\" >\n                 <p><\/p>\n              <\/div>\n            <\/div>\n            <\/a>          <\/div>\n         <\/div><div class=\"gallery-col col grid-col grid-col-1-2 large-3 medium-6\" >\n          <div class=\"col-inner\">\n            <a class=\"image-lightbox lightbox-gallery\" href=\"https:\/\/laovarustus.ee\/wp-content\/uploads\/2025\/04\/download-3-4.png\" title=\"\">            <div class=\"box has-hover gallery-box box-overlay dark box-text-center\">\n              <div class=\"box-image\" >\n                <img loading=\"lazy\" decoding=\"async\" width=\"629\" height=\"400\" src=\"https:\/\/laovarustus.ee\/wp-content\/uploads\/2025\/04\/download-3-4-629x400.png\" class=\"attachment-medium size-medium\" alt=\"\" ids=\"2436,2437,2438,2439,2440,2441,2442,2443\" type=\"grid\" grid_height=\"400px\" srcset=\"https:\/\/laovarustus.ee\/wp-content\/uploads\/2025\/04\/download-3-4-629x400.png 629w, https:\/\/laovarustus.ee\/wp-content\/uploads\/2025\/04\/download-3-4-768x489.png 768w, https:\/\/laovarustus.ee\/wp-content\/uploads\/2025\/04\/download-3-4.png 885w\" sizes=\"auto, (max-width: 629px) 100vw, 629px\" \/>                                  <div class=\"overlay fill\"\n                      style=\"background-color: rgba(0,0,0,.15)\">\n                  <\/div>\n                                                              <\/div>\n              <div class=\"box-text text-left dark\" >\n                 <p><\/p>\n              <\/div>\n            <\/div>\n            <\/a>          <\/div>\n         <\/div><div class=\"gallery-col col grid-col grid-col-1-2 large-3 medium-6\" >\n          <div class=\"col-inner\">\n            <a class=\"image-lightbox lightbox-gallery\" href=\"https:\/\/laovarustus.ee\/wp-content\/uploads\/2025\/04\/download-4-4.png\" title=\"\">            <div class=\"box has-hover gallery-box box-overlay dark box-text-center\">\n              <div class=\"box-image\" >\n                <img loading=\"lazy\" decoding=\"async\" width=\"626\" height=\"400\" src=\"https:\/\/laovarustus.ee\/wp-content\/uploads\/2025\/04\/download-4-4-626x400.png\" class=\"attachment-medium size-medium\" alt=\"\" ids=\"2436,2437,2438,2439,2440,2441,2442,2443\" type=\"grid\" grid_height=\"400px\" srcset=\"https:\/\/laovarustus.ee\/wp-content\/uploads\/2025\/04\/download-4-4-626x400.png 626w, https:\/\/laovarustus.ee\/wp-content\/uploads\/2025\/04\/download-4-4-768x491.png 768w, https:\/\/laovarustus.ee\/wp-content\/uploads\/2025\/04\/download-4-4.png 883w\" sizes=\"auto, (max-width: 626px) 100vw, 626px\" \/>                                  <div class=\"overlay fill\"\n                      style=\"background-color: rgba(0,0,0,.15)\">\n                  <\/div>\n                                                              <\/div>\n              <div class=\"box-text text-left dark\" >\n                 <p><\/p>\n              <\/div>\n            <\/div>\n            <\/a>          <\/div>\n         <\/div><div class=\"gallery-col col grid-col grid-col-1-2 large-3 medium-6\" >\n          <div class=\"col-inner\">\n            <a class=\"image-lightbox lightbox-gallery\" href=\"https:\/\/laovarustus.ee\/wp-content\/uploads\/2025\/04\/download-5-4.png\" title=\"\">            <div class=\"box has-hover gallery-box box-overlay dark box-text-center\">\n              <div class=\"box-image\" >\n                <img loading=\"lazy\" decoding=\"async\" width=\"628\" height=\"400\" src=\"https:\/\/laovarustus.ee\/wp-content\/uploads\/2025\/04\/download-5-4-628x400.png\" class=\"attachment-medium size-medium\" alt=\"\" ids=\"2436,2437,2438,2439,2440,2441,2442,2443\" type=\"grid\" grid_height=\"400px\" srcset=\"https:\/\/laovarustus.ee\/wp-content\/uploads\/2025\/04\/download-5-4-628x400.png 628w, https:\/\/laovarustus.ee\/wp-content\/uploads\/2025\/04\/download-5-4-768x490.png 768w, https:\/\/laovarustus.ee\/wp-content\/uploads\/2025\/04\/download-5-4.png 877w\" sizes=\"auto, (max-width: 628px) 100vw, 628px\" \/>                                  <div class=\"overlay fill\"\n                      style=\"background-color: rgba(0,0,0,.15)\">\n                  <\/div>\n                                                              <\/div>\n              <div class=\"box-text text-left dark\" >\n                 <p><\/p>\n              <\/div>\n            <\/div>\n            <\/a>          <\/div>\n         <\/div><div class=\"gallery-col col grid-col grid-col-1-2 large-3 medium-6\" >\n          <div class=\"col-inner\">\n            <a class=\"image-lightbox lightbox-gallery\" href=\"https:\/\/laovarustus.ee\/wp-content\/uploads\/2025\/04\/download-6-4.png\" title=\"\">            <div class=\"box has-hover gallery-box box-overlay dark box-text-center\">\n              <div class=\"box-image\" >\n                <img loading=\"lazy\" decoding=\"async\" width=\"633\" height=\"400\" src=\"https:\/\/laovarustus.ee\/wp-content\/uploads\/2025\/04\/download-6-4-633x400.png\" class=\"attachment-medium size-medium\" alt=\"\" ids=\"2436,2437,2438,2439,2440,2441,2442,2443\" type=\"grid\" grid_height=\"400px\" srcset=\"https:\/\/laovarustus.ee\/wp-content\/uploads\/2025\/04\/download-6-4-633x400.png 633w, https:\/\/laovarustus.ee\/wp-content\/uploads\/2025\/04\/download-6-4-768x485.png 768w, https:\/\/laovarustus.ee\/wp-content\/uploads\/2025\/04\/download-6-4.png 886w\" sizes=\"auto, (max-width: 633px) 100vw, 633px\" \/>                                  <div class=\"overlay fill\"\n                      style=\"background-color: rgba(0,0,0,.15)\">\n                  <\/div>\n                                                              <\/div>\n              <div class=\"box-text text-left dark\" >\n                 <p><\/p>\n              <\/div>\n            <\/div>\n            <\/a>          <\/div>\n         <\/div><div class=\"gallery-col col grid-col grid-col-1-2 large-3 medium-6\" >\n          <div class=\"col-inner\">\n            <a class=\"image-lightbox lightbox-gallery\" href=\"https:\/\/laovarustus.ee\/wp-content\/uploads\/2025\/04\/download-8-2.png\" title=\"\">            <div class=\"box has-hover gallery-box box-overlay dark box-text-center\">\n              <div class=\"box-image\" >\n                <img loading=\"lazy\" decoding=\"async\" width=\"626\" height=\"400\" src=\"https:\/\/laovarustus.ee\/wp-content\/uploads\/2025\/04\/download-8-2-626x400.png\" class=\"attachment-medium size-medium\" alt=\"\" ids=\"2436,2437,2438,2439,2440,2441,2442,2443\" type=\"grid\" grid_height=\"400px\" srcset=\"https:\/\/laovarustus.ee\/wp-content\/uploads\/2025\/04\/download-8-2-626x400.png 626w, https:\/\/laovarustus.ee\/wp-content\/uploads\/2025\/04\/download-8-2-768x491.png 768w, https:\/\/laovarustus.ee\/wp-content\/uploads\/2025\/04\/download-8-2.png 878w\" sizes=\"auto, (max-width: 626px) 100vw, 626px\" \/>                                  <div class=\"overlay fill\"\n                      style=\"background-color: rgba(0,0,0,.15)\">\n                  <\/div>\n                                                              <\/div>\n              <div class=\"box-text text-left dark\" >\n                 <p><\/p>\n              <\/div>\n            <\/div>\n            <\/a>          <\/div>\n         <\/div><div class=\"gallery-col col grid-col grid-col-1-2 large-3 medium-6\" >\n          <div class=\"col-inner\">\n            <a class=\"image-lightbox lightbox-gallery\" href=\"https:\/\/laovarustus.ee\/wp-content\/uploads\/2025\/04\/download-17.png\" title=\"\">            <div class=\"box has-hover gallery-box box-overlay dark box-text-center\">\n              <div class=\"box-image\" >\n                <img loading=\"lazy\" decoding=\"async\" width=\"626\" height=\"400\" src=\"https:\/\/laovarustus.ee\/wp-content\/uploads\/2025\/04\/download-17-626x400.png\" class=\"attachment-medium size-medium\" alt=\"\" ids=\"2436,2437,2438,2439,2440,2441,2442,2443\" type=\"grid\" grid_height=\"400px\" srcset=\"https:\/\/laovarustus.ee\/wp-content\/uploads\/2025\/04\/download-17-626x400.png 626w, https:\/\/laovarustus.ee\/wp-content\/uploads\/2025\/04\/download-17-768x491.png 768w, https:\/\/laovarustus.ee\/wp-content\/uploads\/2025\/04\/download-17.png 887w\" sizes=\"auto, (max-width: 626px) 100vw, 626px\" \/>                                  <div class=\"overlay fill\"\n                      style=\"background-color: rgba(0,0,0,.15)\">\n                  <\/div>\n                                                              <\/div>\n              <div class=\"box-text text-left dark\" >\n                 <p><\/p>\n              <\/div>\n            <\/div>\n            <\/a>          <\/div>\n         <\/div><\/div>\n\n\n\t\t<\/div>\n\t\t\t\t\t<\/div>\n\n\t\n\n<\/div>\n\n\t\t<\/div>\n\n\t\t\n<style>\n#section_1269143530 {\n  padding-top: 0px;\n  padding-bottom: 0px;\n  background-color: rgb(208, 208, 208);\n}\n#section_1269143530 .section-bg-overlay {\n  background-color: rgba(255, 255, 255, 0.85);\n}\n<\/style>\n\t<\/section>\n\t\n\n\t<section class=\"section\" id=\"section_643495988\">\n\t\t<div class=\"section-bg fill\" >\n\t\t\t\t\t\t\t\t\t\n\t\t\t\n\n\t\t<\/div>\n\n\t\t\n\n\t\t<div class=\"section-content relative\">\n\t\t\t\n\n<div class=\"row\"  id=\"row-1612282529\">\n\n\n\t<div id=\"col-1148458833\" class=\"col small-12 large-12\"  >\n\t\t\t\t<div class=\"col-inner\"  >\n\t\t\t\n\t\t\t\n\n<div class=\"container section-title-container\" ><h3 class=\"section-title section-title-center\"><b aria-hidden=\"true\"><\/b><span class=\"section-title-main\" >Ota yhteytt\u00e4!<\/span><b aria-hidden=\"true\"><\/b><\/h3><\/div>\n\n\n<div class=\"wpcf7 no-js\" id=\"wpcf7-f2831-o1\" lang=\"fi\" dir=\"ltr\" data-wpcf7-id=\"2831\">\n<div class=\"screen-reader-response\"><p role=\"status\" aria-live=\"polite\" aria-atomic=\"true\"><\/p> <ul><\/ul><\/div>\n<form action=\"\/fi\/wp-json\/wp\/v2\/pages\/2434#wpcf7-f2831-o1\" method=\"post\" class=\"wpcf7-form init\" aria-label=\"Yhteydenottolomake\" novalidate=\"novalidate\" data-status=\"init\">\n<fieldset class=\"hidden-fields-container\"><input type=\"hidden\" name=\"_wpcf7\" value=\"2831\" \/><input type=\"hidden\" name=\"_wpcf7_version\" value=\"6.1.5\" \/><input type=\"hidden\" name=\"_wpcf7_locale\" value=\"fi\" \/><input type=\"hidden\" name=\"_wpcf7_unit_tag\" value=\"wpcf7-f2831-o1\" \/><input type=\"hidden\" name=\"_wpcf7_container_post\" value=\"0\" \/><input type=\"hidden\" name=\"_wpcf7_posted_data_hash\" value=\"\" \/>\n<\/fieldset>\n<p><label> Nimi<br \/>\n<span class=\"wpcf7-form-control-wrap\" data-name=\"your-name\"><input size=\"40\" maxlength=\"400\" class=\"wpcf7-form-control wpcf7-text wpcf7-validates-as-required\" autocomplete=\"name\" aria-required=\"true\" aria-invalid=\"false\" value=\"\" type=\"text\" name=\"your-name\" \/><\/span> <\/label>\n<\/p>\n<p><label> S\u00e4hk\u00f6posti<br \/>\n<span class=\"wpcf7-form-control-wrap\" data-name=\"your-email\"><input size=\"40\" maxlength=\"400\" class=\"wpcf7-form-control wpcf7-email wpcf7-validates-as-required wpcf7-text wpcf7-validates-as-email\" autocomplete=\"email\" aria-required=\"true\" aria-invalid=\"false\" value=\"\" type=\"email\" name=\"your-email\" \/><\/span> <\/label>\n<\/p>\n<p><label> S\u00e4hk\u00f6postin aihe<br \/>\n<span class=\"wpcf7-form-control-wrap\" data-name=\"your-subject\"><input size=\"40\" maxlength=\"400\" class=\"wpcf7-form-control wpcf7-text wpcf7-validates-as-required\" aria-required=\"true\" aria-invalid=\"false\" value=\"\" type=\"text\" name=\"your-subject\" \/><\/span> <\/label>\n<\/p>\n<p><label> Viestisi<br \/>\n<span class=\"wpcf7-form-control-wrap\" data-name=\"your-message\"><textarea cols=\"40\" rows=\"10\" maxlength=\"2000\" class=\"wpcf7-form-control wpcf7-textarea\" aria-invalid=\"false\" name=\"your-message\"><\/textarea><\/span> <\/label>\n<\/p>\n<p><input class=\"wpcf7-form-control wpcf7-submit has-spinner\" type=\"submit\" value=\"L\u00e4het\u00e4\" \/>\n<\/p><div class=\"wpcf7-response-output\" aria-hidden=\"true\"><\/div>\n<\/form>\n<\/div>\n\n\n\n\t\t<\/div>\n\t\t\t\t\t<\/div>\n\n\t\n\n<\/div>\n\n\t\t<\/div>\n\n\t\t\n<style>\n#section_643495988 {\n  padding-top: 30px;\n  padding-bottom: 30px;\n}\n<\/style>\n\t<\/section>\n\t\n\n","protected":false},"excerpt":{"rendered":"","protected":false},"author":1,"featured_media":0,"parent":2275,"menu_order":0,"comment_status":"closed","ping_status":"closed","template":"","meta":{"om_disable_all_campaigns":false,"_monsterinsights_skip_tracking":false,"_monsterinsights_sitenote_active":false,"_monsterinsights_sitenote_note":"","_monsterinsights_sitenote_category":0,"footnotes":""},"class_list":["post-2434","page","type-page","status-publish","hentry"],"aioseo_notices":[],"_links":{"self":[{"href":"https:\/\/laovarustus.ee\/fi\/wp-json\/wp\/v2\/pages\/2434","targetHints":{"allow":["GET"]}}],"collection":[{"href":"https:\/\/laovarustus.ee\/fi\/wp-json\/wp\/v2\/pages"}],"about":[{"href":"https:\/\/laovarustus.ee\/fi\/wp-json\/wp\/v2\/types\/page"}],"author":[{"embeddable":true,"href":"https:\/\/laovarustus.ee\/fi\/wp-json\/wp\/v2\/users\/1"}],"replies":[{"embeddable":true,"href":"https:\/\/laovarustus.ee\/fi\/wp-json\/wp\/v2\/comments?post=2434"}],"version-history":[{"count":2,"href":"https:\/\/laovarustus.ee\/fi\/wp-json\/wp\/v2\/pages\/2434\/revisions"}],"predecessor-version":[{"id":2445,"href":"https:\/\/laovarustus.ee\/fi\/wp-json\/wp\/v2\/pages\/2434\/revisions\/2445"}],"up":[{"embeddable":true,"href":"https:\/\/laovarustus.ee\/fi\/wp-json\/wp\/v2\/pages\/2275"}],"wp:attachment":[{"href":"https:\/\/laovarustus.ee\/fi\/wp-json\/wp\/v2\/media?parent=2434"}],"curies":[{"name":"wp","href":"https:\/\/api.w.org\/{rel}","templated":true}]}}