{"id":2663,"date":"2025-04-18T22:08:29","date_gmt":"2025-04-18T22:08:29","guid":{"rendered":"https:\/\/laovarustus.ee\/tavarahissit-ja-automatisoidut-nostomekanismit\/"},"modified":"2026-02-27T12:26:30","modified_gmt":"2026-02-27T12:26:30","slug":"tavarahissit-ja-automatisoidut-nostomekanismit","status":"publish","type":"page","link":"https:\/\/laovarustus.ee\/fi\/tavarahissit-ja-automatisoidut-nostomekanismit\/","title":{"rendered":"Tavarahissit ja automatisoidut nostomekanismit"},"content":{"rendered":"\n\n\t<section class=\"section\" id=\"section_1162857896\">\n\t\t<div class=\"section-bg fill\" >\n\t\t\t<img loading=\"lazy\" decoding=\"async\" width=\"677\" height=\"866\" src=\"https:\/\/laovarustus.ee\/wp-content\/uploads\/2025\/04\/download-20.png\" class=\"bg attachment- size-\" alt=\"\" \/>\t\t\t\t\t\t\n\t\t\t\n\n\t\t<\/div>\n\n\t\t\n\n\t\t<div class=\"section-content relative\">\n\t\t\t\n\n  <div id=\"page-header-775927452\" class=\"page-header-wrapper\">\n  <div class=\"page-title dark simple-title\">\n\n    \n    <div class=\"page-title-inner container align-center flex-row medium-flex-wrap\" >\n              <div class=\"title-wrapper flex-col text-left medium-text-center\">\n          <h1 class=\"entry-title mb-0\">\n            Tavarahissit ja automatisoidut nostomekanismit          <\/h1>\n        <\/div>\n                    <div class=\"title-content flex-col flex-right text-right medium-text-center\">\n        <div class=\"title-breadcrumbs pb-half pt-half\"><\/div>      <\/div>\n    <\/div>\n\n       <\/div>\n    <\/div>\n  \n\n\n\t\t<\/div>\n\n\t\t\n<style>\n#section_1162857896 {\n  padding-top: 30px;\n  padding-bottom: 30px;\n}\n#section_1162857896 .section-bg img {\n  object-position: 76% 39%;\n}\n<\/style>\n\t<\/section>\n\t\n\n\t<section class=\"section\" id=\"section_1861661727\">\n\t\t<div class=\"section-bg fill\" >\n\t\t\t\t\t\t\t\t\t<div class=\"section-bg-overlay absolute fill\"><\/div>\n\t\t\t\n\n\t\t<\/div>\n\n\t\t\n\n\t\t<div class=\"section-content relative\">\n\t\t\t\n\n<div class=\"row row-collapse align-center\"  id=\"row-1513358096\">\n\n\n\t<div id=\"col-863576929\" class=\"col small-12 large-12\"  >\n\t\t\t\t<div class=\"col-inner\"  >\n\t\t\t\n\t\t\t\n\n\t<div id=\"text-4153878164\" class=\"text\">\n\t\t\n\n<h3>Innovatiiviset ratkaisut tavarahissien ja automatisoitujen nostolaitteiden alalla \u2013 tutustu Laovarustus O\u00dc:hun! <\/h3>\n<p>Korkeateknologiset j\u00e4rjestelm\u00e4mme varmistavat sujuvan ja tehokkaan tavaravirran, tehden ty\u00f6prosesseista mukavampia ja tehokkaampia. Ota meihin yhteytt\u00e4 jo t\u00e4n\u00e4\u00e4n l\u00f6yt\u00e4\u00e4ksesi parhaan ratkaisun tarpeisiisi! <\/p>\n\n\t\t\n<style>\n#text-4153878164 {\n  text-align: center;\n  color: rgb(0,0,0);\n}\n#text-4153878164 > * {\n  color: rgb(0,0,0);\n}\n<\/style>\n\t<\/div>\n\t\n\n\t\t<\/div>\n\t\t\t\t\t<\/div>\n\n\t\n\n\t<div id=\"col-95625802\" class=\"col small-12 large-12\"  >\n\t\t\t\t<div class=\"col-inner text-left\"  >\n\t\t\t\n\t\t\t\n\n\t<div id=\"text-1139121486\" class=\"text\">\n\t\t\n\n<h2>Tavarahissi \/ Tavaroiden nostolaite<\/h2>\n<h5>Tehokas ja edullinen nostolaite jokaiseen varastoon<\/h5>\n<p>Varastonhallinta kehittyy nopeasti, ja yh\u00e4 useammat varastonhoitajat kohtaavat tarpeen siirt\u00e4\u00e4 tavaroita joko parvelle tai ylemp\u00e4\u00e4n kerrokseen, miss\u00e4 niit\u00e4 kootaan tai varastoidaan. T\u00e4llaisen tarpeen tyydytt\u00e4\u00e4 yleens\u00e4 pinoaja tai kunnollinen hissikaivohissi.<br>Pinoajaa k\u00e4ytett\u00e4ess\u00e4 ty\u00f6prosessissa ilmenee seuraavia pullonkauloja:<br>Tilanne: pinoaja on parhaillaan omassa ty\u00f6osuudessaan (tai akku on tyhj\u00e4 v\u00e4\u00e4r\u00e4\u00e4n aikaan) \u2013 ty\u00f6aika kuluu ajamiseen\/odottamiseen, ja ty\u00f6prioriteetit k\u00e4rsiv\u00e4t.<br>Lis\u00e4pinoajan k\u00e4ytt\u00f6 on taloudellisesti melko kyseenalainen ratkaisu.<br>Lis\u00e4riskej\u00e4 ty\u00f6- ja ty\u00f6turvallisuudelle.<br>Ylemm\u00e4ss\u00e4 kerroksessa \/ parvella on oltava lastausaukko, joka usein varustetaan yksinkertaisilla metallisilloilla.<br>Kunnollinen hissikaivohissi on luotettava ja hyv\u00e4 vaihtoehto, mutta sill\u00e4 on omat haittansa:<br>KORKEA HINTA<br>Hissin asentaminen olemassa olevaan varastotilaan on eritt\u00e4in vaikeaa, lis\u00e4ksi rakennusprojekti t\u00e4ytyy varmasti muuttaa.<br>Kulut j\u00e4lleen.<br>Hissikaivon tekniset tiedot ovat standardoituja, joten k\u00e4ytt\u00e4j\u00e4n valinta on melko rajoitettu.<br>Hissikaivo on rakennuksen olennainen osa, eik\u00e4 vuokralainen voi siirt\u00e4\u00e4 sit\u00e4 uuteen varastotilaan.<br>Suurella kokemuksellamme varustusalalla olemme kehitt\u00e4neet eritt\u00e4in yksinkertaisen ja tehokkaan nostolaiteratkaisun.     <\/p>\n\t\t\n<style>\n#text-1139121486 {\n  color: rgb(0,0,0);\n}\n#text-1139121486 > * {\n  color: rgb(0,0,0);\n}\n<\/style>\n\t<\/div>\n\t\n\n\t\t<\/div>\n\t\t\t\t\n<style>\n#col-95625802 > .col-inner {\n  padding: 50px 0px 50px 0px;\n}\n<\/style>\n\t<\/div>\n\n\t\n\n\t<div id=\"col-79161208\" class=\"col large-12\"  >\n\t\t\t\t<div class=\"col-inner\"  >\n\t\t\t\n\t\t\t\n\n  <style>\n    #gallery-1715498718 .grid-col-1{height: 400px}\n    #gallery-1715498718 .grid-col-1-2{height: 200px}\n    #gallery-1715498718 .grid-col-1-3{height:133.33333333333px}\n    #gallery-1715498718 .grid-col-2-3{height: 266.66666666667px}\n    #gallery-1715498718 .grid-col-1-4{height: 100px}\n    #gallery-1715498718 .grid-col-3-4{height: 300px}\n\n\n        \/* Tablet *\/\n    @media (max-width: 850px){\n      #gallery-1715498718 .grid-col-1{height: 266.66666666667px}\n      #gallery-1715498718 .grid-col-1-2{height: 133.33333333333px}\n      #gallery-1715498718 .grid-col-1-3{height:88.888888888889px}\n      #gallery-1715498718 .grid-col-2-3{height: 177.77777777778px}\n      #gallery-1715498718 .grid-col-1-4{height: 66.666666666667px}\n      #gallery-1715498718 .grid-col-3-4{height: 200px}\n    }\n    \n        \/* Mobile *\/\n    @media (max-width: 550px){\n      #gallery-1715498718 .grid-col-1{height: 266.66666666667px}\n      #gallery-1715498718 .grid-col-1-2{height: 133.33333333333px}\n      #gallery-1715498718 .grid-col-1-3{height:88.888888888889px}\n      #gallery-1715498718 .grid-col-2-3{height: 177.77777777778px}\n      #gallery-1715498718 .grid-col-1-4{height: 66.666666666667px}\n      #gallery-1715498718 .grid-col-3-4{height: 200px}\n    }\n    \n\n  <\/style>\n  \n  \n    <div id=\"gallery-1715498718\" class=\"row row-grid\" data-packery-options='{\"itemSelector\": \".col\", \"gutter\": 0, \"presentageWidth\" : true}'>\n\n  <div class=\"gallery-col col grid-col grid-col-1 large-4 medium-6\" >\n          <div class=\"col-inner\">\n            <a class=\"image-lightbox lightbox-gallery\" href=\"https:\/\/laovarustus.ee\/wp-content\/uploads\/2025\/04\/2015-05-18-10-05-41.jpg\" title=\"\">            <div class=\"box has-hover gallery-box box-overlay dark box-text-center\">\n              <div class=\"box-image\" >\n                <img loading=\"lazy\" decoding=\"async\" width=\"394\" height=\"697\" src=\"https:\/\/laovarustus.ee\/wp-content\/uploads\/2025\/04\/2015-05-18-10-05-41.jpg\" class=\"attachment-large size-large\" alt=\"\" ids=\"1549,2665,2666,2667,2668,1852\" type=\"grid\" grid=\"5\" grid_height=\"400px\" srcset=\"https:\/\/laovarustus.ee\/wp-content\/uploads\/2025\/04\/2015-05-18-10-05-41.jpg 394w, https:\/\/laovarustus.ee\/wp-content\/uploads\/2025\/04\/2015-05-18-10-05-41-226x400.jpg 226w\" sizes=\"auto, (max-width: 394px) 100vw, 394px\" \/>                                  <div class=\"overlay fill\"\n                      style=\"background-color: rgba(0,0,0,.15)\">\n                  <\/div>\n                                                              <\/div>\n              <div class=\"box-text text-left dark\" >\n                 <p><\/p>\n              <\/div>\n            <\/div>\n            <\/a>          <\/div>\n         <\/div><div class=\"gallery-col col grid-col grid-col-1 large-4 medium-6\" >\n          <div class=\"col-inner\">\n            <a class=\"image-lightbox lightbox-gallery\" href=\"https:\/\/laovarustus.ee\/wp-content\/uploads\/2025\/04\/2015-05-18-10-06-00-1.jpg\" title=\"\">            <div class=\"box has-hover gallery-box box-overlay dark box-text-center\">\n              <div class=\"box-image\" >\n                <img loading=\"lazy\" decoding=\"async\" width=\"626\" height=\"354\" src=\"https:\/\/laovarustus.ee\/wp-content\/uploads\/2025\/04\/2015-05-18-10-06-00-1.jpg\" class=\"attachment-large size-large\" alt=\"\" ids=\"1549,2665,2666,2667,2668,1852\" type=\"grid\" grid=\"5\" grid_height=\"400px\" \/>                                  <div class=\"overlay fill\"\n                      style=\"background-color: rgba(0,0,0,.15)\">\n                  <\/div>\n                                                              <\/div>\n              <div class=\"box-text text-left dark\" >\n                 <p><\/p>\n              <\/div>\n            <\/div>\n            <\/a>          <\/div>\n         <\/div><div class=\"gallery-col col grid-col grid-col-1 large-4 medium-6\" >\n          <div class=\"col-inner\">\n            <a class=\"image-lightbox lightbox-gallery\" href=\"https:\/\/laovarustus.ee\/wp-content\/uploads\/2025\/04\/4136288_orig.jpg\" title=\"\">            <div class=\"box has-hover gallery-box box-overlay dark box-text-center\">\n              <div class=\"box-image\" >\n                <img loading=\"lazy\" decoding=\"async\" width=\"600\" height=\"800\" src=\"https:\/\/laovarustus.ee\/wp-content\/uploads\/2025\/04\/4136288_orig.jpg\" class=\"attachment-large size-large\" alt=\"\" ids=\"1549,2665,2666,2667,2668,1852\" type=\"grid\" grid=\"5\" grid_height=\"400px\" srcset=\"https:\/\/laovarustus.ee\/wp-content\/uploads\/2025\/04\/4136288_orig.jpg 600w, https:\/\/laovarustus.ee\/wp-content\/uploads\/2025\/04\/4136288_orig-300x400.jpg 300w\" sizes=\"auto, (max-width: 600px) 100vw, 600px\" \/>                                  <div class=\"overlay fill\"\n                      style=\"background-color: rgba(0,0,0,.15)\">\n                  <\/div>\n                                                              <\/div>\n              <div class=\"box-text text-left dark\" >\n                 <p><\/p>\n              <\/div>\n            <\/div>\n            <\/a>          <\/div>\n         <\/div><div class=\"gallery-col col grid-col grid-col-1 large-4 medium-6\" >\n          <div class=\"col-inner\">\n            <a class=\"image-lightbox lightbox-gallery\" href=\"https:\/\/laovarustus.ee\/wp-content\/uploads\/2025\/04\/6585455_orig.jpg\" title=\"\">            <div class=\"box has-hover gallery-box box-overlay dark box-text-center\">\n              <div class=\"box-image\" >\n                <img loading=\"lazy\" decoding=\"async\" width=\"450\" height=\"800\" src=\"https:\/\/laovarustus.ee\/wp-content\/uploads\/2025\/04\/6585455_orig.jpg\" class=\"attachment-large size-large\" alt=\"\" ids=\"1549,2665,2666,2667,2668,1852\" type=\"grid\" grid=\"5\" grid_height=\"400px\" srcset=\"https:\/\/laovarustus.ee\/wp-content\/uploads\/2025\/04\/6585455_orig.jpg 450w, https:\/\/laovarustus.ee\/wp-content\/uploads\/2025\/04\/6585455_orig-225x400.jpg 225w\" sizes=\"auto, (max-width: 450px) 100vw, 450px\" \/>                                  <div class=\"overlay fill\"\n                      style=\"background-color: rgba(0,0,0,.15)\">\n                  <\/div>\n                                                              <\/div>\n              <div class=\"box-text text-left dark\" >\n                 <p><\/p>\n              <\/div>\n            <\/div>\n            <\/a>          <\/div>\n         <\/div><div class=\"gallery-col col grid-col grid-col-1 large-4 medium-6\" >\n          <div class=\"col-inner\">\n            <a class=\"image-lightbox lightbox-gallery\" href=\"https:\/\/laovarustus.ee\/wp-content\/uploads\/2025\/04\/download-4-6.png\" title=\"\">            <div class=\"box has-hover gallery-box box-overlay dark box-text-center\">\n              <div class=\"box-image\" >\n                <img loading=\"lazy\" decoding=\"async\" width=\"190\" height=\"246\" src=\"https:\/\/laovarustus.ee\/wp-content\/uploads\/2025\/04\/download-4-6.png\" class=\"attachment-large size-large\" alt=\"\" ids=\"1549,2665,2666,2667,2668,1852\" type=\"grid\" grid=\"5\" grid_height=\"400px\" \/>                                  <div class=\"overlay fill\"\n                      style=\"background-color: rgba(0,0,0,.15)\">\n                  <\/div>\n                                                              <\/div>\n              <div class=\"box-text text-left dark\" >\n                 <p><\/p>\n              <\/div>\n            <\/div>\n            <\/a>          <\/div>\n         <\/div><div class=\"gallery-col col grid-col grid-col-1 large-4 medium-6\" >\n          <div class=\"col-inner\">\n            <a class=\"image-lightbox lightbox-gallery\" href=\"https:\/\/laovarustus.ee\/wp-content\/uploads\/2025\/04\/download-20-625x800.png\" title=\"\">            <div class=\"box has-hover gallery-box box-overlay dark box-text-center\">\n              <div class=\"box-image\" >\n                <img loading=\"lazy\" decoding=\"async\" width=\"625\" height=\"800\" src=\"https:\/\/laovarustus.ee\/wp-content\/uploads\/2025\/04\/download-20-625x800.png\" class=\"attachment-large size-large\" alt=\"\" ids=\"1549,2665,2666,2667,2668,1852\" type=\"grid\" grid=\"5\" grid_height=\"400px\" srcset=\"https:\/\/laovarustus.ee\/wp-content\/uploads\/2025\/04\/download-20-625x800.png 625w, https:\/\/laovarustus.ee\/wp-content\/uploads\/2025\/04\/download-20-313x400.png 313w, https:\/\/laovarustus.ee\/wp-content\/uploads\/2025\/04\/download-20.png 677w\" sizes=\"auto, (max-width: 625px) 100vw, 625px\" \/>                                  <div class=\"overlay fill\"\n                      style=\"background-color: rgba(0,0,0,.15)\">\n                  <\/div>\n                                                              <\/div>\n              <div class=\"box-text text-left dark\" >\n                 <p><\/p>\n              <\/div>\n            <\/div>\n            <\/a>          <\/div>\n         <\/div><\/div>\n\n\n\t\t<\/div>\n\t\t\t\t\t<\/div>\n\n\t\n\n<\/div>\n\n\t\t<\/div>\n\n\t\t\n<style>\n#section_1861661727 {\n  padding-top: 35px;\n  padding-bottom: 35px;\n  background-color: rgb(208, 208, 208);\n}\n#section_1861661727 .section-bg-overlay {\n  background-color: rgba(255, 255, 255, 0.85);\n}\n<\/style>\n\t<\/section>\n\t\n\n\t<section class=\"section dark\" id=\"section_697285869\">\n\t\t<div class=\"section-bg fill\" >\n\t\t\t\t\t\t\t\t\t\n\t\t\t\n\n\t\t<\/div>\n\n\t\t\n\n\t\t<div class=\"section-content relative\">\n\t\t\t\n\n<div class=\"row\"  id=\"row-1409806925\">\n\n\n\t<div id=\"col-293649411\" class=\"col small-12 large-12\"  >\n\t\t\t\t<div class=\"col-inner\"  >\n\t\t\t\n\t\t\t\n\n<h5 class=\"uppercase\">Lyhyt kuvaus ratkaisustamme:<\/h5>\n<p>\nRatkaisumme keskeinen osa on Reach Truck -pinontatrukin masto, jossa on hydraulij\u00e4rjestelm\u00e4. Olemme valmistaneet alusrungon, rakenteen, joka on yht\u00e4 korkea kuin nosto, sek\u00e4 nostotason. Masto kiinnitet\u00e4\u00e4n runkoon ja nostotaso kiinnitet\u00e4\u00e4n haarukoihin. Lattiaan tehd\u00e4\u00e4n noin 200\u202fmm syvennys, johon alusrunko kiinnitet\u00e4\u00e4n \u2013 tason p\u00e4\u00e4ll\u00e4 lep\u00e4\u00e4 sitten alustana. Syvennys on tarpeen vain k\u00e4rryjen k\u00e4yt\u00f6n mahdollistamiseksi; pinoajalle tai trukille se ei ole tarpeellinen.<br>Molemmissa kerroksissa on ovet magneettisilla lukoilla, ja laite toimii vain, kun kaikki ovet ovat kiinni. Parvitasolla on asennettu hydrauliset tukitangot \u2013 pieni\u00e4, mutta ratkaisevan t\u00e4rkeit\u00e4 osia. Tavara on alustalla ja ovet kiinni, painamme \u201cyl\u00f6s\u201d-nappia, ja alusta nousee hieman parvitason yl\u00e4puolelle. Tukitangot laskeutuvat alas, ja alusta tavaroineen lep\u00e4\u00e4 niiden varassa. N\u00e4in lastaus ja purku on eritt\u00e4in k\u00e4tev\u00e4\u00e4, alusta on vakaa eik\u00e4 se laskeudu.<br>T\u00e4m\u00e4 on yksinkertaisimman version lyhyt kuvaus; jokainen nostolaite on erillinen projekti, ja erilaiset lis\u00e4toiminnot ovat saatavilla asiakkaan toiveiden mukaan. Kuvassa on esimerkiksi versio lastauslaitteella.<br>Nostolaitteemme edut:<br>Voidaan asentaa mihin tahansa varastorakennukseen<br>Kaikki tekniset tiedot (mitat, kantavuus, nostokorkeus) asiakkaan toiveiden mukaisesti<br>Voidaan purkaa ja asentaa uudelleen toiseen varastotilaan<br>Voidaan k\u00e4ytt\u00e4\u00e4 omaa poistokirjanpitoon perustuvaa pinoajaa (vanhan investoinnin maksimaalinen hy\u00f6dynt\u00e4minen)<br>Suuntaa-antava hinta 12 000 \u2013 20 000\u202f\u20ac (riippuu mitoista ja toiminnoista)         <\/p>\n\n\t\t<\/div>\n\t\t\t\t\t<\/div>\n\n\t\n\n<\/div>\n\n\t\t<\/div>\n\n\t\t\n<style>\n#section_697285869 {\n  padding-top: 30px;\n  padding-bottom: 30px;\n  background-color: rgb(40, 40, 40);\n}\n<\/style>\n\t<\/section>\n\t\n\n\t<section class=\"section\" id=\"section_199971917\">\n\t\t<div class=\"section-bg fill\" >\n\t\t\t\t\t\t\t\t\t\n\t\t\t\n\n\t\t<\/div>\n\n\t\t\n\n\t\t<div class=\"section-content relative\">\n\t\t\t\n\n<div class=\"row\"  id=\"row-1164718524\">\n\n\n\t<div id=\"col-22201581\" class=\"col medium-6 small-12 large-6\"  >\n\t\t\t\t<div class=\"col-inner\"  >\n\t\t\t\n\t\t\t\n\n<div class=\"video video-fit mb\" style=\"padding-top:56.25%;\"><iframe loading=\"lazy\" title=\"KAUBALIFT 2015 - MARU AS\" width=\"1020\" height=\"574\" src=\"https:\/\/www.youtube.com\/embed\/_FHe8TW_Iug?feature=oembed\" frameborder=\"0\" allow=\"accelerometer; autoplay; clipboard-write; encrypted-media; gyroscope; picture-in-picture; web-share\" referrerpolicy=\"strict-origin-when-cross-origin\" allowfullscreen><\/iframe><\/div>\n\n\n\t\t<\/div>\n\t\t\t\t\t<\/div>\n\n\t\n\n\t<div id=\"col-958907767\" class=\"col medium-6 small-12 large-6\"  >\n\t\t\t\t<div class=\"col-inner\"  >\n\t\t\t\n\t\t\t\n\n<div class=\"video video-fit mb\" style=\"padding-top:56.25%;\"><p><iframe loading=\"lazy\" title=\"KAUBALIFT 2015 - MARU AS\" width=\"1020\" height=\"574\" src=\"https:\/\/www.youtube.com\/embed\/3AlN9onHf4U?feature=oembed\" frameborder=\"0\" allow=\"accelerometer; autoplay; clipboard-write; encrypted-media; gyroscope; picture-in-picture; web-share\" referrerpolicy=\"strict-origin-when-cross-origin\" allowfullscreen><\/iframe><\/p>\n<\/div>\n\n\n\t\t<\/div>\n\t\t\t\t\t<\/div>\n\n\t\n\n\t<div id=\"col-1089424308\" class=\"col medium-6 small-12 large-6\"  >\n\t\t\t\t<div class=\"col-inner\"  >\n\t\t\t\n\t\t\t\n\n<div class=\"video video-fit mb\" style=\"padding-top:56.25%;\"><p><iframe loading=\"lazy\" title=\"\u041b\u0438\u0444\u0442 \u0434\u043b\u044f \u043f\u043e\u0434\u0434\u043e\u043d\u043e\u0432 \/ Lift kaubaaluste jaoks 2\" width=\"1020\" height=\"574\" src=\"https:\/\/www.youtube.com\/embed\/V-S0VRw2ePk?feature=oembed\" frameborder=\"0\" allow=\"accelerometer; autoplay; clipboard-write; encrypted-media; gyroscope; picture-in-picture; web-share\" referrerpolicy=\"strict-origin-when-cross-origin\" allowfullscreen><\/iframe><\/p>\n<\/div>\n\n\n\t\t<\/div>\n\t\t\t\t\t<\/div>\n\n\t\n\n\t<div id=\"col-1683833795\" class=\"col medium-6 small-12 large-6\"  >\n\t\t\t\t<div class=\"col-inner\"  >\n\t\t\t\n\t\t\t\n\n<div class=\"video video-fit mb\" style=\"padding-top:56.25%;\"><p><iframe loading=\"lazy\" title=\"\u041b\u0438\u0444\u0442 \u0434\u043b\u044f \u043f\u043e\u0434\u0434\u043e\u043d\u043e\u0432 \/ Lift kaubaaluste jaoks 3\" width=\"1020\" height=\"574\" src=\"https:\/\/www.youtube.com\/embed\/e7vA6TT5F1s?feature=oembed\" frameborder=\"0\" allow=\"accelerometer; autoplay; clipboard-write; encrypted-media; gyroscope; picture-in-picture; web-share\" referrerpolicy=\"strict-origin-when-cross-origin\" allowfullscreen><\/iframe><\/p>\n<\/div>\n\n\n\t\t<\/div>\n\t\t\t\t\t<\/div>\n\n\t\n\n<\/div>\n\n\t\t<\/div>\n\n\t\t\n<style>\n#section_199971917 {\n  padding-top: 30px;\n  padding-bottom: 30px;\n}\n<\/style>\n\t<\/section>\n\t\n\n\t<section class=\"section\" id=\"section_644044776\">\n\t\t<div class=\"section-bg fill\" >\n\t\t\t\t\t\t\t\t\t\n\t\t\t\n\n\t\t<\/div>\n\n\t\t\n\n\t\t<div class=\"section-content relative\">\n\t\t\t\n\n<div class=\"row\"  id=\"row-975993925\">\n\n\n\t<div id=\"col-741647646\" class=\"col small-12 large-12\"  >\n\t\t\t\t<div class=\"col-inner\"  >\n\t\t\t\n\t\t\t\n\n<div class=\"container section-title-container\" ><h3 class=\"section-title section-title-center\"><b aria-hidden=\"true\"><\/b><span class=\"section-title-main\" >Ota yhteytt\u00e4!<\/span><b aria-hidden=\"true\"><\/b><\/h3><\/div>\n\n\n<div class=\"wpcf7 no-js\" id=\"wpcf7-f2831-o1\" lang=\"fi\" dir=\"ltr\" data-wpcf7-id=\"2831\">\n<div class=\"screen-reader-response\"><p role=\"status\" aria-live=\"polite\" aria-atomic=\"true\"><\/p> <ul><\/ul><\/div>\n<form action=\"\/fi\/wp-json\/wp\/v2\/pages\/2663#wpcf7-f2831-o1\" method=\"post\" class=\"wpcf7-form init\" aria-label=\"Yhteydenottolomake\" novalidate=\"novalidate\" data-status=\"init\">\n<fieldset class=\"hidden-fields-container\"><input type=\"hidden\" name=\"_wpcf7\" value=\"2831\" \/><input type=\"hidden\" name=\"_wpcf7_version\" value=\"6.1.5\" \/><input type=\"hidden\" name=\"_wpcf7_locale\" value=\"fi\" \/><input type=\"hidden\" name=\"_wpcf7_unit_tag\" value=\"wpcf7-f2831-o1\" \/><input type=\"hidden\" name=\"_wpcf7_container_post\" value=\"0\" \/><input type=\"hidden\" name=\"_wpcf7_posted_data_hash\" value=\"\" \/>\n<\/fieldset>\n<p><label> Nimi<br \/>\n<span class=\"wpcf7-form-control-wrap\" data-name=\"your-name\"><input size=\"40\" maxlength=\"400\" class=\"wpcf7-form-control wpcf7-text wpcf7-validates-as-required\" autocomplete=\"name\" aria-required=\"true\" aria-invalid=\"false\" value=\"\" type=\"text\" name=\"your-name\" \/><\/span> <\/label>\n<\/p>\n<p><label> S\u00e4hk\u00f6posti<br \/>\n<span class=\"wpcf7-form-control-wrap\" data-name=\"your-email\"><input size=\"40\" maxlength=\"400\" class=\"wpcf7-form-control wpcf7-email wpcf7-validates-as-required wpcf7-text wpcf7-validates-as-email\" autocomplete=\"email\" aria-required=\"true\" aria-invalid=\"false\" value=\"\" type=\"email\" name=\"your-email\" \/><\/span> <\/label>\n<\/p>\n<p><label> S\u00e4hk\u00f6postin aihe<br \/>\n<span class=\"wpcf7-form-control-wrap\" data-name=\"your-subject\"><input size=\"40\" maxlength=\"400\" class=\"wpcf7-form-control wpcf7-text wpcf7-validates-as-required\" aria-required=\"true\" aria-invalid=\"false\" value=\"\" type=\"text\" name=\"your-subject\" \/><\/span> <\/label>\n<\/p>\n<p><label> Viestisi<br \/>\n<span class=\"wpcf7-form-control-wrap\" data-name=\"your-message\"><textarea cols=\"40\" rows=\"10\" maxlength=\"2000\" class=\"wpcf7-form-control wpcf7-textarea\" aria-invalid=\"false\" name=\"your-message\"><\/textarea><\/span> <\/label>\n<\/p>\n<p><input class=\"wpcf7-form-control wpcf7-submit has-spinner\" type=\"submit\" value=\"L\u00e4het\u00e4\" \/>\n<\/p><div class=\"wpcf7-response-output\" aria-hidden=\"true\"><\/div>\n<\/form>\n<\/div>\n\n\n\n\t\t<\/div>\n\t\t\t\t\t<\/div>\n\n\t\n\n<\/div>\n\n\t\t<\/div>\n\n\t\t\n<style>\n#section_644044776 {\n  padding-top: 30px;\n  padding-bottom: 30px;\n}\n<\/style>\n\t<\/section>\n\t\n\n","protected":false},"excerpt":{"rendered":"","protected":false},"author":1,"featured_media":0,"parent":0,"menu_order":0,"comment_status":"closed","ping_status":"closed","template":"","meta":{"om_disable_all_campaigns":false,"_monsterinsights_skip_tracking":false,"_monsterinsights_sitenote_active":false,"_monsterinsights_sitenote_note":"","_monsterinsights_sitenote_category":0,"footnotes":""},"class_list":["post-2663","page","type-page","status-publish","hentry"],"aioseo_notices":[],"_links":{"self":[{"href":"https:\/\/laovarustus.ee\/fi\/wp-json\/wp\/v2\/pages\/2663","targetHints":{"allow":["GET"]}}],"collection":[{"href":"https:\/\/laovarustus.ee\/fi\/wp-json\/wp\/v2\/pages"}],"about":[{"href":"https:\/\/laovarustus.ee\/fi\/wp-json\/wp\/v2\/types\/page"}],"author":[{"embeddable":true,"href":"https:\/\/laovarustus.ee\/fi\/wp-json\/wp\/v2\/users\/1"}],"replies":[{"embeddable":true,"href":"https:\/\/laovarustus.ee\/fi\/wp-json\/wp\/v2\/comments?post=2663"}],"version-history":[{"count":2,"href":"https:\/\/laovarustus.ee\/fi\/wp-json\/wp\/v2\/pages\/2663\/revisions"}],"predecessor-version":[{"id":2671,"href":"https:\/\/laovarustus.ee\/fi\/wp-json\/wp\/v2\/pages\/2663\/revisions\/2671"}],"wp:attachment":[{"href":"https:\/\/laovarustus.ee\/fi\/wp-json\/wp\/v2\/media?parent=2663"}],"curies":[{"name":"wp","href":"https:\/\/api.w.org\/{rel}","templated":true}]}}