{"id":2688,"date":"2025-04-18T22:07:05","date_gmt":"2025-04-18T22:07:05","guid":{"rendered":"https:\/\/laovarustus.ee\/varastohyllyjen-tarkastus-ja-korjaus\/"},"modified":"2026-02-27T12:34:37","modified_gmt":"2026-02-27T12:34:37","slug":"varastohyllyjen-tarkastus-ja-korjaus","status":"publish","type":"page","link":"https:\/\/laovarustus.ee\/fi\/varastohyllyjen-tarkastus-ja-korjaus\/","title":{"rendered":"Varastohyllyjen tarkastus ja korjaus"},"content":{"rendered":"\n\n\t<section class=\"section\" id=\"section_545604244\">\n\t\t<div class=\"section-bg fill\" >\n\t\t\t<img loading=\"lazy\" decoding=\"async\" width=\"1024\" height=\"576\" src=\"https:\/\/laovarustus.ee\/wp-content\/uploads\/2025\/04\/warehouse-audits-1024x576-2.webp\" class=\"bg attachment- size-\" alt=\"\" \/>\t\t\t\t\t\t\n\t\t\t\n\n\t\t<\/div>\n\n\t\t\n\n\t\t<div class=\"section-content relative\">\n\t\t\t\n\n  <div id=\"page-header-1960270544\" class=\"page-header-wrapper\">\n  <div class=\"page-title dark simple-title\">\n\n    \n    <div class=\"page-title-inner container align-center flex-row medium-flex-wrap\" >\n              <div class=\"title-wrapper flex-col text-left medium-text-center\">\n          <h1 class=\"entry-title mb-0\">\n            Varastohyllyjen tarkastus ja korjaus          <\/h1>\n        <\/div>\n                    <div class=\"title-content flex-col flex-right text-right medium-text-center\">\n        <div class=\"title-breadcrumbs pb-half pt-half\"><\/div>      <\/div>\n    <\/div>\n\n       <\/div>\n    <\/div>\n  \n\n\n\t\t<\/div>\n\n\t\t\n<style>\n#section_545604244 {\n  padding-top: 30px;\n  padding-bottom: 30px;\n}\n#section_545604244 .section-bg img {\n  object-position: 100% 38%;\n}\n<\/style>\n\t<\/section>\n\t\n\n\t<section class=\"section\" id=\"section_1077094976\">\n\t\t<div class=\"section-bg fill\" >\n\t\t\t\t\t\t\t\t\t<div class=\"section-bg-overlay absolute fill\"><\/div>\n\t\t\t\n\n\t\t<\/div>\n\n\t\t\n\n\t\t<div class=\"section-content relative\">\n\t\t\t\n\n<div class=\"row row-collapse align-center\"  id=\"row-1601225061\">\n\n\n\t<div id=\"col-1661570266\" class=\"col small-12 large-12\"  >\n\t\t\t\t<div class=\"col-inner\"  >\n\t\t\t\n\t\t\t\n\n\t<div id=\"text-194822453\" class=\"text\">\n\t\t\n\n<h3>Tarjoamme palvelupaketin, joka kattaa kaiken varastohyllyjen tarkastuksista nopeisiin ja laadukkaisiin korjauksiin.<\/h3>\n<p>Asiantuntijamme suorittavat tarkastuksen, kartoittavat mahdolliset viat ja tarjoavat sen j\u00e4lkeen nopeita ja ammattimaisia korjausratkaisuja. Nii et olgu Sul vaja riiulite hooldust, remonti v\u00f5i t\u00e4ielikku uuendust, v\u00f5id loota meie kogemustele ja tipptasemel teenindusele igal sammul. <\/p>\n\n\t\t\n<style>\n#text-194822453 {\n  text-align: center;\n  color: rgb(0,0,0);\n}\n#text-194822453 > * {\n  color: rgb(0,0,0);\n}\n<\/style>\n\t<\/div>\n\t\n\n\t\t<\/div>\n\t\t\t\t\t<\/div>\n\n\t\n\n\t<div id=\"col-1020198657\" class=\"col small-12 large-12\"  >\n\t\t\t\t<div class=\"col-inner text-left\"  >\n\t\t\t\n\t\t\t\n\n\t<div id=\"text-1765585014\" class=\"text\">\n\t\t\n\n<p>Varastohyllyjen romahtamisen p\u00e4\u00e4asiallinen syy on yksitt\u00e4isten rakenneosien vikojen aiheuttama j\u00e4rjestelm\u00e4n toiminta. J\u00e4rjestelm\u00e4n tarkastuksen aikana asiantuntijamme tunnistavat ja arvioivat vaurioituneiden rakenneosien turvallisen k\u00e4yt\u00f6n.<\/p>\n<p><p>Suoritamme varastohyllylaitteiden yleisen visuaalisen ja mittaustarkastuksen. Tarkastuksen tavoitteena on havaita metallirakenteiden viat (hyllyjen vauriot, rakenteen poikkeamat m\u00e4\u00e4ritellyist\u00e4 parametreista).<\/p>\n<p>Hyllyjen pystysuoran poikkeaman tarkastus;<br>Hyllyjen kiertymisen tarkastus akselinsa ymp\u00e4ri;<br>Hyllyjen, palkkien ja muiden rakenneosien kaarevuuden tarkastus.<\/p>\n\t\t\n<style>\n#text-1765585014 {\n  color: rgb(0,0,0);\n}\n#text-1765585014 > * {\n  color: rgb(0,0,0);\n}\n<\/style>\n\t<\/div>\n\t\n\n\t\t<\/div>\n\t\t\t\t\n<style>\n#col-1020198657 > .col-inner {\n  padding: 50px 0px 50px 0px;\n}\n<\/style>\n\t<\/div>\n\n\t\n\n\t<div id=\"col-873892455\" class=\"col large-12\"  >\n\t\t\t\t<div class=\"col-inner\"  >\n\t\t\t\n\t\t\t\n\n  <style>\n    #gallery-1113560507 .grid-col-1{height: 400px}\n    #gallery-1113560507 .grid-col-1-2{height: 200px}\n    #gallery-1113560507 .grid-col-1-3{height:133.33333333333px}\n    #gallery-1113560507 .grid-col-2-3{height: 266.66666666667px}\n    #gallery-1113560507 .grid-col-1-4{height: 100px}\n    #gallery-1113560507 .grid-col-3-4{height: 300px}\n\n\n        \/* Tablet *\/\n    @media (max-width: 850px){\n      #gallery-1113560507 .grid-col-1{height: 266.66666666667px}\n      #gallery-1113560507 .grid-col-1-2{height: 133.33333333333px}\n      #gallery-1113560507 .grid-col-1-3{height:88.888888888889px}\n      #gallery-1113560507 .grid-col-2-3{height: 177.77777777778px}\n      #gallery-1113560507 .grid-col-1-4{height: 66.666666666667px}\n      #gallery-1113560507 .grid-col-3-4{height: 200px}\n    }\n    \n        \/* Mobile *\/\n    @media (max-width: 550px){\n      #gallery-1113560507 .grid-col-1{height: 266.66666666667px}\n      #gallery-1113560507 .grid-col-1-2{height: 133.33333333333px}\n      #gallery-1113560507 .grid-col-1-3{height:88.888888888889px}\n      #gallery-1113560507 .grid-col-2-3{height: 177.77777777778px}\n      #gallery-1113560507 .grid-col-1-4{height: 66.666666666667px}\n      #gallery-1113560507 .grid-col-3-4{height: 200px}\n    }\n    \n\n  <\/style>\n  \n  \n    <div id=\"gallery-1113560507\" class=\"row row-grid\" data-packery-options='{\"itemSelector\": \".col\", \"gutter\": 0, \"presentageWidth\" : true}'>\n\n  <div class=\"gallery-col col grid-col grid-col-1 large-6 medium-12\" >\n          <div class=\"col-inner\">\n            <a class=\"image-lightbox lightbox-gallery\" href=\"https:\/\/laovarustus.ee\/wp-content\/uploads\/2025\/04\/download-1-11.png\" title=\"\">            <div class=\"box has-hover gallery-box box-overlay dark box-text-center\">\n              <div class=\"box-image\" >\n                <img loading=\"lazy\" decoding=\"async\" width=\"423\" height=\"400\" src=\"https:\/\/laovarustus.ee\/wp-content\/uploads\/2025\/04\/download-1-11-423x400.png\" class=\"attachment-medium size-medium\" alt=\"\" ids=\"2689,2690,2691,2692\" type=\"grid\" grid_height=\"400px\" srcset=\"https:\/\/laovarustus.ee\/wp-content\/uploads\/2025\/04\/download-1-11-423x400.png 423w, https:\/\/laovarustus.ee\/wp-content\/uploads\/2025\/04\/download-1-11.png 744w\" sizes=\"auto, (max-width: 423px) 100vw, 423px\" \/>                                  <div class=\"overlay fill\"\n                      style=\"background-color: rgba(0,0,0,.15)\">\n                  <\/div>\n                                                              <\/div>\n              <div class=\"box-text text-left dark\" >\n                 <p><\/p>\n              <\/div>\n            <\/div>\n            <\/a>          <\/div>\n         <\/div><div class=\"gallery-col col grid-col grid-col-1 large-3 medium-6\" >\n          <div class=\"col-inner\">\n            <a class=\"image-lightbox lightbox-gallery\" href=\"https:\/\/laovarustus.ee\/wp-content\/uploads\/2025\/04\/download-2-9.png\" title=\"\">            <div class=\"box has-hover gallery-box box-overlay dark box-text-center\">\n              <div class=\"box-image\" >\n                <img loading=\"lazy\" decoding=\"async\" width=\"430\" height=\"400\" src=\"https:\/\/laovarustus.ee\/wp-content\/uploads\/2025\/04\/download-2-9-430x400.png\" class=\"attachment-medium size-medium\" alt=\"\" ids=\"2689,2690,2691,2692\" type=\"grid\" grid_height=\"400px\" srcset=\"https:\/\/laovarustus.ee\/wp-content\/uploads\/2025\/04\/download-2-9-430x400.png 430w, https:\/\/laovarustus.ee\/wp-content\/uploads\/2025\/04\/download-2-9-768x715.png 768w, https:\/\/laovarustus.ee\/wp-content\/uploads\/2025\/04\/download-2-9.png 852w\" sizes=\"auto, (max-width: 430px) 100vw, 430px\" \/>                                  <div class=\"overlay fill\"\n                      style=\"background-color: rgba(0,0,0,.15)\">\n                  <\/div>\n                                                              <\/div>\n              <div class=\"box-text text-left dark\" >\n                 <p><\/p>\n              <\/div>\n            <\/div>\n            <\/a>          <\/div>\n         <\/div><div class=\"gallery-col col grid-col grid-col-1-2 large-3 medium-6\" >\n          <div class=\"col-inner\">\n            <a class=\"image-lightbox lightbox-gallery\" href=\"https:\/\/laovarustus.ee\/wp-content\/uploads\/2025\/04\/download-7-5-744x800.png\" title=\"\">            <div class=\"box has-hover gallery-box box-overlay dark box-text-center\">\n              <div class=\"box-image\" >\n                <img loading=\"lazy\" decoding=\"async\" width=\"372\" height=\"400\" src=\"https:\/\/laovarustus.ee\/wp-content\/uploads\/2025\/04\/download-7-5-372x400.png\" class=\"attachment-medium size-medium\" alt=\"\" ids=\"2689,2690,2691,2692\" type=\"grid\" grid_height=\"400px\" srcset=\"https:\/\/laovarustus.ee\/wp-content\/uploads\/2025\/04\/download-7-5-372x400.png 372w, https:\/\/laovarustus.ee\/wp-content\/uploads\/2025\/04\/download-7-5-744x800.png 744w, https:\/\/laovarustus.ee\/wp-content\/uploads\/2025\/04\/download-7-5-768x826.png 768w, https:\/\/laovarustus.ee\/wp-content\/uploads\/2025\/04\/download-7-5.png 819w\" sizes=\"auto, (max-width: 372px) 100vw, 372px\" \/>                                  <div class=\"overlay fill\"\n                      style=\"background-color: rgba(0,0,0,.15)\">\n                  <\/div>\n                                                              <\/div>\n              <div class=\"box-text text-left dark\" >\n                 <p><\/p>\n              <\/div>\n            <\/div>\n            <\/a>          <\/div>\n         <\/div><div class=\"gallery-col col grid-col grid-col-1-2 large-3 medium-6\" >\n          <div class=\"col-inner\">\n            <a class=\"image-lightbox lightbox-gallery\" href=\"https:\/\/laovarustus.ee\/wp-content\/uploads\/2025\/04\/download-23.png\" title=\"\">            <div class=\"box has-hover gallery-box box-overlay dark box-text-center\">\n              <div class=\"box-image\" >\n                <img loading=\"lazy\" decoding=\"async\" width=\"492\" height=\"400\" src=\"https:\/\/laovarustus.ee\/wp-content\/uploads\/2025\/04\/download-23-492x400.png\" class=\"attachment-medium size-medium\" alt=\"\" ids=\"2689,2690,2691,2692\" type=\"grid\" grid_height=\"400px\" srcset=\"https:\/\/laovarustus.ee\/wp-content\/uploads\/2025\/04\/download-23-492x400.png 492w, https:\/\/laovarustus.ee\/wp-content\/uploads\/2025\/04\/download-23-768x624.png 768w, https:\/\/laovarustus.ee\/wp-content\/uploads\/2025\/04\/download-23.png 804w\" sizes=\"auto, (max-width: 492px) 100vw, 492px\" \/>                                  <div class=\"overlay fill\"\n                      style=\"background-color: rgba(0,0,0,.15)\">\n                  <\/div>\n                                                              <\/div>\n              <div class=\"box-text text-left dark\" >\n                 <p><\/p>\n              <\/div>\n            <\/div>\n            <\/a>          <\/div>\n         <\/div><\/div>\n\n\n\t\t<\/div>\n\t\t\t\t\t<\/div>\n\n\t\n\n<\/div>\n\n\t\t<\/div>\n\n\t\t\n<style>\n#section_1077094976 {\n  padding-top: 35px;\n  padding-bottom: 35px;\n  background-color: rgb(208, 208, 208);\n}\n#section_1077094976 .section-bg-overlay {\n  background-color: rgba(255, 255, 255, 0.85);\n}\n<\/style>\n\t<\/section>\n\t\n\n\t<section class=\"section\" id=\"section_83607883\">\n\t\t<div class=\"section-bg fill\" >\n\t\t\t\t\t\t\t\t\t\n\t\t\t\n\n\t\t<\/div>\n\n\t\t\n\n\t\t<div class=\"section-content relative\">\n\t\t\t\n\n<div class=\"row\"  id=\"row-1138064488\">\n\n\n\t<div id=\"col-1106364200\" class=\"col small-12 large-12\"  >\n\t\t\t\t<div class=\"col-inner\"  >\n\t\t\t\n\t\t\t\n\n<div class=\"container section-title-container\" ><h3 class=\"section-title section-title-center\"><b aria-hidden=\"true\"><\/b><span class=\"section-title-main\" >Ota yhteytt\u00e4!<\/span><b aria-hidden=\"true\"><\/b><\/h3><\/div>\n\n\n<div class=\"wpcf7 no-js\" id=\"wpcf7-f2831-o1\" lang=\"fi\" dir=\"ltr\" data-wpcf7-id=\"2831\">\n<div class=\"screen-reader-response\"><p role=\"status\" aria-live=\"polite\" aria-atomic=\"true\"><\/p> <ul><\/ul><\/div>\n<form action=\"\/fi\/wp-json\/wp\/v2\/pages\/2688#wpcf7-f2831-o1\" method=\"post\" class=\"wpcf7-form init\" aria-label=\"Yhteydenottolomake\" novalidate=\"novalidate\" data-status=\"init\">\n<fieldset class=\"hidden-fields-container\"><input type=\"hidden\" name=\"_wpcf7\" value=\"2831\" \/><input type=\"hidden\" name=\"_wpcf7_version\" value=\"6.1.5\" \/><input type=\"hidden\" name=\"_wpcf7_locale\" value=\"fi\" \/><input type=\"hidden\" name=\"_wpcf7_unit_tag\" value=\"wpcf7-f2831-o1\" \/><input type=\"hidden\" name=\"_wpcf7_container_post\" value=\"0\" \/><input type=\"hidden\" name=\"_wpcf7_posted_data_hash\" value=\"\" \/>\n<\/fieldset>\n<p><label> Nimi<br \/>\n<span class=\"wpcf7-form-control-wrap\" data-name=\"your-name\"><input size=\"40\" maxlength=\"400\" class=\"wpcf7-form-control wpcf7-text wpcf7-validates-as-required\" autocomplete=\"name\" aria-required=\"true\" aria-invalid=\"false\" value=\"\" type=\"text\" name=\"your-name\" \/><\/span> <\/label>\n<\/p>\n<p><label> S\u00e4hk\u00f6posti<br \/>\n<span class=\"wpcf7-form-control-wrap\" data-name=\"your-email\"><input size=\"40\" maxlength=\"400\" class=\"wpcf7-form-control wpcf7-email wpcf7-validates-as-required wpcf7-text wpcf7-validates-as-email\" autocomplete=\"email\" aria-required=\"true\" aria-invalid=\"false\" value=\"\" type=\"email\" name=\"your-email\" \/><\/span> <\/label>\n<\/p>\n<p><label> S\u00e4hk\u00f6postin aihe<br \/>\n<span class=\"wpcf7-form-control-wrap\" data-name=\"your-subject\"><input size=\"40\" maxlength=\"400\" class=\"wpcf7-form-control wpcf7-text wpcf7-validates-as-required\" aria-required=\"true\" aria-invalid=\"false\" value=\"\" type=\"text\" name=\"your-subject\" \/><\/span> <\/label>\n<\/p>\n<p><label> Viestisi<br \/>\n<span class=\"wpcf7-form-control-wrap\" data-name=\"your-message\"><textarea cols=\"40\" rows=\"10\" maxlength=\"2000\" class=\"wpcf7-form-control wpcf7-textarea\" aria-invalid=\"false\" name=\"your-message\"><\/textarea><\/span> <\/label>\n<\/p>\n<p><input class=\"wpcf7-form-control wpcf7-submit has-spinner\" type=\"submit\" value=\"L\u00e4het\u00e4\" \/>\n<\/p><div class=\"wpcf7-response-output\" aria-hidden=\"true\"><\/div>\n<\/form>\n<\/div>\n\n\n\n\t\t<\/div>\n\t\t\t\t\t<\/div>\n\n\t\n\n<\/div>\n\n\t\t<\/div>\n\n\t\t\n<style>\n#section_83607883 {\n  padding-top: 30px;\n  padding-bottom: 30px;\n}\n<\/style>\n\t<\/section>\n\t\n\n","protected":false},"excerpt":{"rendered":"","protected":false},"author":1,"featured_media":0,"parent":0,"menu_order":0,"comment_status":"closed","ping_status":"closed","template":"","meta":{"om_disable_all_campaigns":false,"_monsterinsights_skip_tracking":false,"_monsterinsights_sitenote_active":false,"_monsterinsights_sitenote_note":"","_monsterinsights_sitenote_category":0,"footnotes":""},"class_list":["post-2688","page","type-page","status-publish","hentry"],"aioseo_notices":[],"_links":{"self":[{"href":"https:\/\/laovarustus.ee\/fi\/wp-json\/wp\/v2\/pages\/2688","targetHints":{"allow":["GET"]}}],"collection":[{"href":"https:\/\/laovarustus.ee\/fi\/wp-json\/wp\/v2\/pages"}],"about":[{"href":"https:\/\/laovarustus.ee\/fi\/wp-json\/wp\/v2\/types\/page"}],"author":[{"embeddable":true,"href":"https:\/\/laovarustus.ee\/fi\/wp-json\/wp\/v2\/users\/1"}],"replies":[{"embeddable":true,"href":"https:\/\/laovarustus.ee\/fi\/wp-json\/wp\/v2\/comments?post=2688"}],"version-history":[{"count":2,"href":"https:\/\/laovarustus.ee\/fi\/wp-json\/wp\/v2\/pages\/2688\/revisions"}],"predecessor-version":[{"id":2694,"href":"https:\/\/laovarustus.ee\/fi\/wp-json\/wp\/v2\/pages\/2688\/revisions\/2694"}],"wp:attachment":[{"href":"https:\/\/laovarustus.ee\/fi\/wp-json\/wp\/v2\/media?parent=2688"}],"curies":[{"name":"wp","href":"https:\/\/api.w.org\/{rel}","templated":true}]}}