{"id":2710,"date":"2025-04-18T22:07:19","date_gmt":"2025-04-18T22:07:19","guid":{"rendered":"https:\/\/laovarustus.ee\/varaston-ja-varastohyllyjen-suojajarjestelmat\/"},"modified":"2026-02-27T12:44:23","modified_gmt":"2026-02-27T12:44:23","slug":"varaston-ja-varastohyllyjen-suojajarjestelmat","status":"publish","type":"page","link":"https:\/\/laovarustus.ee\/fi\/varaston-ja-varastohyllyjen-suojajarjestelmat\/","title":{"rendered":"Varaston ja varastohyllyjen suojaj\u00e4rjestelm\u00e4t"},"content":{"rendered":"\n\n\t<section class=\"section\" id=\"section_1608902535\">\n\t\t<div class=\"section-bg fill\" >\n\t\t\t<img loading=\"lazy\" decoding=\"async\" width=\"848\" height=\"537\" src=\"https:\/\/laovarustus.ee\/wp-content\/uploads\/2025\/04\/download-4-1.png\" class=\"bg attachment-2048x2048 size-2048x2048\" alt=\"\" \/>\t\t\t\t\t\t\n\t\t\t\n\n\t\t<\/div>\n\n\t\t\n\n\t\t<div class=\"section-content relative\">\n\t\t\t\n\n  <div id=\"page-header-2111415996\" class=\"page-header-wrapper\">\n  <div class=\"page-title dark simple-title\">\n\n    \n    <div class=\"page-title-inner container align-center flex-row medium-flex-wrap\" >\n              <div class=\"title-wrapper flex-col text-left medium-text-center\">\n          <h1 class=\"entry-title mb-0\">\n            Varaston ja varastohyllyjen suojaj\u00e4rjestelm\u00e4t          <\/h1>\n        <\/div>\n                    <div class=\"title-content flex-col flex-right text-right medium-text-center\">\n        <div class=\"title-breadcrumbs pb-half pt-half\"><\/div>      <\/div>\n    <\/div>\n\n       <\/div>\n    <\/div>\n  \n\n\n\t\t<\/div>\n\n\t\t\n<style>\n#section_1608902535 {\n  padding-top: 30px;\n  padding-bottom: 30px;\n}\n#section_1608902535 .section-bg img {\n  object-position: 51% 31%;\n}\n<\/style>\n\t<\/section>\n\t\n\n\t<section class=\"section\" id=\"section_1745449092\">\n\t\t<div class=\"section-bg fill\" >\n\t\t\t\t\t\t\t\t\t\n\t\t\t\n\n\t\t<\/div>\n\n\t\t\n\n\t\t<div class=\"section-content relative\">\n\t\t\t\n\n<div class=\"row\"  id=\"row-1440316233\">\n\n\n\t<div id=\"col-872482674\" class=\"col small-12 large-12\"  >\n\t\t\t\t<div class=\"col-inner\"  >\n\t\t\t\n\t\t\t\n\n\t<div id=\"text-1254659967\" class=\"text\">\n\t\t\n\n<h3>Laajasta valikoimast l\u00f6yd\u00e4t erilaisia hylly- ja varastosuojaj\u00e4rjestelmi\u00e4. <\/h3>\n<p>Tarjoamme monipuolisia j\u00e4rjestelmi\u00e4, jotka pident\u00e4v\u00e4t ja suojaavat omaisuutesi &#8221;elinkaarta&#8221;. Valikoimast l\u00f6ytyy erilaisia ratkaisuja, jotka vastaavat eri tarpeisiin ja ymp\u00e4rist\u00f6ihin, tarjoten omaisuudellesi optimaalisen suojan ja pidemm\u00e4n k\u00e4ytt\u00f6i\u00e4n. <\/p>\n\n\t\t\n<style>\n#text-1254659967 {\n  text-align: center;\n  color: rgb(0,0,0);\n}\n#text-1254659967 > * {\n  color: rgb(0,0,0);\n}\n<\/style>\n\t<\/div>\n\t\n\n\t\t<\/div>\n\t\t\t\t\t<\/div>\n\n\t\n\n\t<div id=\"col-1167144892\" class=\"col small-12 large-12\"  >\n\t\t\t\t<div class=\"col-inner\"  >\n\t\t\t\n\t\t\t\n\n<div class=\"container section-title-container\" ><h3 class=\"section-title section-title-center\"><b aria-hidden=\"true\"><\/b><span class=\"section-title-main\" style=\"color:rgb(0, 0, 0);\">Suojaimet \/ Turvallisuuselementit<\/span><b aria-hidden=\"true\"><\/b><\/h3><\/div>\n\n\t<div id=\"text-4035134420\" class=\"text\">\n\t\t\n\n<p>On eritt\u00e4in t\u00e4rke\u00e4\u00e4 huolehtia yrityksen turvallisuudesta. Suojat est\u00e4v\u00e4t onnettomuuksia ja vahinkoja ihmisille, hyllyille ja koneille. <\/p>\n\t\t\n<style>\n#text-4035134420 {\n  color: rgb(0,0,0);\n}\n#text-4035134420 > * {\n  color: rgb(0,0,0);\n}\n<\/style>\n\t<\/div>\n\t\n<div class=\"row align-center\"  id=\"row-2059263729\">\n\n\n\t<div id=\"col-1540548320\" class=\"col medium-4 small-12 large-4\"  >\n\t\t\t\t<div class=\"col-inner\"  >\n\t\t\t\n\t\t\t\n\n\t<div class=\"box has-hover   has-hover box-text-bottom\" >\n\n\t\t<div class=\"box-image\" >\n\t\t\t<a href=\"https:\/\/laovarustus.ee\/fi\/varaston-ja-varastohyllyjen-suojajarjestelmat\/muovisuojat\/\" >\t\t\t<div class=\"image-cover\" style=\"padding-top:100%;\">\n\t\t\t\t<img loading=\"lazy\" decoding=\"async\" width=\"1190\" height=\"596\" src=\"https:\/\/laovarustus.ee\/wp-content\/uploads\/2025\/04\/download-5-1.png\" class=\"attachment- size-\" alt=\"\" srcset=\"https:\/\/laovarustus.ee\/wp-content\/uploads\/2025\/04\/download-5-1.png 1190w, https:\/\/laovarustus.ee\/wp-content\/uploads\/2025\/04\/download-5-1-800x400.png 800w, https:\/\/laovarustus.ee\/wp-content\/uploads\/2025\/04\/download-5-1-768x385.png 768w\" sizes=\"auto, (max-width: 1190px) 100vw, 1190px\" \/>\t\t\t\t\t\t\t\t\t\t\t<\/div>\n\t\t\t<\/a>\t\t<\/div>\n\n\t\t<div class=\"box-text text-center\" >\n\t\t\t<div class=\"box-text-inner\">\n\t\t\t\t\n\n\t<div id=\"text-497255385\" class=\"text\">\n\t\t\n\n<h4>Muovisuojaimet <\/h4>\n\t\t\n<style>\n#text-497255385 {\n  color: rgb(0,0,0);\n}\n#text-497255385 > * {\n  color: rgb(0,0,0);\n}\n<\/style>\n\t<\/div>\n\t\n\n\t\t\t<\/div>\n\t\t<\/div>\n\t<\/div>\n\t\n\n\t\t<\/div>\n\t\t\t\t\t<\/div>\n\n\t\n\n\t<div id=\"col-1007650549\" class=\"col medium-4 small-12 large-4\"  >\n\t\t\t\t<div class=\"col-inner\"  >\n\t\t\t\n\t\t\t\n\n\t<div class=\"box has-hover   has-hover box-text-bottom\" >\n\n\t\t<div class=\"box-image\" >\n\t\t\t<a href=\"https:\/\/laovarustus.ee\/fi\/varaston-ja-varastohyllyjen-suojajarjestelmat\/metallisuojat\/\" >\t\t\t<div class=\"image-cover\" style=\"padding-top:100%;\">\n\t\t\t\t<img loading=\"lazy\" decoding=\"async\" width=\"348\" height=\"448\" src=\"https:\/\/laovarustus.ee\/wp-content\/uploads\/2025\/04\/u-type-upright-protector-66003-1491821491-500-750.jpeg\" class=\"attachment- size-\" alt=\"\" srcset=\"https:\/\/laovarustus.ee\/wp-content\/uploads\/2025\/04\/u-type-upright-protector-66003-1491821491-500-750.jpeg 348w, https:\/\/laovarustus.ee\/wp-content\/uploads\/2025\/04\/u-type-upright-protector-66003-1491821491-500-750-311x400.jpeg 311w\" sizes=\"auto, (max-width: 348px) 100vw, 348px\" \/>\t\t\t\t\t\t\t\t\t\t\t<\/div>\n\t\t\t<\/a>\t\t<\/div>\n\n\t\t<div class=\"box-text text-center\" >\n\t\t\t<div class=\"box-text-inner\">\n\t\t\t\t\n\n\t<div id=\"text-3245573925\" class=\"text\">\n\t\t\n\n<h4>Metallisuojat<\/h4>\n\t\t\n<style>\n#text-3245573925 {\n  color: rgb(0,0,0);\n}\n#text-3245573925 > * {\n  color: rgb(0,0,0);\n}\n<\/style>\n\t<\/div>\n\t\n\n\t\t\t<\/div>\n\t\t<\/div>\n\t<\/div>\n\t\n\n\t\t<\/div>\n\t\t\t\t\t<\/div>\n\n\t\n\n<\/div>\n\n\t\t<\/div>\n\t\t\t\t\t<\/div>\n\n\t\n\n<\/div>\n\n\t\t<\/div>\n\n\t\t\n<style>\n#section_1745449092 {\n  padding-top: 30px;\n  padding-bottom: 30px;\n}\n<\/style>\n\t<\/section>\n\t\n\n","protected":false},"excerpt":{"rendered":"","protected":false},"author":1,"featured_media":0,"parent":0,"menu_order":0,"comment_status":"closed","ping_status":"closed","template":"","meta":{"om_disable_all_campaigns":false,"_monsterinsights_skip_tracking":false,"_monsterinsights_sitenote_active":false,"_monsterinsights_sitenote_note":"","_monsterinsights_sitenote_category":0,"footnotes":""},"class_list":["post-2710","page","type-page","status-publish","hentry"],"aioseo_notices":[],"_links":{"self":[{"href":"https:\/\/laovarustus.ee\/fi\/wp-json\/wp\/v2\/pages\/2710","targetHints":{"allow":["GET"]}}],"collection":[{"href":"https:\/\/laovarustus.ee\/fi\/wp-json\/wp\/v2\/pages"}],"about":[{"href":"https:\/\/laovarustus.ee\/fi\/wp-json\/wp\/v2\/types\/page"}],"author":[{"embeddable":true,"href":"https:\/\/laovarustus.ee\/fi\/wp-json\/wp\/v2\/users\/1"}],"replies":[{"embeddable":true,"href":"https:\/\/laovarustus.ee\/fi\/wp-json\/wp\/v2\/comments?post=2710"}],"version-history":[{"count":2,"href":"https:\/\/laovarustus.ee\/fi\/wp-json\/wp\/v2\/pages\/2710\/revisions"}],"predecessor-version":[{"id":2716,"href":"https:\/\/laovarustus.ee\/fi\/wp-json\/wp\/v2\/pages\/2710\/revisions\/2716"}],"wp:attachment":[{"href":"https:\/\/laovarustus.ee\/fi\/wp-json\/wp\/v2\/media?parent=2710"}],"curies":[{"name":"wp","href":"https:\/\/api.w.org\/{rel}","templated":true}]}}