{"id":2795,"date":"2025-04-18T22:34:57","date_gmt":"2025-04-18T22:34:57","guid":{"rendered":"https:\/\/laovarustus.ee\/kompaktit-akkujen-lataushuoneet\/"},"modified":"2026-03-02T15:37:24","modified_gmt":"2026-03-02T15:37:24","slug":"kompaktit-akkujen-lataushuoneet","status":"publish","type":"page","link":"https:\/\/laovarustus.ee\/fi\/kompaktit-akkujen-lataushuoneet\/","title":{"rendered":"Kompaktit akkujen lataushuoneet"},"content":{"rendered":"\n\n\t<section class=\"section\" id=\"section_1930413061\">\n\t\t<div class=\"section-bg fill\" >\n\t\t\t<img loading=\"lazy\" decoding=\"async\" width=\"1532\" height=\"760\" src=\"https:\/\/laovarustus.ee\/wp-content\/uploads\/2025\/04\/download-7-2.png\" class=\"bg attachment- size-\" alt=\"\" \/>\t\t\t\t\t\t\n\t\t\t\n\n\t\t<\/div>\n\n\t\t\n\n\t\t<div class=\"section-content relative\">\n\t\t\t\n\n  <div id=\"page-header-353680660\" class=\"page-header-wrapper\">\n  <div class=\"page-title dark simple-title\">\n\n    \n    <div class=\"page-title-inner container align-center flex-row medium-flex-wrap\" >\n              <div class=\"title-wrapper flex-col text-left medium-text-center\">\n          <h1 class=\"entry-title mb-0\">\n            Kompaktit akkujen lataushuoneet          <\/h1>\n        <\/div>\n                    <div class=\"title-content flex-col flex-right text-right medium-text-center\">\n        <div class=\"title-breadcrumbs pb-half pt-half\"><\/div>      <\/div>\n    <\/div>\n\n       <\/div>\n    <\/div>\n  \n\n\n\t\t<\/div>\n\n\t\t\n<style>\n#section_1930413061 {\n  padding-top: 30px;\n  padding-bottom: 30px;\n}\n#section_1930413061 .section-bg img {\n  object-position: 44% 44%;\n}\n<\/style>\n\t<\/section>\n\t\n\n\t<section class=\"section\" id=\"section_2048125269\">\n\t\t<div class=\"section-bg fill\" >\n\t\t\t\t\t\t\t\t\t<div class=\"section-bg-overlay absolute fill\"><\/div>\n\t\t\t\n\n\t\t<\/div>\n\n\t\t\n\n\t\t<div class=\"section-content relative\">\n\t\t\t\n\n<div class=\"row row-collapse align-center\"  id=\"row-1896165615\">\n\n\n\t<div id=\"col-585978047\" class=\"col small-12 large-12\"  >\n\t\t\t\t<div class=\"col-inner\"  >\n\t\t\t\n\t\t\t\n\n\t<div id=\"text-2874722078\" class=\"text\">\n\t\t\n\n<h3>Optimoi varastotilasi ja lis\u00e4\u00e4 tehokkuutta kompakteilla akkuhuoneilla Laovarustus O\u00dc:lt\u00e4! <\/h3>\n<p>\u00c4lykk\u00e4\u00e4t ratkaisumme eiv\u00e4t ainoastaan s\u00e4\u00e4st\u00e4 varastotilaa, vaan tekev\u00e4t my\u00f6s latausprosessista hallittavan ja pident\u00e4v\u00e4t samalla akkujen k\u00e4ytt\u00f6ik\u00e4\u00e4. Ota meihin yhteytt\u00e4 ja selvit\u00e4, kuinka teknologiamme voi tehostaa varastointiprosessiasi.<\/p>\n\n\t\t\n<style>\n#text-2874722078 {\n  text-align: center;\n  color: rgb(0,0,0);\n}\n#text-2874722078 > * {\n  color: rgb(0,0,0);\n}\n<\/style>\n\t<\/div>\n\t\n\n\t\t<\/div>\n\t\t\t\t\t<\/div>\n\n\t\n\n\t<div id=\"col-1807262486\" class=\"col small-12 large-12\"  >\n\t\t\t\t<div class=\"col-inner text-left\"  >\n\t\t\t\n\t\t\t\n\n\t<div id=\"text-1796442542\" class=\"text\">\n\t\t\n\n<p>Nykyaikaisen varastorakennuksen suunnittelussa her\u00e4\u00e4 v\u00e4ist\u00e4m\u00e4tt\u00e4 kysymys \u2013 miss\u00e4 ja miten trukkien \/ pinoamistrukkien akkujen lataus ja vaihto tapahtuu. T\u00e4m\u00e4 kysymys muuttuu erityisen t\u00e4rke\u00e4ksi, jos varasto toimii kahdessa vuorossa tai ymp\u00e4ri vuorokauden ja trukkeja on enemm\u00e4n kuin pari\u2013kolme kappaletta. Todenn\u00e4k\u00f6isesti p\u00e4\u00e4tet\u00e4\u00e4n rakentaa erillinen akkuhuone.<br>Yleens\u00e4 se on erillinen tila rullaradoilla, seinille kiinnitetyill\u00e4 latureilla ja hyllyill\u00e4, joille on asennettu s\u00e4ili\u00f6t tislatulle vedelle. Tilaan pinta-alan ja korkeuden on oltava riitt\u00e4v\u00e4n suuret, jotta nostokalustolla voidaan ajaa sis\u00e4\u00e4n.<br>Ottaen huomioon, ett\u00e4 esimerkiksi ty\u00f6nt\u00f6mastotrukin (Reach-Truck) akun paino on noin 900\u20131000 kg, sen ty\u00f6nt\u00e4minen rullaradalle ja sitten ladatun akun ty\u00f6nt\u00e4minen takaisin sis\u00e4\u00e4n vaatii paljon voimaa ja, mik\u00e4 viel\u00e4 t\u00e4rke\u00e4mp\u00e4\u00e4, ty\u00f6aikaa. Usein n\u00e4iss\u00e4 akkuhuoneissa puuttuu siisteys ja j\u00e4rjestys, ja rullaradat ovat usein trukkien vaurioittamia. My\u00f6s tislatun veden toimittaminen ja kustannusten hallinta voivat muodostua ongelmaksi, jos keskitetty\u00e4 vedenjakelua ei ole j\u00e4rjestetty.<br>Mit\u00e4 suurempi varasto ja mit\u00e4 enemm\u00e4n siell\u00e4 on k\u00e4yt\u00f6ss\u00e4 kalustoa, sit\u00e4 nopeammin ilmenee ongelmia akuston kunnossapidon valvonnassa.<br>Tarjoamme ratkaisun, joka s\u00e4\u00e4st\u00e4\u00e4 varaston hy\u00f6tytilaa ja rahaa. Tuotanto tapahtuu kokonaisuudessaan Virossa.<br>Laovarustus O\u00dc:n akkuhuoneen lyhyt kuvaus ja toimintaperiaate:<br>Tilan leveys on 4300 mm, pituus riippuu akkujen m\u00e4\u00e4r\u00e4st\u00e4, v\u00e4himm\u00e4iskorkeus 2200 mm. Seinien viereen on asennettu rullarataosastot, joissa akkujen lataus tapahtuu. Laturit on asennettu osastojen ylemm\u00e4lle tasolle. Jokainen akku on varustettu vesiletkulla, joka tuo veden yhteisest\u00e4 s\u00e4ili\u00f6st\u00e4. Tilan keskelle, lattialle osastojen v\u00e4liin on kiinnitetty metallilistat, joiden korkeus on 6 mm ja leveys 40 mm. Ne ovat kiskot rullaradalla varustetulle vaunulle. Kiskot jatkuvat akkuhuoneen ulkopuolelle noin 2500 mm:n matkan. Vaunun rullat on varustettu k\u00e4ytt\u00f6mekanismilla, ja s\u00e4hk\u00f6moottori saa ne py\u00f6rim\u00e4\u00e4n sek\u00e4 my\u00f6t\u00e4p\u00e4iv\u00e4\u00e4n ett\u00e4 vastap\u00e4iv\u00e4\u00e4n. Vaunun rullaradan korkeutta voidaan s\u00e4\u00e4t\u00e4\u00e4 hydrauliikan avulla. T\u00e4m\u00e4 mahdollisuus on tarkoitettu sit\u00e4 varten, ett\u00e4 voidaan ty\u00f6skennell\u00e4 erilaisten varastotrukkien akkujen kanssa. Rullien ja hydrauliikan ohjaamiseen on painikkeet \/ ohjausvipu.<br>Varastoty\u00f6ntekij\u00e4 tuo tyhj\u00e4ll\u00e4 akulla varustetun trukin akkuhuoneen luo ja pys\u00e4k\u00f6i sen kiskojen viereen rinnakkain. Helpottamiseksi lattialla voi olla viiva tai erityiset suojakaiteet. Kun akku on valmis poistettavaksi, ty\u00f6ntekij\u00e4 tuo vaunun trukin luo ja ty\u00f6nt\u00e4\u00e4 akun ulos (noin 1\/3 pituudesta) vaunun rullaradalle. T\u00e4m\u00e4n j\u00e4lkeen rullarata voidaan k\u00e4ynnist\u00e4\u00e4 ja vaunu ottaa akun itse kyytiins\u00e4. Ty\u00f6ntekij\u00e4 vie akun kanssa vaunun tilaan sis\u00e4lle, pys\u00e4k\u00f6i sen oikean osaston viereen, k\u00e4ynnist\u00e4\u00e4 vaunun rullaradan vastakkaiseen suuntaan, ja akku siirtyy itse latauspaikalle odottamaan kytkent\u00e4\u00e4. Samalla tavalla tapahtuu my\u00f6s ladatun akun asentaminen trukkiin.<\/p>\n<p>Ratkaisumme edut:<br>Trukki ei aja akkuhuoneeseen sis\u00e4\u00e4n. N\u00e4in ollen tilan korkeus ja pinta-ala voivat olla moninkertaisesti pienemm\u00e4t, ja vastaavasti varaston hy\u00f6tytila kasvaa.<br>Kaikki akut on koottu yhteen paikkaan. Valvonta ja kunnossapito on yksinkertaistettu.<br>Akkuhuoneen ilmanvaihtokustannukset pienenev\u00e4t merkitt\u00e4v\u00e4sti.<br>Laitteiden vaurioitumiseen liittyv\u00e4t kustannukset l\u00e4hes poistuvat.<br>Akkujen vaihto tapahtuu helpommin ja nopeammin, koska vaunu on varustettu rullilla ja moottorilla.<br>Kaikki laturit on koottu akkuhuoneeseen, joten voidaan v\u00e4ltt\u00e4\u00e4 tilanne, jossa varastoty\u00f6ntekij\u00e4 p\u00e4\u00e4tt\u00e4\u00e4 \u201dladata lyhyesti kahvitauon tai lounaan aikana\u201d. T\u00e4llaiset toimenpiteet lyhent\u00e4v\u00e4t merkitt\u00e4v\u00e4sti akkujen k\u00e4ytt\u00f6ik\u00e4\u00e4. Akkuhuoneen avulla latausta voidaan standardoida ja akkujen k\u00e4ytt\u00f6ik\u00e4\u00e4 pident\u00e4\u00e4.<br>Yhteinen tislatun veden sy\u00f6tt\u00f6j\u00e4rjestelm\u00e4 on my\u00f6s akkuhuoneen etu.<br>Erillisi\u00e4 rullaratoja trukkeineen ei tarvitse hankkia! Yleisesti voidaan todeta, ett\u00e4 niiden kokonaiskustannus on suunnilleen sama kuin akkuhuoneen rakentamiskustannus.<\/p>\n\n\t\t\n<style>\n#text-1796442542 {\n  color: rgb(0,0,0);\n}\n#text-1796442542 > * {\n  color: rgb(0,0,0);\n}\n<\/style>\n\t<\/div>\n\t\n\n\t\t<\/div>\n\t\t\t\t\n<style>\n#col-1807262486 > .col-inner {\n  padding: 50px 0px 50px 0px;\n}\n<\/style>\n\t<\/div>\n\n\t\n\n\t<div id=\"col-645690755\" class=\"col large-12\"  >\n\t\t\t\t<div class=\"col-inner\"  >\n\t\t\t\n\t\t\t\n\n  <style>\n    #gallery-316137200 .grid-col-1{height: 400px}\n    #gallery-316137200 .grid-col-1-2{height: 200px}\n    #gallery-316137200 .grid-col-1-3{height:133.33333333333px}\n    #gallery-316137200 .grid-col-2-3{height: 266.66666666667px}\n    #gallery-316137200 .grid-col-1-4{height: 100px}\n    #gallery-316137200 .grid-col-3-4{height: 300px}\n\n\n        \/* Tablet *\/\n    @media (max-width: 850px){\n      #gallery-316137200 .grid-col-1{height: 266.66666666667px}\n      #gallery-316137200 .grid-col-1-2{height: 133.33333333333px}\n      #gallery-316137200 .grid-col-1-3{height:88.888888888889px}\n      #gallery-316137200 .grid-col-2-3{height: 177.77777777778px}\n      #gallery-316137200 .grid-col-1-4{height: 66.666666666667px}\n      #gallery-316137200 .grid-col-3-4{height: 200px}\n    }\n    \n        \/* Mobile *\/\n    @media (max-width: 550px){\n      #gallery-316137200 .grid-col-1{height: 266.66666666667px}\n      #gallery-316137200 .grid-col-1-2{height: 133.33333333333px}\n      #gallery-316137200 .grid-col-1-3{height:88.888888888889px}\n      #gallery-316137200 .grid-col-2-3{height: 177.77777777778px}\n      #gallery-316137200 .grid-col-1-4{height: 66.666666666667px}\n      #gallery-316137200 .grid-col-3-4{height: 200px}\n    }\n    \n\n  <\/style>\n  \n  \n    <div id=\"gallery-316137200\" class=\"row row-grid\" data-packery-options='{\"itemSelector\": \".col\", \"gutter\": 0, \"presentageWidth\" : true}'>\n\n  <div class=\"gallery-col col grid-col grid-col-1 large-9 medium-12\" >\n          <div class=\"col-inner\">\n            <a class=\"image-lightbox lightbox-gallery\" href=\"https:\/\/laovarustus.ee\/wp-content\/uploads\/2025\/04\/download-1.jpg\" title=\"\">            <div class=\"box has-hover gallery-box box-overlay dark box-text-center\">\n              <div class=\"box-image\" >\n                <img loading=\"lazy\" decoding=\"async\" width=\"680\" height=\"384\" src=\"https:\/\/laovarustus.ee\/wp-content\/uploads\/2025\/04\/download-1.jpg\" class=\"attachment-large size-large\" alt=\"\" ids=\"2797,2798,2799,2800,2801,2802,2803\" type=\"grid\" grid=\"6\" grid_height=\"400px\" \/>                                  <div class=\"overlay fill\"\n                      style=\"background-color: rgba(0,0,0,.15)\">\n                  <\/div>\n                                                              <\/div>\n              <div class=\"box-text text-left dark\" >\n                 <p><\/p>\n              <\/div>\n            <\/div>\n            <\/a>          <\/div>\n         <\/div><div class=\"gallery-col col grid-col grid-col-1-2 large-3 medium-6\" >\n          <div class=\"col-inner\">\n            <a class=\"image-lightbox lightbox-gallery\" href=\"https:\/\/laovarustus.ee\/wp-content\/uploads\/2025\/04\/download-1-8.png\" title=\"\">            <div class=\"box has-hover gallery-box box-overlay dark box-text-center\">\n              <div class=\"box-image\" >\n                <img loading=\"lazy\" decoding=\"async\" width=\"618\" height=\"699\" src=\"https:\/\/laovarustus.ee\/wp-content\/uploads\/2025\/04\/download-1-8.png\" class=\"attachment-large size-large\" alt=\"\" ids=\"2797,2798,2799,2800,2801,2802,2803\" type=\"grid\" grid=\"6\" grid_height=\"400px\" srcset=\"https:\/\/laovarustus.ee\/wp-content\/uploads\/2025\/04\/download-1-8.png 618w, https:\/\/laovarustus.ee\/wp-content\/uploads\/2025\/04\/download-1-8-354x400.png 354w\" sizes=\"auto, (max-width: 618px) 100vw, 618px\" \/>                                  <div class=\"overlay fill\"\n                      style=\"background-color: rgba(0,0,0,.15)\">\n                  <\/div>\n                                                              <\/div>\n              <div class=\"box-text text-left dark\" >\n                 <p><\/p>\n              <\/div>\n            <\/div>\n            <\/a>          <\/div>\n         <\/div><div class=\"gallery-col col grid-col grid-col-1-2 large-3 medium-6\" >\n          <div class=\"col-inner\">\n            <a class=\"image-lightbox lightbox-gallery\" href=\"https:\/\/laovarustus.ee\/wp-content\/uploads\/2025\/04\/download-2.jpg\" title=\"\">            <div class=\"box has-hover gallery-box box-overlay dark box-text-center\">\n              <div class=\"box-image\" >\n                <img loading=\"lazy\" decoding=\"async\" width=\"686\" height=\"388\" src=\"https:\/\/laovarustus.ee\/wp-content\/uploads\/2025\/04\/download-2.jpg\" class=\"attachment-large size-large\" alt=\"\" ids=\"2797,2798,2799,2800,2801,2802,2803\" type=\"grid\" grid=\"6\" grid_height=\"400px\" \/>                                  <div class=\"overlay fill\"\n                      style=\"background-color: rgba(0,0,0,.15)\">\n                  <\/div>\n                                                              <\/div>\n              <div class=\"box-text text-left dark\" >\n                 <p><\/p>\n              <\/div>\n            <\/div>\n            <\/a>          <\/div>\n         <\/div><div class=\"gallery-col col grid-col grid-col-1-2 large-3 medium-6\" >\n          <div class=\"col-inner\">\n            <a class=\"image-lightbox lightbox-gallery\" href=\"https:\/\/laovarustus.ee\/wp-content\/uploads\/2025\/04\/download-2-7.png\" title=\"\">            <div class=\"box has-hover gallery-box box-overlay dark box-text-center\">\n              <div class=\"box-image\" >\n                <img loading=\"lazy\" decoding=\"async\" width=\"515\" height=\"686\" src=\"https:\/\/laovarustus.ee\/wp-content\/uploads\/2025\/04\/download-2-7.png\" class=\"attachment-large size-large\" alt=\"\" ids=\"2797,2798,2799,2800,2801,2802,2803\" type=\"grid\" grid=\"6\" grid_height=\"400px\" srcset=\"https:\/\/laovarustus.ee\/wp-content\/uploads\/2025\/04\/download-2-7.png 515w, https:\/\/laovarustus.ee\/wp-content\/uploads\/2025\/04\/download-2-7-300x400.png 300w\" sizes=\"auto, (max-width: 515px) 100vw, 515px\" \/>                                  <div class=\"overlay fill\"\n                      style=\"background-color: rgba(0,0,0,.15)\">\n                  <\/div>\n                                                              <\/div>\n              <div class=\"box-text text-left dark\" >\n                 <p><\/p>\n              <\/div>\n            <\/div>\n            <\/a>          <\/div>\n         <\/div><div class=\"gallery-col col grid-col grid-col-1-2 large-3 medium-6\" >\n          <div class=\"col-inner\">\n            <a class=\"image-lightbox lightbox-gallery\" href=\"https:\/\/laovarustus.ee\/wp-content\/uploads\/2025\/04\/download-7-3-1400x695.png\" title=\"\">            <div class=\"box has-hover gallery-box box-overlay dark box-text-center\">\n              <div class=\"box-image\" >\n                <img loading=\"lazy\" decoding=\"async\" width=\"1020\" height=\"506\" src=\"https:\/\/laovarustus.ee\/wp-content\/uploads\/2025\/04\/download-7-3-1400x695.png\" class=\"attachment-large size-large\" alt=\"\" ids=\"2797,2798,2799,2800,2801,2802,2803\" type=\"grid\" grid=\"6\" grid_height=\"400px\" srcset=\"https:\/\/laovarustus.ee\/wp-content\/uploads\/2025\/04\/download-7-3-1400x695.png 1400w, https:\/\/laovarustus.ee\/wp-content\/uploads\/2025\/04\/download-7-3-800x397.png 800w, https:\/\/laovarustus.ee\/wp-content\/uploads\/2025\/04\/download-7-3-768x381.png 768w, https:\/\/laovarustus.ee\/wp-content\/uploads\/2025\/04\/download-7-3.png 1532w\" sizes=\"auto, (max-width: 1020px) 100vw, 1020px\" \/>                                  <div class=\"overlay fill\"\n                      style=\"background-color: rgba(0,0,0,.15)\">\n                  <\/div>\n                                                              <\/div>\n              <div class=\"box-text text-left dark\" >\n                 <p><\/p>\n              <\/div>\n            <\/div>\n            <\/a>          <\/div>\n         <\/div><div class=\"gallery-col col grid-col grid-col-1-2 large-3 medium-6\" >\n          <div class=\"col-inner\">\n            <a class=\"image-lightbox lightbox-gallery\" href=\"https:\/\/laovarustus.ee\/wp-content\/uploads\/2025\/04\/download-3.jpg\" title=\"\">            <div class=\"box has-hover gallery-box box-overlay dark box-text-center\">\n              <div class=\"box-image\" >\n                <img loading=\"lazy\" decoding=\"async\" width=\"673\" height=\"356\" src=\"https:\/\/laovarustus.ee\/wp-content\/uploads\/2025\/04\/download-3.jpg\" class=\"attachment-large size-large\" alt=\"\" ids=\"2797,2798,2799,2800,2801,2802,2803\" type=\"grid\" grid=\"6\" grid_height=\"400px\" \/>                                  <div class=\"overlay fill\"\n                      style=\"background-color: rgba(0,0,0,.15)\">\n                  <\/div>\n                                                              <\/div>\n              <div class=\"box-text text-left dark\" >\n                 <p><\/p>\n              <\/div>\n            <\/div>\n            <\/a>          <\/div>\n         <\/div><div class=\"gallery-col col grid-col grid-col-1-2 large-3 medium-6\" >\n          <div class=\"col-inner\">\n            <a class=\"image-lightbox lightbox-gallery\" href=\"https:\/\/laovarustus.ee\/wp-content\/uploads\/2025\/04\/download-19.png\" title=\"\">            <div class=\"box has-hover gallery-box box-overlay dark box-text-center\">\n              <div class=\"box-image\" >\n                <img loading=\"lazy\" decoding=\"async\" width=\"514\" height=\"773\" src=\"https:\/\/laovarustus.ee\/wp-content\/uploads\/2025\/04\/download-19.png\" class=\"attachment-large size-large\" alt=\"\" ids=\"2797,2798,2799,2800,2801,2802,2803\" type=\"grid\" grid=\"6\" grid_height=\"400px\" srcset=\"https:\/\/laovarustus.ee\/wp-content\/uploads\/2025\/04\/download-19.png 514w, https:\/\/laovarustus.ee\/wp-content\/uploads\/2025\/04\/download-19-266x400.png 266w\" sizes=\"auto, (max-width: 514px) 100vw, 514px\" \/>                                  <div class=\"overlay fill\"\n                      style=\"background-color: rgba(0,0,0,.15)\">\n                  <\/div>\n                                                              <\/div>\n              <div class=\"box-text text-left dark\" >\n                 <p><\/p>\n              <\/div>\n            <\/div>\n            <\/a>          <\/div>\n         <\/div><\/div>\n\n\n\t\t<\/div>\n\t\t\t\t\t<\/div>\n\n\t\n\n<\/div>\n\n\t\t<\/div>\n\n\t\t\n<style>\n#section_2048125269 {\n  padding-top: 35px;\n  padding-bottom: 35px;\n  background-color: rgb(208, 208, 208);\n}\n#section_2048125269 .section-bg-overlay {\n  background-color: rgba(255, 255, 255, 0.85);\n}\n<\/style>\n\t<\/section>\n\t\n\n\t<section class=\"section\" id=\"section_380256493\">\n\t\t<div class=\"section-bg fill\" >\n\t\t\t\t\t\t\t\t\t\n\t\t\t\n\n\t\t<\/div>\n\n\t\t\n\n\t\t<div class=\"section-content relative\">\n\t\t\t\n\n<div class=\"row\"  id=\"row-1215488297\">\n\n\n\t<div id=\"col-544093365\" class=\"col small-12 large-12\"  >\n\t\t\t\t<div class=\"col-inner\"  >\n\t\t\t\n\t\t\t\n\n<div class=\"container section-title-container\" ><h3 class=\"section-title section-title-center\"><b aria-hidden=\"true\"><\/b><span class=\"section-title-main\" >Ota yhteytt\u00e4!<\/span><b aria-hidden=\"true\"><\/b><\/h3><\/div>\n\n\n<div class=\"wpcf7 no-js\" id=\"wpcf7-f2831-o1\" lang=\"fi\" dir=\"ltr\" data-wpcf7-id=\"2831\">\n<div class=\"screen-reader-response\"><p role=\"status\" aria-live=\"polite\" aria-atomic=\"true\"><\/p> <ul><\/ul><\/div>\n<form action=\"\/fi\/wp-json\/wp\/v2\/pages\/2795#wpcf7-f2831-o1\" method=\"post\" class=\"wpcf7-form init\" aria-label=\"Yhteydenottolomake\" novalidate=\"novalidate\" data-status=\"init\">\n<fieldset class=\"hidden-fields-container\"><input type=\"hidden\" name=\"_wpcf7\" value=\"2831\" \/><input type=\"hidden\" name=\"_wpcf7_version\" value=\"6.1.5\" \/><input type=\"hidden\" name=\"_wpcf7_locale\" value=\"fi\" \/><input type=\"hidden\" name=\"_wpcf7_unit_tag\" value=\"wpcf7-f2831-o1\" \/><input type=\"hidden\" name=\"_wpcf7_container_post\" value=\"0\" \/><input type=\"hidden\" name=\"_wpcf7_posted_data_hash\" value=\"\" \/>\n<\/fieldset>\n<p><label> Nimi<br \/>\n<span class=\"wpcf7-form-control-wrap\" data-name=\"your-name\"><input size=\"40\" maxlength=\"400\" class=\"wpcf7-form-control wpcf7-text wpcf7-validates-as-required\" autocomplete=\"name\" aria-required=\"true\" aria-invalid=\"false\" value=\"\" type=\"text\" name=\"your-name\" \/><\/span> <\/label>\n<\/p>\n<p><label> S\u00e4hk\u00f6posti<br \/>\n<span class=\"wpcf7-form-control-wrap\" data-name=\"your-email\"><input size=\"40\" maxlength=\"400\" class=\"wpcf7-form-control wpcf7-email wpcf7-validates-as-required wpcf7-text wpcf7-validates-as-email\" autocomplete=\"email\" aria-required=\"true\" aria-invalid=\"false\" value=\"\" type=\"email\" name=\"your-email\" \/><\/span> <\/label>\n<\/p>\n<p><label> S\u00e4hk\u00f6postin aihe<br \/>\n<span class=\"wpcf7-form-control-wrap\" data-name=\"your-subject\"><input size=\"40\" maxlength=\"400\" class=\"wpcf7-form-control wpcf7-text wpcf7-validates-as-required\" aria-required=\"true\" aria-invalid=\"false\" value=\"\" type=\"text\" name=\"your-subject\" \/><\/span> <\/label>\n<\/p>\n<p><label> Viestisi<br \/>\n<span class=\"wpcf7-form-control-wrap\" data-name=\"your-message\"><textarea cols=\"40\" rows=\"10\" maxlength=\"2000\" class=\"wpcf7-form-control wpcf7-textarea\" aria-invalid=\"false\" name=\"your-message\"><\/textarea><\/span> <\/label>\n<\/p>\n<p><input class=\"wpcf7-form-control wpcf7-submit has-spinner\" type=\"submit\" value=\"L\u00e4het\u00e4\" \/>\n<\/p><div class=\"wpcf7-response-output\" aria-hidden=\"true\"><\/div>\n<\/form>\n<\/div>\n\n\n\n\t\t<\/div>\n\t\t\t\t\t<\/div>\n\n\t\n\n<\/div>\n\n\t\t<\/div>\n\n\t\t\n<style>\n#section_380256493 {\n  padding-top: 30px;\n  padding-bottom: 30px;\n}\n<\/style>\n\t<\/section>\n\t\n\n","protected":false},"excerpt":{"rendered":"","protected":false},"author":1,"featured_media":0,"parent":0,"menu_order":0,"comment_status":"closed","ping_status":"closed","template":"","meta":{"om_disable_all_campaigns":false,"_monsterinsights_skip_tracking":false,"_monsterinsights_sitenote_active":false,"_monsterinsights_sitenote_note":"","_monsterinsights_sitenote_category":0,"footnotes":""},"class_list":["post-2795","page","type-page","status-publish","hentry"],"aioseo_notices":[],"_links":{"self":[{"href":"https:\/\/laovarustus.ee\/fi\/wp-json\/wp\/v2\/pages\/2795","targetHints":{"allow":["GET"]}}],"collection":[{"href":"https:\/\/laovarustus.ee\/fi\/wp-json\/wp\/v2\/pages"}],"about":[{"href":"https:\/\/laovarustus.ee\/fi\/wp-json\/wp\/v2\/types\/page"}],"author":[{"embeddable":true,"href":"https:\/\/laovarustus.ee\/fi\/wp-json\/wp\/v2\/users\/1"}],"replies":[{"embeddable":true,"href":"https:\/\/laovarustus.ee\/fi\/wp-json\/wp\/v2\/comments?post=2795"}],"version-history":[{"count":5,"href":"https:\/\/laovarustus.ee\/fi\/wp-json\/wp\/v2\/pages\/2795\/revisions"}],"predecessor-version":[{"id":2808,"href":"https:\/\/laovarustus.ee\/fi\/wp-json\/wp\/v2\/pages\/2795\/revisions\/2808"}],"wp:attachment":[{"href":"https:\/\/laovarustus.ee\/fi\/wp-json\/wp\/v2\/media?parent=2795"}],"curies":[{"name":"wp","href":"https:\/\/api.w.org\/{rel}","templated":true}]}}