{"id":2823,"date":"2025-04-11T11:57:49","date_gmt":"2025-04-11T11:57:49","guid":{"rendered":"https:\/\/laovarustus.ee\/tietosuojakaytanto\/"},"modified":"2026-03-02T15:48:36","modified_gmt":"2026-03-02T15:48:36","slug":"tietosuojakaytanto","status":"publish","type":"page","link":"https:\/\/laovarustus.ee\/fi\/tietosuojakaytanto\/","title":{"rendered":"Tietosuojak\u00e4yt\u00e4nt\u00f6"},"content":{"rendered":"\n<div class=\"row row-full-width\"  id=\"row-925537721\">\n\n\n\t<div id=\"col-971600403\" class=\"col small-12 large-12\"  >\n\t\t\t\t<div class=\"col-inner\"  >\n\t\t\t\n\t\t\t\n\n\t<div id=\"text-2429545173\" class=\"text\">\n\t\t\n\n<h1>Tietosuojak\u00e4yt\u00e4nt\u00f6 \u2014 Laovarustus O\u00dc<\/h1>\n<h2>Keit\u00e4 me olemme<\/h2>\n<p><strong>Laovarustus O\u00dc<\/strong><br>Verkkosivusto: <a href=\"https:\/\/laovarustus.ee\/fi\/\" target=\"_blank\" rel=\"noopener noreferrer\">https:\/\/laovarustus.ee<\/a><br>Rekisterinumero: 12353577<br>Osoite: Tallinna, Viro\n<\/p>\n<p>Tavoitteemme on suojata henkil\u00f6tietojasi ja kunnioittaa yksityisyytt\u00e4si.<\/p>\n<h2>Kommentit<\/h2>\n<p>Kun k\u00e4vij\u00e4t j\u00e4tt\u00e4v\u00e4t kommentteja verkkosivuillemme, ker\u00e4\u00e4mme kommenttilomakkeeseen sy\u00f6tetyt tiedot sek\u00e4 k\u00e4vij\u00e4n IP-osoitteen ja selaimen user-agent -tunnisteen roskapostin tunnistamisen helpottamiseksi.<\/p>\n<p>S\u00e4hk\u00f6postiosoitteestasi muodostettu anonyymi tiiviste (hash) voidaan l\u00e4hett\u00e4\u00e4 Gravatar-palvelulle sen tarkistamiseksi, k\u00e4yt\u00e4tk\u00f6 sit\u00e4. Heid\u00e4n tietosuojak\u00e4yt\u00e4nt\u00f6ns\u00e4 on saatavilla t\u00e4\u00e4ll\u00e4: <br><a href=\"https:\/\/automattic.com\/privacy\/\" target=\"_blank\" rel=\"noopener noreferrer\">https:\/\/automattic.com\/privacy\/<\/a>.\n<\/p>\n<p>Kun kommenttisi on hyv\u00e4ksytty, profiilikuvasi n\u00e4kyy julkisesti sen yhteydess\u00e4.<\/p>\n<h2>3. Meedia<\/h2>\n<p>Jos lataat kuvia verkkosivustolle, v\u00e4lt\u00e4 sellaisten tiedostojen lataamista, jotka sis\u00e4lt\u00e4v\u00e4t upotettua sijaintitietoa (EXIF GPS). K\u00e4ytt\u00e4j\u00e4t voivat ladata ja poimia n\u00e4m\u00e4 tiedot. <\/p>\n<h2>Ev\u00e4steet<\/h2>\n<p>K\u00e4yt\u00e4mme ev\u00e4steit\u00e4 parantaaksemme selauskokemustasi.<\/p>\n<h3>Kommenttien ev\u00e4steet<\/h3>\n<p>Jos j\u00e4t\u00e4t kommentin, voit halutessasi tallentaa nimesi, s\u00e4hk\u00f6postiosoitteesi ja verkkosivustosi ev\u00e4steisiin k\u00e4ytt\u00f6mukavuuden vuoksi. N\u00e4m\u00e4 ev\u00e4steet ovat voimassa 1 vuoden. <\/p>\n<h3>Kirjautumisev\u00e4steet<\/h3>\n<p>Kun vierailet kirjautumissivullamme, asetamme v\u00e4liaikaisen ev\u00e4steen tarkistaaksemme, hyv\u00e4ksyyk\u00f6 selaimesi ev\u00e4steet.<\/p>\n<p>Kirjautumisen yhteydess\u00e4 tallennetaan useita ev\u00e4steit\u00e4 kirjautumistietojesi ja n\u00e4ytt\u00f6asetustesi s\u00e4ilytt\u00e4miseksi:<\/p>\n<ul>\n<li>Kirjautumisev\u00e4steet ovat voimassa 2 p\u00e4iv\u00e4\u00e4<\/li>\n<li>N\u00e4ytt\u00f6asetusten ev\u00e4steet ovat voimassa 1 vuoden<\/li>\n<li>Jos valitset \u201dMuista minut\u201d, kirjautuminen pysyy voimassa 2 viikkoa<\/li>\n<\/ul>\n<h3>Muokkaamisen ev\u00e4steet<\/h3>\n<p>Kun muokkaat tai julkaiset artikkelin, selaimeesi tallennetaan lis\u00e4ev\u00e4ste, joka sis\u00e4lt\u00e4\u00e4 julkaisun tunnisteen (ID). Se vanhenee 1 p\u00e4iv\u00e4n kuluttua. <\/p>\n<h2>Upotettu sis\u00e4lt\u00f6<\/h2>\n<p>T\u00e4m\u00e4n sivuston artikkelit voivat sis\u00e4lt\u00e4\u00e4 upotettua sis\u00e4lt\u00f6\u00e4 (videoita, kuvia, artikkeleita jne.). T\u00e4llainen sis\u00e4lt\u00f6 toimii t\u00e4sm\u00e4lleen samalla tavalla kuin jos olisit vieraillut alkuper\u00e4isell\u00e4 verkkosivustolla. <\/p>\n<p>N\u00e4m\u00e4 verkkosivustot voivat ker\u00e4t\u00e4 tietoja sinusta, k\u00e4ytt\u00e4\u00e4 ev\u00e4steit\u00e4, integroida kolmansien osapuolten seurantaa ja seurata vuorovaikutustasi upotetun sis\u00e4ll\u00f6n kanssa, mukaan lukien toimintasi seuraaminen, jos olet kirjautunut kyseiselle verkkosivustolle.<\/p>\n<h2>Kenen kanssa jaamme tietojasi<\/h2>\n<p>Jos pyyd\u00e4t salasanan palauttamista, palautuss\u00e4hk\u00f6posti sis\u00e4lt\u00e4\u00e4 IP-osoitteesi.<\/p>\n<p>Voimme my\u00f6s jakaa tiettyj\u00e4 tietoja:<\/p>\n<ul>\n<li>automatisoitujen roskapostin torjuntapalvelujen kanssa<\/li>\n<li>maksupalveluntarjoajien kanssa<\/li>\n<li>toimitus- ja logistiikkakumppaneiden kanssa<\/li>\n<li>analytiikkapalveluntarjoajien kanssa<\/li>\n<\/ul>\n<h2>Kuinka kauan s\u00e4ilyt\u00e4mme tietojasi<\/h2>\n<p>Kommentit: s\u00e4ilytet\u00e4\u00e4n toistaiseksi, jotta voimme tunnistaa ja hyv\u00e4ksy\u00e4 tulevat kommentit automaattisesti.<\/p>\n<p><strong>K\u00e4ytt\u00e4j\u00e4profiilit<\/strong>: jos rekister\u00f6it tilin, tallennamme antamasi henkil\u00f6tiedot. Voit milloin tahansa tarkastella, muokata tai poistaa tietojasi (paitsi k\u00e4ytt\u00e4j\u00e4nime\u00e4). My\u00f6s verkkosivuston yll\u00e4pit\u00e4j\u00e4t voivat k\u00e4ytt\u00e4\u00e4 n\u00e4it\u00e4 tietoja.  <\/p>\n<h2>Oikeutesi omiin tietoihisi<\/h2>\n<p>Voit pyyt\u00e4\u00e4:<\/p>\n<ul>\n<li>kopion sinua koskevista henkil\u00f6tiedoista<\/li>\n<li>tietojen oikaisemista tai poistamista<\/li>\n<li>k\u00e4sittelyn rajoittamista<\/li>\n<li>suostumuksen peruuttamista<\/li>\n<li>tietojen siirt\u00e4mist\u00e4 (vientia)<\/li>\n<\/ul>\n<p>T\u00e4m\u00e4 ei koske tietoja, joita on s\u00e4ilytett\u00e4v\u00e4 lakis\u00e4\u00e4teisist\u00e4, hallinnollisista tai turvallisuussyist\u00e4.<\/p>\n<p>Lis\u00e4kysymysten osalta ota yhteytt\u00e4: <a href=\"mailto:info@laovarustus.ee\">info@laovarustus.ee<\/a><\/p>\n<h2>Minne tietojasi l\u00e4hetet\u00e4\u00e4n<\/h2>\n<p>Kommentit ja jotkin k\u00e4ytt\u00e4j\u00e4n toiminnot voidaan tarkistaa automatisoitujen roskapostin tunnistuspalvelujen avulla.<\/p>\n<p>Jos teet tilauksen, tietojasi voidaan jakaa my\u00f6s:<\/p>\n<ul>\n<li>maksupalveluntarjoajien kanssa<\/li>\n<li>toimitusyritysten kanssa<\/li>\n<li>kirjanpitoj\u00e4rjestelmien kanssa<\/li>\n<\/ul>\n<h2>Yhteystiedot<\/h2>\n<p>Jos sinulla on kysytt\u00e4v\u00e4\u00e4 t\u00e4st\u00e4 tietosuojak\u00e4yt\u00e4nn\u00f6st\u00e4 tai haluat k\u00e4ytt\u00e4\u00e4 oikeuksiasi, ota yhteytt\u00e4:<\/p>\n<p><strong>Laovarustus O\u00dc<\/strong><br>S\u00e4hk\u00f6posti: <a href=\"mailto:info@laovarustus.ee\">info@laovarustus.ee<\/a><br>Verkkosivusto: <a href=\"https:\/\/laovarustus.ee\/fi\/\" target=\"_blank\" rel=\"noopener noreferrer\">https:\/\/laovarustus.ee<\/a><\/p>\n\n\t\t\n<style>\n#text-2429545173 {\n  text-align: left;\n}\n<\/style>\n\t<\/div>\n\t\n\n\t\t<\/div>\n\t\t\t\t\t<\/div>\n\n\t\n\n\n<style>\n#row-925537721 > .col > .col-inner {\n  padding: 15px 0px 0px 0px;\n}\n<\/style>\n<\/div>\n\n","protected":false},"excerpt":{"rendered":"","protected":false},"author":1,"featured_media":0,"parent":0,"menu_order":0,"comment_status":"closed","ping_status":"open","template":"","meta":{"om_disable_all_campaigns":false,"_monsterinsights_skip_tracking":false,"_monsterinsights_sitenote_active":false,"_monsterinsights_sitenote_note":"","_monsterinsights_sitenote_category":0,"footnotes":""},"class_list":["post-2823","page","type-page","status-publish","hentry"],"aioseo_notices":[],"_links":{"self":[{"href":"https:\/\/laovarustus.ee\/fi\/wp-json\/wp\/v2\/pages\/2823","targetHints":{"allow":["GET"]}}],"collection":[{"href":"https:\/\/laovarustus.ee\/fi\/wp-json\/wp\/v2\/pages"}],"about":[{"href":"https:\/\/laovarustus.ee\/fi\/wp-json\/wp\/v2\/types\/page"}],"author":[{"embeddable":true,"href":"https:\/\/laovarustus.ee\/fi\/wp-json\/wp\/v2\/users\/1"}],"replies":[{"embeddable":true,"href":"https:\/\/laovarustus.ee\/fi\/wp-json\/wp\/v2\/comments?post=2823"}],"version-history":[{"count":1,"href":"https:\/\/laovarustus.ee\/fi\/wp-json\/wp\/v2\/pages\/2823\/revisions"}],"predecessor-version":[{"id":2824,"href":"https:\/\/laovarustus.ee\/fi\/wp-json\/wp\/v2\/pages\/2823\/revisions\/2824"}],"wp:attachment":[{"href":"https:\/\/laovarustus.ee\/fi\/wp-json\/wp\/v2\/media?parent=2823"}],"curies":[{"name":"wp","href":"https:\/\/api.w.org\/{rel}","templated":true}]}}